{"id":12520,"date":"2026-03-31T14:09:34","date_gmt":"2026-03-31T12:09:34","guid":{"rendered":"https:\/\/r4sgroup.com\/solucions-3\/"},"modified":"2026-04-09T15:27:40","modified_gmt":"2026-04-09T13:27:40","slug":"solucions","status":"publish","type":"page","link":"https:\/\/r4sgroup.com\/es\/solucions\/","title":{"rendered":"Soluciones [New]"},"content":{"rendered":"\n<div class=\"wp-block-cover alignfull is-light has-custom-content-position is-position-bottom-left\" style=\"min-height:360px;aspect-ratio:unset;\"><img loading=\"lazy\" decoding=\"async\" width=\"1133\" height=\"850\" class=\"wp-block-cover__image-background wp-image-12609 size-full\" alt=\"\" src=\"https:\/\/r4sgroup.com\/wp-content\/uploads\/2026\/04\/P2110081.png\" style=\"object-position:61% 57%\" data-object-fit=\"cover\" data-object-position=\"61% 57%\" srcset=\"https:\/\/r4sgroup.com\/wp-content\/uploads\/2026\/04\/P2110081.png 1133w, https:\/\/r4sgroup.com\/wp-content\/uploads\/2026\/04\/P2110081-300x225.png 300w, https:\/\/r4sgroup.com\/wp-content\/uploads\/2026\/04\/P2110081-1024x768.png 1024w, https:\/\/r4sgroup.com\/wp-content\/uploads\/2026\/04\/P2110081-768x576.png 768w\" sizes=\"auto, (max-width: 1133px) 100vw, 1133px\" \/><span aria-hidden=\"true\" class=\"wp-block-cover__background has-background-dim-0 has-background-dim\"><\/span><div class=\"wp-block-cover__inner-container is-layout-flow wp-block-cover-is-layout-flow\">\n<h1 class=\"wp-block-heading has-text-align-left has-huge-font-size margin-bottom-none padding-bottom-none\"><mark style=\"background-color:rgba(0, 0, 0, 0)\" class=\"has-inline-color has-white-color\">Nuestras soluciones<\/mark><\/h1>\n\n\n\n<p class=\"undefined margin-top-none\"><mark style=\"background-color:rgba(0, 0, 0, 0)\" class=\"has-inline-color has-white-color\"><strong>Servicio personalizado, flexible y adaptado a las necesidades de cada organizaci\u00f3n<\/strong><\/mark><\/p>\n<\/div><\/div>\n\n\n<div id=\"anchor_navigation-block_0f938cf05ce3373ecb6f207881d70bdf\" class=\"anchor_navigation anchor-navigation wide alignwide margin-top-xxl\">\n\n    <div class=\"cat-filter\">\n\n    <div class=\"cat-filter__title\">\n      Descubre\n    <\/div>\n\n          <div class=\"cat-filter__list js-cat-bar\">\n        <a href=\"#\" class=\"cat-filter__item cat-filter__item--trigger js-cat-bar-trigger\">Descubre<\/a>\n\n        <div class=\"cat-filter__list-inner\">\n                      <a class=\"cat-filter__item\" href=\"https:\/\/r4sgroup.com\/es\/impact-business-strategy\/\">Impact Business Strategy<\/a>\n                      <a class=\"cat-filter__item\" href=\"https:\/\/r4sgroup.com\/es\/sustainability-activation\/\">Sustainability Activation<\/a>\n                      <a class=\"cat-filter__item\" href=\"https:\/\/r4sgroup.com\/es\/resilient-supply-chains\/\">Resilient Supply Chains<\/a>\n                      <a class=\"cat-filter__item\" href=\"https:\/\/r4sgroup.com\/es\/inclusive-business\/\">Inclusive Business<\/a>\n                  <\/div>\n      <\/div>\n    \n  <\/div>\n<\/div>\n\n\n\n<div class=\"wp-block-media-text alignfull is-stacked-on-mobile\" id=\"impact\"><figure class=\"wp-block-media-text__media\"><a href=\"https:\/\/r4sgroup.com\/es\/impact-business-strategy\/\"><img loading=\"lazy\" decoding=\"async\" width=\"1024\" height=\"683\" src=\"https:\/\/r4sgroup.com\/wp-content\/uploads\/2026\/03\/rus-burkhanov-building-4803602-1024x683.jpg\" alt=\"\" class=\"wp-image-12090 size-full\" srcset=\"https:\/\/r4sgroup.com\/wp-content\/uploads\/2026\/03\/rus-burkhanov-building-4803602-1024x683.jpg 1024w, https:\/\/r4sgroup.com\/wp-content\/uploads\/2026\/03\/rus-burkhanov-building-4803602-300x200.jpg 300w, https:\/\/r4sgroup.com\/wp-content\/uploads\/2026\/03\/rus-burkhanov-building-4803602-768x512.jpg 768w, https:\/\/r4sgroup.com\/wp-content\/uploads\/2026\/03\/rus-burkhanov-building-4803602-1536x1024.jpg 1536w, https:\/\/r4sgroup.com\/wp-content\/uploads\/2026\/03\/rus-burkhanov-building-4803602-2048x1365.jpg 2048w\" sizes=\"auto, (max-width: 1024px) 100vw, 1024px\" \/><\/a><\/figure><div class=\"wp-block-media-text__content\">\n<p class=\"has-medium-font-size margin-bottom-none\"><strong><mark style=\"background-color:rgba(0, 0, 0, 0)\" class=\"has-inline-color has-primary-color\"><a href=\"https:\/\/r4sgroup.com\/es\/impact-business-strategy\/\" data-type=\"page\" data-id=\"11811\">Impact Business Strategy<\/a><\/mark><\/strong><\/p>\n\n\n\n<p class=\"undefined margin-top-none\"><strong><mark style=\"background-color:rgba(0, 0, 0, 0)\" class=\"has-inline-color has-primary-60-color\">Connect purpose to impact<\/mark><\/strong><\/p>\n\n\n\n<p><strong>Evolucionamos el negocio anclando el impacto positivo como factor competitivo diferencial.<\/strong><\/p>\n\n\n\n<p>Os acompa\u00f1amos a hacer de la sostenibilidad una palanca de innovaci\u00f3n y competitividad, a definir un rumbo estrat\u00e9gico basado en el impacto positivo y a impulsar una evoluci\u00f3n coherente de la cultura corporativa y del modelo organizativo.<\/p>\n<\/div><\/div>\n\n\n\n<div class=\"wp-block-media-text alignfull has-media-on-the-right is-stacked-on-mobile has-dark-grey-10-background-color has-background\" id=\"sustainability\"><div class=\"wp-block-media-text__content\">\n<p class=\"has-medium-font-size margin-bottom-none\"><strong><mark style=\"background-color:rgba(0, 0, 0, 0)\" class=\"has-inline-color has-forest-green-color\"><a href=\"https:\/\/r4sgroup.com\/es\/sustainability-activation\/\" data-type=\"page\" data-id=\"11816\">Sustainability Activation<\/a><\/mark><\/strong><\/p>\n\n\n\n<p class=\"undefined margin-top-none\"><strong><mark style=\"background-color:rgba(0, 0, 0, 0)\" class=\"has-inline-color has-forest-green-60-color\">Unlock real change<\/mark><\/strong><\/p>\n\n\n\n<p><strong>Activamos, medimos y logramos la certificaci\u00f3n de la sostenibilidad con experiencia y personalizaci\u00f3n para que la transformaci\u00f3n sea tangible y duradera.<\/strong><\/p>\n\n\n\n<p>Os ayudamos a integrar la sostenibilidad en la toma de decisiones y en la gesti\u00f3n de la organizaci\u00f3n, a traducirla en prioridades y acciones concretas, y a preparar datos, controles y evidencias para afrontar con garant\u00edas procesos de certificaci\u00f3n, evaluaci\u00f3n y reporting.<\/p>\n<\/div><figure class=\"wp-block-media-text__media\"><a href=\"https:\/\/r4sgroup.com\/es\/sustainability-activation\/\"><img loading=\"lazy\" decoding=\"async\" width=\"1920\" height=\"1279\" src=\"https:\/\/r4sgroup.com\/wp-content\/uploads\/2026\/03\/Disseny-sense-titol-7.png\" alt=\"\" class=\"wp-image-12125 size-full\" srcset=\"https:\/\/r4sgroup.com\/wp-content\/uploads\/2026\/03\/Disseny-sense-titol-7.png 1920w, https:\/\/r4sgroup.com\/wp-content\/uploads\/2026\/03\/Disseny-sense-titol-7-300x200.png 300w, https:\/\/r4sgroup.com\/wp-content\/uploads\/2026\/03\/Disseny-sense-titol-7-1024x682.png 1024w, https:\/\/r4sgroup.com\/wp-content\/uploads\/2026\/03\/Disseny-sense-titol-7-768x512.png 768w, https:\/\/r4sgroup.com\/wp-content\/uploads\/2026\/03\/Disseny-sense-titol-7-1536x1023.png 1536w\" sizes=\"auto, (max-width: 1920px) 100vw, 1920px\" \/><\/a><\/figure><\/div>\n\n\n\n<div class=\"wp-block-media-text alignfull is-stacked-on-mobile\" id=\"supply\"><figure class=\"wp-block-media-text__media\"><a href=\"https:\/\/r4sgroup.com\/es\/resilient-supply-chains\/\"><img loading=\"lazy\" decoding=\"async\" width=\"1024\" height=\"683\" src=\"https:\/\/r4sgroup.com\/wp-content\/uploads\/2026\/03\/Disseny-sense-titol-8-1024x683.png\" alt=\"\" class=\"wp-image-12137 size-full\" srcset=\"https:\/\/r4sgroup.com\/wp-content\/uploads\/2026\/03\/Disseny-sense-titol-8-1024x683.png 1024w, https:\/\/r4sgroup.com\/wp-content\/uploads\/2026\/03\/Disseny-sense-titol-8-300x200.png 300w, https:\/\/r4sgroup.com\/wp-content\/uploads\/2026\/03\/Disseny-sense-titol-8-768x512.png 768w, https:\/\/r4sgroup.com\/wp-content\/uploads\/2026\/03\/Disseny-sense-titol-8-1536x1024.png 1536w, https:\/\/r4sgroup.com\/wp-content\/uploads\/2026\/03\/Disseny-sense-titol-8.png 1920w\" sizes=\"auto, (max-width: 1024px) 100vw, 1024px\" \/><\/a><\/figure><div class=\"wp-block-media-text__content\">\n<p class=\"has-medium-font-size margin-bottom-none\"><strong><mark style=\"background-color:rgba(0, 0, 0, 0)\" class=\"has-inline-color has-parlsey-green-80-color\"><a href=\"https:\/\/r4sgroup.com\/es\/resilient-supply-chains\/\" data-type=\"page\" data-id=\"11820\">Resilient Supply Chains<\/a><\/mark><\/strong><\/p>\n\n\n\n<p class=\"undefined margin-top-none\"><strong><strong><mark style=\"background-color:rgba(0, 0, 0, 0)\" class=\"has-inline-color has-parlsey-green-40-color\">From suppliers to partners<\/mark><\/strong><\/strong><\/p>\n\n\n\n<p><strong>Construimos cadenas de valor m\u00e1s competitivas, inclusivas y respetuosas con el medioambiente.<\/strong><\/p>\n\n\n\n<p>Os acompa\u00f1amos a anticipar disrupciones y proteger la continuidad operativa, a responder con solvencia a la presi\u00f3n regulatoria y a las exigencias de las grandes empresas clientes, y a impulsar la transformaci\u00f3n sostenible desde el core business.<\/p>\n<\/div><\/div>\n\n\n\n<div class=\"wp-block-media-text alignfull has-media-on-the-right is-stacked-on-mobile has-dark-grey-10-background-color has-background\" id=\"inclusive\"><div class=\"wp-block-media-text__content\">\n<p class=\"has-medium-font-size margin-bottom-none\"><strong><mark style=\"background-color:rgba(0, 0, 0, 0)\" class=\"has-inline-color has-dark-grey-color\"><a href=\"https:\/\/r4sgroup.com\/es\/inclusive-business\/\" data-type=\"page\" data-id=\"11767\">Inclusive Business<\/a><\/mark><\/strong><\/p>\n\n\n\n<p class=\"undefined margin-top-none\"><strong><strong><mark style=\"background-color:rgba(0, 0, 0, 0)\" class=\"has-inline-color has-dark-grey-40-color\">Build inclusive realities<\/mark><\/strong><\/strong><\/p>\n\n\n\n<p><strong>Resolvemos retos de inclusi\u00f3n social, informalidad y empleabilidad reforzando actividades de negocio con impacto ambiental positivo.<\/strong><\/p>\n\n\n\n<p>Dise\u00f1amos y activamos estrategias de negocio con impacto social y ambiental positivo, capaces de generar oportunidades econ\u00f3micas inclusivas, reforzar la cadena de valor y dar respuesta a nuevas exigencias de mercado y regulaci\u00f3n.<\/p>\n<\/div><figure class=\"wp-block-media-text__media\"><a href=\"https:\/\/r4sgroup.com\/es\/inclusive-business\/\"><img loading=\"lazy\" decoding=\"async\" width=\"1024\" height=\"682\" src=\"https:\/\/r4sgroup.com\/wp-content\/uploads\/2026\/03\/Banners_pilars_web-1024x682.png\" alt=\"\" class=\"wp-image-12237 size-full\" srcset=\"https:\/\/r4sgroup.com\/wp-content\/uploads\/2026\/03\/Banners_pilars_web-1024x682.png 1024w, https:\/\/r4sgroup.com\/wp-content\/uploads\/2026\/03\/Banners_pilars_web-300x200.png 300w, https:\/\/r4sgroup.com\/wp-content\/uploads\/2026\/03\/Banners_pilars_web-768x512.png 768w, https:\/\/r4sgroup.com\/wp-content\/uploads\/2026\/03\/Banners_pilars_web-1536x1023.png 1536w, https:\/\/r4sgroup.com\/wp-content\/uploads\/2026\/03\/Banners_pilars_web.png 1920w\" sizes=\"auto, (max-width: 1024px) 100vw, 1024px\" \/><\/a><\/figure><\/div>\n","protected":false},"excerpt":{"rendered":"<p>Impact Business Strategy Connect purpose to impact Evolucionamos el negocio anclando el impacto positivo como factor competitivo diferencial. Os acompa\u00f1amos a hacer de la sostenibilidad una palanca de innovaci\u00f3n y competitividad, a definir un rumbo estrat\u00e9gico basado en el impacto positivo y a impulsar una evoluci\u00f3n coherente de la cultura corporativa y del modelo organizativo. &hellip; <a href=\"https:\/\/r4sgroup.com\/es\/solucions\/\">Continuar<\/a><\/p>\n","protected":false},"author":1,"featured_media":0,"parent":0,"menu_order":0,"comment_status":"closed","ping_status":"closed","template":"","meta":{"_acf_changed":false,"footnotes":""},"class_list":["post-12520","page","type-page","status-publish","hentry"],"acf":[],"_links":{"self":[{"href":"https:\/\/r4sgroup.com\/es\/wp-json\/wp\/v2\/pages\/12520","targetHints":{"allow":["GET"]}}],"collection":[{"href":"https:\/\/r4sgroup.com\/es\/wp-json\/wp\/v2\/pages"}],"about":[{"href":"https:\/\/r4sgroup.com\/es\/wp-json\/wp\/v2\/types\/page"}],"author":[{"embeddable":true,"href":"https:\/\/r4sgroup.com\/es\/wp-json\/wp\/v2\/users\/1"}],"replies":[{"embeddable":true,"href":"https:\/\/r4sgroup.com\/es\/wp-json\/wp\/v2\/comments?post=12520"}],"version-history":[{"count":2,"href":"https:\/\/r4sgroup.com\/es\/wp-json\/wp\/v2\/pages\/12520\/revisions"}],"predecessor-version":[{"id":12612,"href":"https:\/\/r4sgroup.com\/es\/wp-json\/wp\/v2\/pages\/12520\/revisions\/12612"}],"wp:attachment":[{"href":"https:\/\/r4sgroup.com\/es\/wp-json\/wp\/v2\/media?parent=12520"}],"curies":[{"name":"wp","href":"https:\/\/api.w.org\/{rel}","templated":true}]}}