{"id":6810,"date":"2023-07-27T10:55:57","date_gmt":"2023-07-27T08:55:57","guid":{"rendered":"https:\/\/r4sgroup.com\/solucions\/assessoria-b-corp\/"},"modified":"2023-10-11T13:26:36","modified_gmt":"2023-10-11T11:26:36","slug":"assessoria-b-corp","status":"publish","type":"page","link":"https:\/\/r4sgroup.com\/es\/soluciones\/assessoria-b-corp\/","title":{"rendered":"Asesor\u00eda B Corp"},"content":{"rendered":"\n<div class=\"wp-block-cover alignfull is-light has-custom-content-position is-position-bottom-left\" style=\"min-height:60vh;aspect-ratio:unset;\"><span aria-hidden=\"true\" class=\"wp-block-cover__background has-black-background-color has-background-dim-0 has-background-dim\"><\/span><img loading=\"lazy\" decoding=\"async\" width=\"1620\" height=\"1080\" class=\"wp-block-cover__image-background wp-image-2556\" alt=\"\" src=\"https:\/\/r4sgroup.com\/wp-content\/uploads\/2022\/06\/6.jpg\" style=\"object-position:58% 69%\" data-object-fit=\"cover\" data-object-position=\"58% 69%\" srcset=\"https:\/\/r4sgroup.com\/wp-content\/uploads\/2022\/06\/6.jpg 1620w, https:\/\/r4sgroup.com\/wp-content\/uploads\/2022\/06\/6-300x200.jpg 300w, https:\/\/r4sgroup.com\/wp-content\/uploads\/2022\/06\/6-1024x683.jpg 1024w, https:\/\/r4sgroup.com\/wp-content\/uploads\/2022\/06\/6-768x512.jpg 768w, https:\/\/r4sgroup.com\/wp-content\/uploads\/2022\/06\/6-1536x1024.jpg 1536w\" sizes=\"auto, (max-width: 1620px) 100vw, 1620px\" \/><div class=\"wp-block-cover__inner-container is-layout-flow wp-block-cover-is-layout-flow\">\n<h1 class=\"wp-block-heading has-white-color has-text-color has-huge-font-size margin-top-xl margin-bottom-xl\" style=\"line-height:0.94\">Nuestras soluciones<\/h1>\n<\/div><\/div>\n\n\n<div id=\"block-breadcrumbs-block_cbc47335e528570ba60e1cf4ad7e50e2\" class=\"block-breadcrumbs breadcrumbs wide alignwide margin-top-xl margin-bottom-none\">\n   <nav aria-label=\"breadcrumbs\">\n    <ol class=\"breadcrumbs__list\"><li class=\"breadcrumbs__item\"><a href=\"https:\/\/r4sgroup.com\/es\/\">Inicio<\/a><\/li><\/ol>\n    <\/nav>\n<\/div>\n\n\n\n<h2 class=\"wp-block-heading alignwide has-primary-color has-text-color has-extra-large-font-size margin-top-xl margin-bottom-xxs\">Asesor\u00eda B Corp<\/h2>\n\n\n\n<p class=\"alignwide has-text-align-wide margin-top-none margin-bottom-m\">Como B Corp Way Partners<strong>, acompa\u00f1amos a las organizaciones a lo largo de todo el proceso de obtenci\u00f3n del certificado B Corp<\/strong>, desde el diagn\u00f3stico del estado de la situaci\u00f3n actual a trav\u00e9s del B Impact Assessment (BIA) hasta la identificaci\u00f3n e implementaci\u00f3n de las acciones de mejora necesarias para superar el est\u00e1ndar.<\/p>\n\n\n\n<div class=\"wp-block-columns alignwide margin-top-m is-layout-flex wp-container-core-columns-is-layout-28f84493 wp-block-columns-is-layout-flex\">\n<div class=\"wp-block-column is-layout-flow wp-block-column-is-layout-flow\"><div id=\"custom_accordion-block_d5690f7ae580b2d9343b2b2b3a8ce292\" class=\"custom_accordion custom-accordion full alignfull\">\n    \n<div id=\"accordion-item-block_491ee0376c0c3da8eb0b0493229e863a\" class=\"accordion-item js-accordion-item accordion-item full alignfull\">\n\n  <h3 class=\"accordion-item__title\"><a class=\"js-accordion-trigger accordion-item__trigger\" href=\"#\">Adecuaci\u00f3n a los nuevos est\u00e1ndares B Corp<\/a><\/h3>\n  <div class=\"accordion-item__content\">\n    \n\n<p>Acompa\u00f1amos a las empresas en el <strong>an\u00e1lisis de los nuevos requisitos de desempe\u00f1o que exige la certificaci\u00f3n B Corp,<\/strong> as\u00ed como en la planificaci\u00f3n y priorizaci\u00f3n de las necesidades de trabajo para cubrir los GAPs identificados, y el apoyo en la implementaci\u00f3n de las iniciativas y proyectos previstos para conseguir la certificaci\u00f3n o recertificaci\u00f3n.<\/p>\n\n\n\n<p>Desde R4S, nos mantenemos completamente al d\u00eda y estamos participando activamente en el proceso de desarrollo de los nuevos est\u00e1ndares, que entrar\u00e1n en vigor el 1 de enero del 2025.<\/p>\n\n\n  <\/div>\n\n<\/div>\n\n\n\n<div id=\"accordion-item-block_39fbf199cf11ada7bc556be5cc143077\" class=\"accordion-item js-accordion-item accordion-item full alignfull\">\n\n  <h3 class=\"accordion-item__title\"><a class=\"js-accordion-trigger accordion-item__trigger\" href=\"#\">Hoja de ruta B Corp<\/a><\/h3>\n  <div class=\"accordion-item__content\">\n    \n\n<p>Evaluamos el <strong>punto de partida de las empresas respecto al est\u00e1ndar de B Corp<\/strong>, incluyendo un an\u00e1lisis cualitativo de los puntos fuertes y de mejora; y co-construimos con los equipos la hoja de ruta necesaria para lograr la puntuaci\u00f3n m\u00ednima requerida; dando apoyo tambi\u00e9n en la toma de decisiones, la evaluaci\u00f3n del coste y la viabilidad de avanzar con la certificaci\u00f3n.<\/p>\n\n\n  <\/div>\n\n<\/div>\n\n\n\n<div id=\"accordion-item-block_26e4d5f8203dd2a2e3f87c306697ce96\" class=\"accordion-item js-accordion-item accordion-item full alignfull\">\n\n  <h3 class=\"accordion-item__title\"><a class=\"js-accordion-trigger accordion-item__trigger\" href=\"#\">Apoyo en el proceso de certificaci\u00f3n B Corp<\/a><\/h3>\n  <div class=\"accordion-item__content\">\n    \n\n<p>Acompa\u00f1amos a las organizaciones <strong>en el proceso de preparaci\u00f3n y revisi\u00f3n de la documentaci\u00f3n y datos necesarios para superar con \u00e9xito el proceso de verificaci\u00f3n con B Lab<\/strong> y damos apoyo en el proceso de auditor\u00eda, dando respuesta a los requerimientos de B Lab en cuanto a la carga de documentaci\u00f3n, as\u00ed como en las llamadas de verificaci\u00f3n.<\/p>\n\n\n  <\/div>\n\n<\/div>\n\n\n\n<\/div>\n\n<\/div>\n\n\n\n<div class=\"wp-block-column is-layout-flow wp-block-column-is-layout-flow\">\n<figure class=\"wp-block-image size-large\"><img loading=\"lazy\" decoding=\"async\" width=\"1024\" height=\"576\" src=\"https:\/\/r4sgroup.com\/wp-content\/uploads\/2023\/07\/servei-assesoria-b-corp-1024x576.webp\" alt=\"\" class=\"wp-image-6777\" srcset=\"https:\/\/r4sgroup.com\/wp-content\/uploads\/2023\/07\/servei-assesoria-b-corp-1024x576.webp 1024w, https:\/\/r4sgroup.com\/wp-content\/uploads\/2023\/07\/servei-assesoria-b-corp-300x169.webp 300w, https:\/\/r4sgroup.com\/wp-content\/uploads\/2023\/07\/servei-assesoria-b-corp-768x432.webp 768w, https:\/\/r4sgroup.com\/wp-content\/uploads\/2023\/07\/servei-assesoria-b-corp.webp 1200w\" sizes=\"auto, (max-width: 1024px) 100vw, 1024px\" \/><\/figure>\n<\/div>\n<\/div>\n\n\n\n<div class=\"wp-block-buttons margin-top-xl margin-bottom-xl is-content-justification-center is-layout-flex wp-container-core-buttons-is-layout-a89b3969 wp-block-buttons-is-layout-flex\">\n<div class=\"wp-block-button is-style-link-arrow-left\"><a class=\"wp-block-button__link has-primary-color has-white-background-color has-text-color has-background wp-element-button\" href=\"https:\/\/r4sgroup.com\/es\/soluciones\/\">Volver a soluciones<\/a><\/div>\n<\/div>\n\n\n\n<div class=\"wp-block-group alignwide margin-top-xxl margin-bottom-xxl is-layout-flow wp-block-group-is-layout-flow\">\n<h3 class=\"wp-block-heading alignfull has-text-align-center has-primary-color has-text-color has-extra-large-font-size margin-top-none margin-bottom-xs\">Proyectos recomendados<\/h3>\n\n\n<div id=\"projects_grid-block_97c36871a4415d6fe44ae3ab1999485b\" class=\"projects-grid block-post-grid alignfull\">\n\n  \n      <div id=\"js__ajax-posts-project\" class=\"post-grid__list\">\n              \n        <div class=\"post-grid__item\">\n  <!-- Component Card -->\n  <a href=\"https:\/\/r4sgroup.com\/es\/proyecto\/b-corp-desenvolupament-i-implementacio-de-lestrategia-de-sostenibilitat-2\/\" class=\"project-card\">\n    <div class=\"project-card__inner\">\n      <img loading=\"lazy\" decoding=\"async\" width=\"1024\" height=\"576\" src=\"https:\/\/r4sgroup.com\/wp-content\/uploads\/2022\/04\/7-1-1024x576.jpg\" class=\"project-card__image wp-post-image\" alt=\"B Corp + Desarrollo e implementaci\u00f3n de la estrategia de sostenibilidad\" srcset=\"https:\/\/r4sgroup.com\/wp-content\/uploads\/2022\/04\/7-1-1024x576.jpg 1024w, https:\/\/r4sgroup.com\/wp-content\/uploads\/2022\/04\/7-1-300x169.jpg 300w, https:\/\/r4sgroup.com\/wp-content\/uploads\/2022\/04\/7-1-768x432.jpg 768w, https:\/\/r4sgroup.com\/wp-content\/uploads\/2022\/04\/7-1-1536x864.jpg 1536w, https:\/\/r4sgroup.com\/wp-content\/uploads\/2022\/04\/7-1-2048x1152.jpg 2048w\" sizes=\"auto, (max-width: 1024px) 100vw, 1024px\" \/>\n      <h3 class=\"project-card__title\">B Corp + Desarrollo e implementaci\u00f3n de la estrategia de sostenibilidad<\/h3>\n    <\/div>\n        <h4 class=\"project-card__subtitle\">Ferrer<\/h4>\n      <\/a>\n  <!-- Fin de component Card -->\n<\/div>\n              \n        <div class=\"post-grid__item\">\n  <!-- Component Card -->\n  <a href=\"https:\/\/r4sgroup.com\/es\/proyecto\/b-corp-desenvolupament-i-implementacio-de-lestrategia-de-sostenibilitat-4\/\" class=\"project-card\">\n    <div class=\"project-card__inner\">\n      <img loading=\"lazy\" decoding=\"async\" width=\"1024\" height=\"576\" src=\"https:\/\/r4sgroup.com\/wp-content\/uploads\/2022\/04\/9-1-1024x576.jpg\" class=\"project-card__image wp-post-image\" alt=\"B Corp + Desarrollo e Implementaci\u00f3n de la estrategia de sostenibilidad\" srcset=\"https:\/\/r4sgroup.com\/wp-content\/uploads\/2022\/04\/9-1-1024x576.jpg 1024w, https:\/\/r4sgroup.com\/wp-content\/uploads\/2022\/04\/9-1-300x169.jpg 300w, https:\/\/r4sgroup.com\/wp-content\/uploads\/2022\/04\/9-1-768x432.jpg 768w, https:\/\/r4sgroup.com\/wp-content\/uploads\/2022\/04\/9-1-1536x864.jpg 1536w, https:\/\/r4sgroup.com\/wp-content\/uploads\/2022\/04\/9-1.jpg 1920w\" sizes=\"auto, (max-width: 1024px) 100vw, 1024px\" \/>\n      <h3 class=\"project-card__title\">B Corp + Desarrollo e Implementaci\u00f3n de la estrategia de sostenibilidad<\/h3>\n    <\/div>\n        <h4 class=\"project-card__subtitle\">Buff<\/h4>\n      <\/a>\n  <!-- Fin de component Card -->\n<\/div>\n          <\/div>\n  \n  \n<\/div>\n\n<script>\n  jQuery(function($) {\n    var projectPageNumber = 1;\n\n    jQuery(\"#js__more-posts-project\").on(\"click\", function(e) {\n      e.preventDefault();\n      projectPageNumber++;\n      jQuery.ajax({\n        type: \"POST\",\n        dataType: \"json\",\n        url: \"https:\/\/r4sgroup.com\/wp-admin\/admin-ajax.php\",\n        data: {\n          action: 'load_more_post_ajax',\n          pageNumber: projectPageNumber,\n          postType: 'project',\n          postsIn: [3110,3103],\n          taxonomy: jQuery(\"#js__ajax-posts-project\").attr(\"data-taxonomy\"),\n          term: jQuery(\"#js__ajax-posts-project\").attr(\"data-term\"),\n          ppp: 2,\n          lang: \"es\"\n        },\n        success: function(response) {\n          if (response.success) {\n            if (response.data) {\n              jQuery(\"#js__ajax-posts-project\").append(response.data.html);\n              jQuery(\"#js__more-posts-project\").show();\n              if (response.data.last) {\n                jQuery(\"#js__more-posts-project\").hide();\n              }\n            } else {\n              jQuery(\"#js__more-posts-project\").hide();\n            }\n          }\n        },\n        error: function(e) {\n          console.log(\"Error :: \" + e);\n        }\n\n      });\n    });\n\n    jQuery(\".js-project-filter-item\").on(\"click\", function(e) {\n      e.preventDefault();\n      projectPageNumber = 1;\n      var label = jQuery(this);\n\n      jQuery.ajax({\n        type: \"POST\",\n        dataType: \"json\",\n        url: \"https:\/\/r4sgroup.com\/wp-admin\/admin-ajax.php\",\n        data: {\n          action: 'load_more_post_ajax',\n          pageNumber: projectPageNumber,\n          postType: 'project',\n          postsIn: [3110,3103],\n          taxonomy: label.attr(\"data-taxonomy\"),\n          term: label.attr(\"data-term\"),\n          ppp: 2,\n          lang: \"es\"\n        },\n        success: function(response) {\n\n\n          if (response.success) {\n            \/\/ console.log(response.data);\n            if (response.data) {\n              jQuery(\".js-project-filter-item\").removeClass(\"is-current\");\n              label.addClass(\"is-current\");\n              jQuery(\".js-project-filter-item\").parent().addClass(\"is-filtering\");\n              jQuery(\"#js__ajax-posts-project\")\n                .attr(\"data-taxonomy\", label.attr(\"data-taxonomy\"))\n                .attr(\"data-term\", label.attr(\"data-term\"))\n                .html(response.data.html);\n\n              jQuery(\"#js__more-posts-project\").show();\n              if (response.data.last) {\n                jQuery(\"#js__more-posts-project\").hide();\n              }\n\n              if (label.attr(\"data-term\") == 0) {\n                jQuery(\".js-project-filter-item\").parent().removeClass(\"is-filtering\");\n              }\n\n            } else {\n              jQuery(\"#js__ajax-posts-project\").html(\n              \"Sorry, no results were found.\");\n              jQuery(\"#js__more-posts-project\").hide();\n            }\n          }\n        },\n        error: function(e) {\n          console.log(\"Error :: \" + e);\n        }\n\n      });\n    });\n\n  });\n<\/script>\n<\/div>\n","protected":false},"excerpt":{"rendered":"<p>Asesor\u00eda B Corp Como B Corp Way Partners, acompa\u00f1amos a las organizaciones a lo largo de todo el proceso de obtenci\u00f3n del certificado B Corp, desde el diagn\u00f3stico del estado de la situaci\u00f3n actual a trav\u00e9s del B Impact Assessment (BIA) hasta la identificaci\u00f3n e implementaci\u00f3n de las acciones de mejora necesarias para superar el &hellip; <a href=\"https:\/\/r4sgroup.com\/es\/soluciones\/assessoria-b-corp\/\">Continuar<\/a><\/p>\n","protected":false},"author":2,"featured_media":0,"parent":3175,"menu_order":0,"comment_status":"closed","ping_status":"closed","template":"","meta":{"_acf_changed":false,"footnotes":""},"class_list":["post-6810","page","type-page","status-publish","hentry"],"acf":[],"_links":{"self":[{"href":"https:\/\/r4sgroup.com\/es\/wp-json\/wp\/v2\/pages\/6810","targetHints":{"allow":["GET"]}}],"collection":[{"href":"https:\/\/r4sgroup.com\/es\/wp-json\/wp\/v2\/pages"}],"about":[{"href":"https:\/\/r4sgroup.com\/es\/wp-json\/wp\/v2\/types\/page"}],"author":[{"embeddable":true,"href":"https:\/\/r4sgroup.com\/es\/wp-json\/wp\/v2\/users\/2"}],"replies":[{"embeddable":true,"href":"https:\/\/r4sgroup.com\/es\/wp-json\/wp\/v2\/comments?post=6810"}],"version-history":[{"count":3,"href":"https:\/\/r4sgroup.com\/es\/wp-json\/wp\/v2\/pages\/6810\/revisions"}],"predecessor-version":[{"id":7729,"href":"https:\/\/r4sgroup.com\/es\/wp-json\/wp\/v2\/pages\/6810\/revisions\/7729"}],"up":[{"embeddable":true,"href":"https:\/\/r4sgroup.com\/es\/wp-json\/wp\/v2\/pages\/3175"}],"wp:attachment":[{"href":"https:\/\/r4sgroup.com\/es\/wp-json\/wp\/v2\/media?parent=6810"}],"curies":[{"name":"wp","href":"https:\/\/api.w.org\/{rel}","templated":true}]}}