{"id":6812,"date":"2023-07-27T10:55:57","date_gmt":"2023-07-27T08:55:57","guid":{"rendered":"https:\/\/r4sgroup.com\/solucions\/relat-i-reporting\/"},"modified":"2023-10-27T11:36:50","modified_gmt":"2023-10-27T09:36:50","slug":"relat-comunicatiu","status":"publish","type":"page","link":"https:\/\/r4sgroup.com\/es\/soluciones\/relat-comunicatiu\/","title":{"rendered":"Relato comunicativo"},"content":{"rendered":"\n<div class=\"wp-block-cover alignfull is-light has-custom-content-position is-position-bottom-left\" style=\"min-height:60vh;aspect-ratio:unset;\"><span aria-hidden=\"true\" class=\"wp-block-cover__background has-black-background-color has-background-dim-0 has-background-dim\"><\/span><img loading=\"lazy\" decoding=\"async\" width=\"1620\" height=\"1080\" class=\"wp-block-cover__image-background wp-image-2556\" alt=\"\" src=\"https:\/\/r4sgroup.com\/wp-content\/uploads\/2022\/06\/6.jpg\" style=\"object-position:58% 69%\" data-object-fit=\"cover\" data-object-position=\"58% 69%\" srcset=\"https:\/\/r4sgroup.com\/wp-content\/uploads\/2022\/06\/6.jpg 1620w, https:\/\/r4sgroup.com\/wp-content\/uploads\/2022\/06\/6-300x200.jpg 300w, https:\/\/r4sgroup.com\/wp-content\/uploads\/2022\/06\/6-1024x683.jpg 1024w, https:\/\/r4sgroup.com\/wp-content\/uploads\/2022\/06\/6-768x512.jpg 768w, https:\/\/r4sgroup.com\/wp-content\/uploads\/2022\/06\/6-1536x1024.jpg 1536w\" sizes=\"auto, (max-width: 1620px) 100vw, 1620px\" \/><div class=\"wp-block-cover__inner-container is-layout-flow wp-block-cover-is-layout-flow\">\n<h1 class=\"wp-block-heading has-white-color has-text-color has-huge-font-size margin-top-xl margin-bottom-xl\" style=\"line-height:0.94\">Nuestras soluciones<\/h1>\n<\/div><\/div>\n\n\n<div id=\"block-breadcrumbs-block_03dffe0f91f0cee62f45e32e7aea4727\" class=\"block-breadcrumbs breadcrumbs wide alignwide margin-top-xl margin-bottom-none\">\n   <nav aria-label=\"breadcrumbs\">\n    <ol class=\"breadcrumbs__list\"><li class=\"breadcrumbs__item\"><a href=\"https:\/\/r4sgroup.com\/es\/\">Inicio<\/a><\/li><\/ol>\n    <\/nav>\n<\/div>\n\n\n\n<h2 class=\"wp-block-heading alignwide has-primary-color has-text-color has-extra-large-font-size margin-top-xl margin-bottom-xxs\">Relato comunicativo<\/h2>\n\n\n\n<p class=\"alignwide has-text-align-wide margin-top-none margin-bottom-m\">Apoyamos en la transici\u00f3n hacia un <strong>relato de impacto consistente, s\u00f3lido y conceptualmente impecable, que est\u00e9 alineado con la estrategia definida y los compromisos asumidos<\/strong>, y que d\u00e9 respuesta a las necesidades de comunicaci\u00f3n tanto internas como externas de las organizaciones.<\/p>\n\n\n\n<div class=\"wp-block-columns alignwide margin-top-m is-layout-flex wp-container-core-columns-is-layout-28f84493 wp-block-columns-is-layout-flex\">\n<div class=\"wp-block-column is-layout-flow wp-block-column-is-layout-flow\"><div id=\"custom_accordion-block_d9879a8a0da96a4184d3adeca6df073a\" class=\"custom_accordion custom-accordion full alignfull\">\n    \n<div id=\"accordion-item-block_10697019735975f7a52f787b310bcaac\" class=\"accordion-item js-accordion-item accordion-item full alignfull\">\n\n  <h3 class=\"accordion-item__title\"><a class=\"js-accordion-trigger accordion-item__trigger\" href=\"#\">Relato comunicativo<\/a><\/h3>\n  <div class=\"accordion-item__content\">\n    \n\n<p class=\"undefined margin-top-none margin-bottom-m\">Estructuramos la <strong>visi\u00f3n y acci\u00f3n de sostenibilidad<\/strong> de la compa\u00f1\u00eda en forma de relato, con el objetivo de consolidar el posicionamiento, tanto para los grupos de inter\u00e9s externos como los internos. Velamos por un <strong>relato consistente, estructurado de manera correcta, honesto y conceptualmente impecable.<\/strong><\/p>\n\n\n  <\/div>\n\n<\/div>\n\n\n\n<\/div>\n\n<\/div>\n\n\n\n<div class=\"wp-block-column is-layout-flow wp-block-column-is-layout-flow\">\n<figure class=\"wp-block-image size-large\"><img loading=\"lazy\" decoding=\"async\" width=\"1024\" height=\"683\" src=\"https:\/\/r4sgroup.com\/wp-content\/uploads\/2023\/07\/servei-relat-reporing-1024x683.webp\" alt=\"\" class=\"wp-image-6795\" srcset=\"https:\/\/r4sgroup.com\/wp-content\/uploads\/2023\/07\/servei-relat-reporing-1024x683.webp 1024w, https:\/\/r4sgroup.com\/wp-content\/uploads\/2023\/07\/servei-relat-reporing-300x200.webp 300w, https:\/\/r4sgroup.com\/wp-content\/uploads\/2023\/07\/servei-relat-reporing-768x512.webp 768w, https:\/\/r4sgroup.com\/wp-content\/uploads\/2023\/07\/servei-relat-reporing.webp 1200w\" sizes=\"auto, (max-width: 1024px) 100vw, 1024px\" \/><\/figure>\n<\/div>\n<\/div>\n\n\n\n<div class=\"wp-block-buttons margin-top-xl margin-bottom-xl is-content-justification-center is-layout-flex wp-container-core-buttons-is-layout-a89b3969 wp-block-buttons-is-layout-flex\">\n<div class=\"wp-block-button is-style-link-arrow-left\"><a class=\"wp-block-button__link has-primary-color has-white-background-color has-text-color has-background wp-element-button\" href=\"https:\/\/r4sgroup.com\/es\/soluciones\/\">Volver a soluciones<\/a><\/div>\n<\/div>\n\n\n\n<div class=\"wp-block-group alignwide margin-top-xxl margin-bottom-xxl is-layout-flow wp-block-group-is-layout-flow\">\n<h3 class=\"wp-block-heading alignfull has-text-align-center has-primary-color has-text-color has-extra-large-font-size margin-top-none margin-bottom-xs\">Proyectos recomendados<\/h3>\n\n\n<div id=\"projects_grid-block_77c77e3473ff00f25423243dedc25355\" class=\"projects-grid block-post-grid\">\n\n  \n      <div id=\"js__ajax-posts-project\" class=\"post-grid__list\">\n              \n        <div class=\"post-grid__item\">\n  <!-- Component Card -->\n  <a href=\"https:\/\/r4sgroup.com\/es\/proyecto\/contruccion-relato-lema\/\" class=\"project-card\">\n    <div class=\"project-card__inner\">\n      <img loading=\"lazy\" decoding=\"async\" width=\"1024\" height=\"683\" src=\"https:\/\/r4sgroup.com\/wp-content\/uploads\/2023\/10\/9E0A8946-1024x683.jpg\" class=\"project-card__image wp-post-image\" alt=\"Construcci\u00f3n del relato y lema\" srcset=\"https:\/\/r4sgroup.com\/wp-content\/uploads\/2023\/10\/9E0A8946-1024x683.jpg 1024w, https:\/\/r4sgroup.com\/wp-content\/uploads\/2023\/10\/9E0A8946-300x200.jpg 300w, https:\/\/r4sgroup.com\/wp-content\/uploads\/2023\/10\/9E0A8946-768x512.jpg 768w\" sizes=\"auto, (max-width: 1024px) 100vw, 1024px\" \/>\n      <h3 class=\"project-card__title\">Construcci\u00f3n del relato y lema<\/h3>\n    <\/div>\n        <h4 class=\"project-card__subtitle\">La Farga<\/h4>\n      <\/a>\n  <!-- Fin de component Card -->\n<\/div>\n              \n        <div class=\"post-grid__item\">\n  <!-- Component Card -->\n  <a href=\"https:\/\/r4sgroup.com\/es\/proyecto\/relato-corporativo\/\" class=\"project-card\">\n    <div class=\"project-card__inner\">\n      <img loading=\"lazy\" decoding=\"async\" width=\"1024\" height=\"680\" src=\"https:\/\/r4sgroup.com\/wp-content\/uploads\/2023\/10\/ant-rozetsky-SLIFI67jv5k-unsplash-1024x680.jpg\" class=\"project-card__image wp-post-image\" alt=\"Definici\u00f3n del relato corporativo\" srcset=\"https:\/\/r4sgroup.com\/wp-content\/uploads\/2023\/10\/ant-rozetsky-SLIFI67jv5k-unsplash-1024x680.jpg 1024w, https:\/\/r4sgroup.com\/wp-content\/uploads\/2023\/10\/ant-rozetsky-SLIFI67jv5k-unsplash-300x199.jpg 300w, https:\/\/r4sgroup.com\/wp-content\/uploads\/2023\/10\/ant-rozetsky-SLIFI67jv5k-unsplash-768x510.jpg 768w, https:\/\/r4sgroup.com\/wp-content\/uploads\/2023\/10\/ant-rozetsky-SLIFI67jv5k-unsplash-1536x1021.jpg 1536w, https:\/\/r4sgroup.com\/wp-content\/uploads\/2023\/10\/ant-rozetsky-SLIFI67jv5k-unsplash-2048x1361.jpg 2048w\" sizes=\"auto, (max-width: 1024px) 100vw, 1024px\" \/>\n      <h3 class=\"project-card__title\">Definici\u00f3n del relato corporativo<\/h3>\n    <\/div>\n        <h4 class=\"project-card__subtitle\">CELSA Group<\/h4>\n      <\/a>\n  <!-- Fin de component Card -->\n<\/div>\n          <\/div>\n  \n  \n<\/div>\n\n<script>\n  jQuery(function($) {\n    var projectPageNumber = 1;\n\n    jQuery(\"#js__more-posts-project\").on(\"click\", function(e) {\n      e.preventDefault();\n      projectPageNumber++;\n      jQuery.ajax({\n        type: \"POST\",\n        dataType: \"json\",\n        url: \"https:\/\/r4sgroup.com\/wp-admin\/admin-ajax.php\",\n        data: {\n          action: 'load_more_post_ajax',\n          pageNumber: projectPageNumber,\n          postType: 'project',\n          postsIn: [7915,7868],\n          taxonomy: jQuery(\"#js__ajax-posts-project\").attr(\"data-taxonomy\"),\n          term: jQuery(\"#js__ajax-posts-project\").attr(\"data-term\"),\n          ppp: 2,\n          lang: \"es\"\n        },\n        success: function(response) {\n          if (response.success) {\n            if (response.data) {\n              jQuery(\"#js__ajax-posts-project\").append(response.data.html);\n              jQuery(\"#js__more-posts-project\").show();\n              if (response.data.last) {\n                jQuery(\"#js__more-posts-project\").hide();\n              }\n            } else {\n              jQuery(\"#js__more-posts-project\").hide();\n            }\n          }\n        },\n        error: function(e) {\n          console.log(\"Error :: \" + e);\n        }\n\n      });\n    });\n\n    jQuery(\".js-project-filter-item\").on(\"click\", function(e) {\n      e.preventDefault();\n      projectPageNumber = 1;\n      var label = jQuery(this);\n\n      jQuery.ajax({\n        type: \"POST\",\n        dataType: \"json\",\n        url: \"https:\/\/r4sgroup.com\/wp-admin\/admin-ajax.php\",\n        data: {\n          action: 'load_more_post_ajax',\n          pageNumber: projectPageNumber,\n          postType: 'project',\n          postsIn: [7915,7868],\n          taxonomy: label.attr(\"data-taxonomy\"),\n          term: label.attr(\"data-term\"),\n          ppp: 2,\n          lang: \"es\"\n        },\n        success: function(response) {\n\n\n          if (response.success) {\n            \/\/ console.log(response.data);\n            if (response.data) {\n              jQuery(\".js-project-filter-item\").removeClass(\"is-current\");\n              label.addClass(\"is-current\");\n              jQuery(\".js-project-filter-item\").parent().addClass(\"is-filtering\");\n              jQuery(\"#js__ajax-posts-project\")\n                .attr(\"data-taxonomy\", label.attr(\"data-taxonomy\"))\n                .attr(\"data-term\", label.attr(\"data-term\"))\n                .html(response.data.html);\n\n              jQuery(\"#js__more-posts-project\").show();\n              if (response.data.last) {\n                jQuery(\"#js__more-posts-project\").hide();\n              }\n\n              if (label.attr(\"data-term\") == 0) {\n                jQuery(\".js-project-filter-item\").parent().removeClass(\"is-filtering\");\n              }\n\n            } else {\n              jQuery(\"#js__ajax-posts-project\").html(\n              \"Sorry, no results were found.\");\n              jQuery(\"#js__more-posts-project\").hide();\n            }\n          }\n        },\n        error: function(e) {\n          console.log(\"Error :: \" + e);\n        }\n\n      });\n    });\n\n  });\n<\/script>\n<\/div>\n","protected":false},"excerpt":{"rendered":"<p>Relato comunicativo Apoyamos en la transici\u00f3n hacia un relato de impacto consistente, s\u00f3lido y conceptualmente impecable, que est\u00e9 alineado con la estrategia definida y los compromisos asumidos, y que d\u00e9 respuesta a las necesidades de comunicaci\u00f3n tanto internas como externas de las organizaciones. Proyectos recomendados<\/p>\n","protected":false},"author":2,"featured_media":0,"parent":3175,"menu_order":0,"comment_status":"closed","ping_status":"closed","template":"","meta":{"_acf_changed":false,"footnotes":""},"class_list":["post-6812","page","type-page","status-publish","hentry"],"acf":[],"_links":{"self":[{"href":"https:\/\/r4sgroup.com\/es\/wp-json\/wp\/v2\/pages\/6812","targetHints":{"allow":["GET"]}}],"collection":[{"href":"https:\/\/r4sgroup.com\/es\/wp-json\/wp\/v2\/pages"}],"about":[{"href":"https:\/\/r4sgroup.com\/es\/wp-json\/wp\/v2\/types\/page"}],"author":[{"embeddable":true,"href":"https:\/\/r4sgroup.com\/es\/wp-json\/wp\/v2\/users\/2"}],"replies":[{"embeddable":true,"href":"https:\/\/r4sgroup.com\/es\/wp-json\/wp\/v2\/comments?post=6812"}],"version-history":[{"count":2,"href":"https:\/\/r4sgroup.com\/es\/wp-json\/wp\/v2\/pages\/6812\/revisions"}],"predecessor-version":[{"id":8048,"href":"https:\/\/r4sgroup.com\/es\/wp-json\/wp\/v2\/pages\/6812\/revisions\/8048"}],"up":[{"embeddable":true,"href":"https:\/\/r4sgroup.com\/es\/wp-json\/wp\/v2\/pages\/3175"}],"wp:attachment":[{"href":"https:\/\/r4sgroup.com\/es\/wp-json\/wp\/v2\/media?parent=6812"}],"curies":[{"name":"wp","href":"https:\/\/api.w.org\/{rel}","templated":true}]}}