{"id":6814,"date":"2023-07-27T10:55:57","date_gmt":"2023-07-27T08:55:57","guid":{"rendered":"https:\/\/r4sgroup.com\/solucions\/model-de-negoci-amb-impacte\/"},"modified":"2023-10-12T12:39:27","modified_gmt":"2023-10-12T10:39:27","slug":"model-de-negoci-amb-impacte","status":"publish","type":"page","link":"https:\/\/r4sgroup.com\/es\/soluciones\/model-de-negoci-amb-impacte\/","title":{"rendered":"Modelo de negocio con impacto"},"content":{"rendered":"\n<div class=\"wp-block-cover alignfull is-light has-custom-content-position is-position-bottom-left\" style=\"min-height:60vh;aspect-ratio:unset;\"><span aria-hidden=\"true\" class=\"wp-block-cover__background has-black-background-color has-background-dim-0 has-background-dim\"><\/span><img loading=\"lazy\" decoding=\"async\" width=\"1620\" height=\"1080\" class=\"wp-block-cover__image-background wp-image-2556\" alt=\"\" src=\"https:\/\/r4sgroup.com\/wp-content\/uploads\/2022\/06\/6.jpg\" style=\"object-position:58% 69%\" data-object-fit=\"cover\" data-object-position=\"58% 69%\" srcset=\"https:\/\/r4sgroup.com\/wp-content\/uploads\/2022\/06\/6.jpg 1620w, https:\/\/r4sgroup.com\/wp-content\/uploads\/2022\/06\/6-300x200.jpg 300w, https:\/\/r4sgroup.com\/wp-content\/uploads\/2022\/06\/6-1024x683.jpg 1024w, https:\/\/r4sgroup.com\/wp-content\/uploads\/2022\/06\/6-768x512.jpg 768w, https:\/\/r4sgroup.com\/wp-content\/uploads\/2022\/06\/6-1536x1024.jpg 1536w\" sizes=\"auto, (max-width: 1620px) 100vw, 1620px\" \/><div class=\"wp-block-cover__inner-container is-layout-flow wp-block-cover-is-layout-flow\">\n<h1 class=\"wp-block-heading has-white-color has-text-color has-huge-font-size margin-top-xl margin-bottom-xl\" style=\"line-height:0.94\">Nuestras soluciones<\/h1>\n<\/div><\/div>\n\n\n<div id=\"block-breadcrumbs-block_02fb9fbcb8339ddfc0e7b88c8abaaecb\" class=\"block-breadcrumbs breadcrumbs wide alignwide margin-top-xl margin-bottom-none\">\n   <nav aria-label=\"breadcrumbs\">\n    <ol class=\"breadcrumbs__list\"><li class=\"breadcrumbs__item\"><a href=\"https:\/\/r4sgroup.com\/es\/\">Inicio<\/a><\/li><\/ol>\n    <\/nav>\n<\/div>\n\n\n\n<h2 class=\"wp-block-heading alignwide has-primary-color has-text-color has-extra-large-font-size margin-top-xl margin-bottom-xxs\">Modelo de negocio con impacto<\/h2>\n\n\n\n<p class=\"alignwide has-text-align-wide margin-top-none margin-bottom-m\">Identificamos y activamos <strong>oportunidades de mercado en clave de impacto positivo<\/strong>, teniendo en cuenta el prop\u00f3sito y la identidad de las organizaciones, as\u00ed como los retos y las necesidades estrat\u00e9gicas del sector, para potenciar la capacidad competitiva de las empresas.<\/p>\n\n\n\n<div class=\"wp-block-columns alignwide margin-top-m is-layout-flex wp-container-core-columns-is-layout-28f84493 wp-block-columns-is-layout-flex\">\n<div class=\"wp-block-column is-layout-flow wp-block-column-is-layout-flow\"><div id=\"custom_accordion-block_dc567bf61d0dbc3d750d91e9afd3ff8e\" class=\"custom_accordion custom-accordion full alignfull\">\n    \n<div id=\"accordion-item-block_acb27d05eea483498ccfb46d145094db\" class=\"accordion-item js-accordion-item accordion-item full alignfull\">\n\n  <h3 class=\"accordion-item__title\"><a class=\"js-accordion-trigger accordion-item__trigger\" href=\"#\">Proyecci\u00f3n del modelo de negocio<\/a><\/h3>\n  <div class=\"accordion-item__content\">\n    \n\n<p><strong>Definimos los potenciales modelos de negocio de impacto a desarrollar y\/o profundizar <\/strong>por parte de las organizaciones, a partir de los proyectos y causas activistas ya existentes, y los estructuramos para conseguir su potenciamiento e incrementar su impacto. <\/p>\n\n\n\n<p>Llevamos a cabo sesiones de trabajo y talleres para dise\u00f1ar, en conjunto con los equipos correspondientes, la hoja de ruta para su implementaci\u00f3n y la definici\u00f3n de los indicadores de medida del impacto.<\/p>\n\n\n  <\/div>\n\n<\/div>\n\n\n\n<div id=\"accordion-item-block_039538329b1751d4e92a791385d4c0d6\" class=\"accordion-item js-accordion-item accordion-item full alignfull\">\n\n  <h3 class=\"accordion-item__title\"><a class=\"js-accordion-trigger accordion-item__trigger\" href=\"#\">Evaluaci\u00f3n del impacto<\/a><\/h3>\n  <div class=\"accordion-item__content\">\n    \n\n<p class=\"undefined margin-top-none\">Dise\u00f1amos e implementamos <strong>evaluaciones del impacto social<\/strong> de organizaciones y proyectos para generar conocimiento y profundizar en el cambio generado, en sus mecanismos de activaci\u00f3n clave y, en \u00faltima instancia, generar recomendaciones y apoyar en la reflexi\u00f3n estrat\u00e9gica de las organizaciones.<\/p>\n\n\n  <\/div>\n\n<\/div>\n\n\n\n<\/div>\n\n<\/div>\n\n\n\n<div class=\"wp-block-column is-layout-flow wp-block-column-is-layout-flow\">\n<figure class=\"wp-block-image size-large\"><img loading=\"lazy\" decoding=\"async\" width=\"1024\" height=\"683\" src=\"https:\/\/r4sgroup.com\/wp-content\/uploads\/2023\/07\/servei-model-negoci-impacte-1024x683.webp\" alt=\"\" class=\"wp-image-6789\" srcset=\"https:\/\/r4sgroup.com\/wp-content\/uploads\/2023\/07\/servei-model-negoci-impacte-1024x683.webp 1024w, https:\/\/r4sgroup.com\/wp-content\/uploads\/2023\/07\/servei-model-negoci-impacte-300x200.webp 300w, https:\/\/r4sgroup.com\/wp-content\/uploads\/2023\/07\/servei-model-negoci-impacte-768x512.webp 768w, https:\/\/r4sgroup.com\/wp-content\/uploads\/2023\/07\/servei-model-negoci-impacte.webp 1200w\" sizes=\"auto, (max-width: 1024px) 100vw, 1024px\" \/><\/figure>\n<\/div>\n<\/div>\n\n\n\n<div class=\"wp-block-buttons margin-top-xl margin-bottom-xl is-content-justification-center is-layout-flex wp-container-core-buttons-is-layout-a89b3969 wp-block-buttons-is-layout-flex\">\n<div class=\"wp-block-button is-style-link-arrow-left\"><a class=\"wp-block-button__link has-primary-color has-white-background-color has-text-color has-background wp-element-button\" href=\"https:\/\/r4sgroup.com\/es\/soluciones\/\">Volver a soluciones<\/a><\/div>\n<\/div>\n\n\n\n<div class=\"wp-block-group alignwide margin-top-xxl margin-bottom-xxl is-layout-flow wp-block-group-is-layout-flow\">\n<h3 class=\"wp-block-heading alignfull has-text-align-center has-primary-color has-text-color has-extra-large-font-size margin-top-none margin-bottom-xs\">Proyectos recomendados<\/h3>\n\n\n<div id=\"projects_grid-block_a22db98f3a62774ad2710772081c9c0e\" class=\"projects-grid block-post-grid alignfull\">\n\n  \n      <div id=\"js__ajax-posts-project\" class=\"post-grid__list\">\n              \n        <div class=\"post-grid__item\">\n  <!-- Component Card -->\n  <a href=\"https:\/\/r4sgroup.com\/es\/proyecto\/valor-social-integrat\/\" class=\"project-card\">\n    <div class=\"project-card__inner\">\n      <img loading=\"lazy\" decoding=\"async\" width=\"1024\" height=\"576\" src=\"https:\/\/r4sgroup.com\/wp-content\/uploads\/2022\/04\/11-1024x576.jpg\" class=\"project-card__image wp-post-image\" alt=\"Valor Social Integrado\" srcset=\"https:\/\/r4sgroup.com\/wp-content\/uploads\/2022\/04\/11-1024x576.jpg 1024w, https:\/\/r4sgroup.com\/wp-content\/uploads\/2022\/04\/11-300x169.jpg 300w, https:\/\/r4sgroup.com\/wp-content\/uploads\/2022\/04\/11-768x432.jpg 768w, https:\/\/r4sgroup.com\/wp-content\/uploads\/2022\/04\/11-1536x863.jpg 1536w, https:\/\/r4sgroup.com\/wp-content\/uploads\/2022\/04\/11-2048x1151.jpg 2048w\" sizes=\"auto, (max-width: 1024px) 100vw, 1024px\" \/>\n      <h3 class=\"project-card__title\">Valor Social Integrado<\/h3>\n    <\/div>\n        <h4 class=\"project-card__subtitle\">Danone<\/h4>\n      <\/a>\n  <!-- Fin de component Card -->\n<\/div>\n              \n        <div class=\"post-grid__item\">\n  <!-- Component Card -->\n  <a href=\"https:\/\/r4sgroup.com\/es\/proyecto\/disseny-del-sistema-de-mesura-dimpactes-socials\/\" class=\"project-card\">\n    <div class=\"project-card__inner\">\n      <img loading=\"lazy\" decoding=\"async\" width=\"1024\" height=\"577\" src=\"https:\/\/r4sgroup.com\/wp-content\/uploads\/2022\/04\/5-2-1024x577.jpg\" class=\"project-card__image wp-post-image\" alt=\"Dise\u00f1o del sistema de medici\u00f3n de impactos sociales\" srcset=\"https:\/\/r4sgroup.com\/wp-content\/uploads\/2022\/04\/5-2-1024x577.jpg 1024w, https:\/\/r4sgroup.com\/wp-content\/uploads\/2022\/04\/5-2-300x169.jpg 300w, https:\/\/r4sgroup.com\/wp-content\/uploads\/2022\/04\/5-2-768x433.jpg 768w, https:\/\/r4sgroup.com\/wp-content\/uploads\/2022\/04\/5-2.jpg 1278w\" sizes=\"auto, (max-width: 1024px) 100vw, 1024px\" \/>\n      <h3 class=\"project-card__title\">Dise\u00f1o del sistema de medici\u00f3n de impactos sociales<\/h3>\n    <\/div>\n        <h4 class=\"project-card__subtitle\">Aig\u00fces de Barcelona<\/h4>\n      <\/a>\n  <!-- Fin de component Card -->\n<\/div>\n          <\/div>\n  \n  \n<\/div>\n\n<script>\n  jQuery(function($) {\n    var projectPageNumber = 1;\n\n    jQuery(\"#js__more-posts-project\").on(\"click\", function(e) {\n      e.preventDefault();\n      projectPageNumber++;\n      jQuery.ajax({\n        type: \"POST\",\n        dataType: \"json\",\n        url: \"https:\/\/r4sgroup.com\/wp-admin\/admin-ajax.php\",\n        data: {\n          action: 'load_more_post_ajax',\n          pageNumber: projectPageNumber,\n          postType: 'project',\n          postsIn: [3129,3132],\n          taxonomy: jQuery(\"#js__ajax-posts-project\").attr(\"data-taxonomy\"),\n          term: jQuery(\"#js__ajax-posts-project\").attr(\"data-term\"),\n          ppp: 2,\n          lang: \"es\"\n        },\n        success: function(response) {\n          if (response.success) {\n            if (response.data) {\n              jQuery(\"#js__ajax-posts-project\").append(response.data.html);\n              jQuery(\"#js__more-posts-project\").show();\n              if (response.data.last) {\n                jQuery(\"#js__more-posts-project\").hide();\n              }\n            } else {\n              jQuery(\"#js__more-posts-project\").hide();\n            }\n          }\n        },\n        error: function(e) {\n          console.log(\"Error :: \" + e);\n        }\n\n      });\n    });\n\n    jQuery(\".js-project-filter-item\").on(\"click\", function(e) {\n      e.preventDefault();\n      projectPageNumber = 1;\n      var label = jQuery(this);\n\n      jQuery.ajax({\n        type: \"POST\",\n        dataType: \"json\",\n        url: \"https:\/\/r4sgroup.com\/wp-admin\/admin-ajax.php\",\n        data: {\n          action: 'load_more_post_ajax',\n          pageNumber: projectPageNumber,\n          postType: 'project',\n          postsIn: [3129,3132],\n          taxonomy: label.attr(\"data-taxonomy\"),\n          term: label.attr(\"data-term\"),\n          ppp: 2,\n          lang: \"es\"\n        },\n        success: function(response) {\n\n\n          if (response.success) {\n            \/\/ console.log(response.data);\n            if (response.data) {\n              jQuery(\".js-project-filter-item\").removeClass(\"is-current\");\n              label.addClass(\"is-current\");\n              jQuery(\".js-project-filter-item\").parent().addClass(\"is-filtering\");\n              jQuery(\"#js__ajax-posts-project\")\n                .attr(\"data-taxonomy\", label.attr(\"data-taxonomy\"))\n                .attr(\"data-term\", label.attr(\"data-term\"))\n                .html(response.data.html);\n\n              jQuery(\"#js__more-posts-project\").show();\n              if (response.data.last) {\n                jQuery(\"#js__more-posts-project\").hide();\n              }\n\n              if (label.attr(\"data-term\") == 0) {\n                jQuery(\".js-project-filter-item\").parent().removeClass(\"is-filtering\");\n              }\n\n            } else {\n              jQuery(\"#js__ajax-posts-project\").html(\n              \"Sorry, no results were found.\");\n              jQuery(\"#js__more-posts-project\").hide();\n            }\n          }\n        },\n        error: function(e) {\n          console.log(\"Error :: \" + e);\n        }\n\n      });\n    });\n\n  });\n<\/script>\n<\/div>\n\n\n\n<p><\/p>\n","protected":false},"excerpt":{"rendered":"<p>Modelo de negocio con impacto Identificamos y activamos oportunidades de mercado en clave de impacto positivo, teniendo en cuenta el prop\u00f3sito y la identidad de las organizaciones, as\u00ed como los retos y las necesidades estrat\u00e9gicas del sector, para potenciar la capacidad competitiva de las empresas. Proyectos recomendados<\/p>\n","protected":false},"author":2,"featured_media":0,"parent":3175,"menu_order":0,"comment_status":"closed","ping_status":"closed","template":"","meta":{"_acf_changed":false,"footnotes":""},"class_list":["post-6814","page","type-page","status-publish","hentry"],"acf":[],"_links":{"self":[{"href":"https:\/\/r4sgroup.com\/es\/wp-json\/wp\/v2\/pages\/6814","targetHints":{"allow":["GET"]}}],"collection":[{"href":"https:\/\/r4sgroup.com\/es\/wp-json\/wp\/v2\/pages"}],"about":[{"href":"https:\/\/r4sgroup.com\/es\/wp-json\/wp\/v2\/types\/page"}],"author":[{"embeddable":true,"href":"https:\/\/r4sgroup.com\/es\/wp-json\/wp\/v2\/users\/2"}],"replies":[{"embeddable":true,"href":"https:\/\/r4sgroup.com\/es\/wp-json\/wp\/v2\/comments?post=6814"}],"version-history":[{"count":3,"href":"https:\/\/r4sgroup.com\/es\/wp-json\/wp\/v2\/pages\/6814\/revisions"}],"predecessor-version":[{"id":7777,"href":"https:\/\/r4sgroup.com\/es\/wp-json\/wp\/v2\/pages\/6814\/revisions\/7777"}],"up":[{"embeddable":true,"href":"https:\/\/r4sgroup.com\/es\/wp-json\/wp\/v2\/pages\/3175"}],"wp:attachment":[{"href":"https:\/\/r4sgroup.com\/es\/wp-json\/wp\/v2\/media?parent=6814"}],"curies":[{"name":"wp","href":"https:\/\/api.w.org\/{rel}","templated":true}]}}