{"id":6816,"date":"2023-07-27T10:55:41","date_gmt":"2023-07-27T08:55:41","guid":{"rendered":"https:\/\/r4sgroup.com\/solucions\/cultura-i-lideratges\/"},"modified":"2023-08-30T12:20:38","modified_gmt":"2023-08-30T10:20:38","slug":"cultura-i-lideratges","status":"publish","type":"page","link":"https:\/\/r4sgroup.com\/es\/soluciones\/cultura-i-lideratges\/","title":{"rendered":"Cultura y Liderazgo"},"content":{"rendered":"\n<div class=\"wp-block-cover alignfull is-light has-custom-content-position is-position-bottom-left\" style=\"min-height:60vh;aspect-ratio:unset;\"><span aria-hidden=\"true\" class=\"wp-block-cover__background has-black-background-color has-background-dim-0 has-background-dim\"><\/span><img loading=\"lazy\" decoding=\"async\" width=\"1620\" height=\"1080\" class=\"wp-block-cover__image-background wp-image-2556\" alt=\"\" src=\"https:\/\/r4sgroup.com\/wp-content\/uploads\/2022\/06\/6.jpg\" style=\"object-position:58% 69%\" data-object-fit=\"cover\" data-object-position=\"58% 69%\" srcset=\"https:\/\/r4sgroup.com\/wp-content\/uploads\/2022\/06\/6.jpg 1620w, https:\/\/r4sgroup.com\/wp-content\/uploads\/2022\/06\/6-300x200.jpg 300w, https:\/\/r4sgroup.com\/wp-content\/uploads\/2022\/06\/6-1024x683.jpg 1024w, https:\/\/r4sgroup.com\/wp-content\/uploads\/2022\/06\/6-768x512.jpg 768w, https:\/\/r4sgroup.com\/wp-content\/uploads\/2022\/06\/6-1536x1024.jpg 1536w\" sizes=\"auto, (max-width: 1620px) 100vw, 1620px\" \/><div class=\"wp-block-cover__inner-container is-layout-flow wp-block-cover-is-layout-flow\">\n<h1 class=\"wp-block-heading has-white-color has-text-color has-huge-font-size margin-top-xl margin-bottom-xl\" style=\"line-height:0.94\">Nuestras soluciones<\/h1>\n<\/div><\/div>\n\n\n<div id=\"block-breadcrumbs-block_fba0fd37ee19ba59b4f24b3b272f0565\" class=\"block-breadcrumbs breadcrumbs wide alignwide margin-top-xl margin-bottom-none\">\n   <nav aria-label=\"breadcrumbs\">\n    <ol class=\"breadcrumbs__list\"><li class=\"breadcrumbs__item\"><a href=\"https:\/\/r4sgroup.com\/es\/\">Inicio<\/a><\/li><\/ol>\n    <\/nav>\n<\/div>\n\n\n\n<h2 class=\"wp-block-heading alignwide has-primary-color has-text-color has-extra-large-font-size margin-top-xl margin-bottom-xxs\">Cultura y Liderazgo<\/h2>\n\n\n\n<p class=\"alignwide has-text-align-wide margin-top-none margin-bottom-m\">Contribuimos a la <strong>transformaci\u00f3n cultural que implica la integraci\u00f3n transversal de la sostenibilidad en las organizaciones<\/strong>, con el objetivo de fomentar la participaci\u00f3n de todas las personas que forman parte y definir correctamente los mecanismos de gobernanza y liderazgo necesarios para hacer progresar el cambio organizativo hacia el impacto.<\/p>\n\n\n\n<div class=\"wp-block-columns alignwide margin-top-m is-layout-flex wp-container-core-columns-is-layout-28f84493 wp-block-columns-is-layout-flex\">\n<div class=\"wp-block-column is-layout-flow wp-block-column-is-layout-flow\"><div id=\"custom_accordion-block_9ba2ec889d985cb130e2c46a7eed2f80\" class=\"custom_accordion custom-accordion full alignfull\">\n    \n<div id=\"accordion-item-block_8b22c4529bad54d134655a4fe2d86fb1\" class=\"accordion-item js-accordion-item accordion-item full alignfull\">\n\n  <h3 class=\"accordion-item__title\"><a class=\"js-accordion-trigger accordion-item__trigger\" href=\"#\">Modelos de liderazgo<\/a><\/h3>\n  <div class=\"accordion-item__content\">\n    \n\n<p class=\"undefined margin-top-none margin-bottom-m\"><strong>Sensibilizamos, capacitamos y aportamos conocimiento<\/strong> mediante sesiones disruptivas en cuestiones de sostenibilidad a l\u00edderes de diferentes niveles de la organizaci\u00f3n, desde el Comit\u00e9 de Direcci\u00f3n hasta los equipos intermedios y los grupos de implementaci\u00f3n, para <strong>que avancen en su camino hacia el impacto positivo de manera pr\u00e1ctica<\/strong>.<\/p>\n\n\n  <\/div>\n\n<\/div>\n\n\n\n<div id=\"accordion-item-block_5c894d47ba529f2472ed9a40eb67be76\" class=\"accordion-item js-accordion-item accordion-item full alignfull\">\n\n  <h3 class=\"accordion-item__title\"><a class=\"js-accordion-trigger accordion-item__trigger\" href=\"#\">Cultura Corporativa<\/a><\/h3>\n  <div class=\"accordion-item__content\">\n    \n\n<p class=\"undefined margin-top-none margin-bottom-m\">Acompa\u00f1amos e impulsamos la <strong>evoluci\u00f3n del modelo cultural de las organizaciones para transformar su ADN<\/strong>. Proponemos un nuevo paradigma y una nueva estructura de trabajo. Para hacerlo, nos basamos en el trabajo de los elementos invisibles de la cultura corporativa (estatus, roles no escritos, relaciones, valores, normas, etc.).<\/p>\n\n\n  <\/div>\n\n<\/div>\n\n\n\n<div id=\"accordion-item-block_fcc7cc9f80ff4b716b28ae42d2f60883\" class=\"accordion-item js-accordion-item accordion-item full alignfull\">\n\n  <h3 class=\"accordion-item__title\"><a class=\"js-accordion-trigger accordion-item__trigger\" href=\"#\">Modelo de gobernanza<\/a><\/h3>\n  <div class=\"accordion-item__content\">\n    \n\n<p>Ayudamos a <strong>definir e implementar un modelo operativo, de gobernanza y de incentivos vinculado a la sostenibilidad<\/strong> que garantice un correcto despliegue del prop\u00f3sito y la estrategia corporativa orientada al impacto, una participaci\u00f3n \u00f3ptima de los equipos y una gesti\u00f3n de riesgos y de cumplimiento legal de las empresas.<\/p>\n\n\n  <\/div>\n\n<\/div>\n\n\n\n<\/div>\n\n<\/div>\n\n\n\n<div class=\"wp-block-column is-layout-flow wp-block-column-is-layout-flow\">\n<figure class=\"wp-block-image size-large\"><img loading=\"lazy\" decoding=\"async\" width=\"1024\" height=\"623\" src=\"https:\/\/r4sgroup.com\/wp-content\/uploads\/2023\/07\/servei-cultura-lideratges-1024x623.webp\" alt=\"\" class=\"wp-image-6783\" srcset=\"https:\/\/r4sgroup.com\/wp-content\/uploads\/2023\/07\/servei-cultura-lideratges-1024x623.webp 1024w, https:\/\/r4sgroup.com\/wp-content\/uploads\/2023\/07\/servei-cultura-lideratges-300x183.webp 300w, https:\/\/r4sgroup.com\/wp-content\/uploads\/2023\/07\/servei-cultura-lideratges-768x467.webp 768w, https:\/\/r4sgroup.com\/wp-content\/uploads\/2023\/07\/servei-cultura-lideratges.webp 1200w\" sizes=\"auto, (max-width: 1024px) 100vw, 1024px\" \/><\/figure>\n<\/div>\n<\/div>\n\n\n\n<div class=\"wp-block-buttons margin-top-xl margin-bottom-xl is-content-justification-center is-layout-flex wp-container-core-buttons-is-layout-a89b3969 wp-block-buttons-is-layout-flex\">\n<div class=\"wp-block-button is-style-link-arrow-left\"><a class=\"wp-block-button__link has-primary-color has-white-background-color has-text-color has-background wp-element-button\" href=\"https:\/\/r4sgroup.com\/es\/soluciones\/\">Volver a soluciones<\/a><\/div>\n<\/div>\n","protected":false},"excerpt":{"rendered":"<p>Cultura y Liderazgo Contribuimos a la transformaci\u00f3n cultural que implica la integraci\u00f3n transversal de la sostenibilidad en las organizaciones, con el objetivo de fomentar la participaci\u00f3n de todas las personas que forman parte y definir correctamente los mecanismos de gobernanza y liderazgo necesarios para hacer progresar el cambio organizativo hacia el impacto.<\/p>\n","protected":false},"author":2,"featured_media":0,"parent":3175,"menu_order":0,"comment_status":"closed","ping_status":"closed","template":"","meta":{"_acf_changed":false,"footnotes":""},"class_list":["post-6816","page","type-page","status-publish","hentry"],"acf":[],"_links":{"self":[{"href":"https:\/\/r4sgroup.com\/es\/wp-json\/wp\/v2\/pages\/6816","targetHints":{"allow":["GET"]}}],"collection":[{"href":"https:\/\/r4sgroup.com\/es\/wp-json\/wp\/v2\/pages"}],"about":[{"href":"https:\/\/r4sgroup.com\/es\/wp-json\/wp\/v2\/types\/page"}],"author":[{"embeddable":true,"href":"https:\/\/r4sgroup.com\/es\/wp-json\/wp\/v2\/users\/2"}],"replies":[{"embeddable":true,"href":"https:\/\/r4sgroup.com\/es\/wp-json\/wp\/v2\/comments?post=6816"}],"version-history":[{"count":3,"href":"https:\/\/r4sgroup.com\/es\/wp-json\/wp\/v2\/pages\/6816\/revisions"}],"predecessor-version":[{"id":7283,"href":"https:\/\/r4sgroup.com\/es\/wp-json\/wp\/v2\/pages\/6816\/revisions\/7283"}],"up":[{"embeddable":true,"href":"https:\/\/r4sgroup.com\/es\/wp-json\/wp\/v2\/pages\/3175"}],"wp:attachment":[{"href":"https:\/\/r4sgroup.com\/es\/wp-json\/wp\/v2\/media?parent=6816"}],"curies":[{"name":"wp","href":"https:\/\/api.w.org\/{rel}","templated":true}]}}