{"id":6818,"date":"2023-07-26T14:15:05","date_gmt":"2023-07-26T12:15:05","guid":{"rendered":"https:\/\/r4sgroup.com\/solucions\/normativa-y-reporting-sostenible\/"},"modified":"2023-10-27T11:31:33","modified_gmt":"2023-10-27T09:31:33","slug":"normativa-y-reporting","status":"publish","type":"page","link":"https:\/\/r4sgroup.com\/es\/soluciones\/normativa-y-reporting\/","title":{"rendered":"Normativa y reporting"},"content":{"rendered":"\n<div class=\"wp-block-cover alignfull is-light has-custom-content-position is-position-bottom-left\" style=\"min-height:60vh;aspect-ratio:unset;\"><span aria-hidden=\"true\" class=\"wp-block-cover__background has-black-background-color has-background-dim-0 has-background-dim\"><\/span><img loading=\"lazy\" decoding=\"async\" width=\"1620\" height=\"1080\" class=\"wp-block-cover__image-background wp-image-2556\" alt=\"\" src=\"https:\/\/r4sgroup.com\/wp-content\/uploads\/2022\/06\/6.jpg\" style=\"object-position:58% 69%\" data-object-fit=\"cover\" data-object-position=\"58% 69%\" srcset=\"https:\/\/r4sgroup.com\/wp-content\/uploads\/2022\/06\/6.jpg 1620w, https:\/\/r4sgroup.com\/wp-content\/uploads\/2022\/06\/6-300x200.jpg 300w, https:\/\/r4sgroup.com\/wp-content\/uploads\/2022\/06\/6-1024x683.jpg 1024w, https:\/\/r4sgroup.com\/wp-content\/uploads\/2022\/06\/6-768x512.jpg 768w, https:\/\/r4sgroup.com\/wp-content\/uploads\/2022\/06\/6-1536x1024.jpg 1536w\" sizes=\"auto, (max-width: 1620px) 100vw, 1620px\" \/><div class=\"wp-block-cover__inner-container is-layout-flow wp-block-cover-is-layout-flow\">\n<h1 class=\"wp-block-heading has-white-color has-text-color has-huge-font-size margin-top-xl margin-bottom-xl\" style=\"line-height:0.94\">Nuestras soluciones<\/h1>\n<\/div><\/div>\n\n\n<div id=\"block-breadcrumbs-block_f6ebb83c3567ab223238b26c16d0e068\" class=\"block-breadcrumbs breadcrumbs wide alignwide margin-top-xl margin-bottom-none\">\n   <nav aria-label=\"breadcrumbs\">\n    <ol class=\"breadcrumbs__list\"><li class=\"breadcrumbs__item\"><a href=\"https:\/\/r4sgroup.com\/es\/\">Inicio<\/a><\/li><\/ol>\n    <\/nav>\n<\/div>\n\n\n\n<h2 class=\"wp-block-heading alignwide has-primary-color has-text-color has-extra-large-font-size margin-top-xl margin-bottom-xxs\">Normativa y reporting <\/h2>\n\n\n\n<p class=\"alignwide has-text-align-wide margin-top-none margin-bottom-m\">Acompa\u00f1amos y orientamos a las organizaciones para garantizar el cumplimiento de la legislaci\u00f3n vinculada a la sostenibilidad. Trabajamos desde un enfoque hol\u00edstico y transversal, <strong>superando el mero cumplimiento legal, y utilizando los requerimientos normativos como una palanca m\u00e1s en el camino de integraci\u00f3n de la sostenibilidad<\/strong> en el negocio de las empresas.<\/p>\n\n\n\n<div class=\"wp-block-columns alignwide margin-top-m is-layout-flex wp-container-core-columns-is-layout-28f84493 wp-block-columns-is-layout-flex\">\n<div class=\"wp-block-column is-layout-flow wp-block-column-is-layout-flow\"><div id=\"custom_accordion-block_5080bd0cf9d05ee770b6a2c50ead76a3\" class=\"custom_accordion custom-accordion full alignfull\">\n    \n<div id=\"accordion-item-block_03a252bc4bac3a3367a25f76f869ec8a\" class=\"accordion-item js-accordion-item accordion-item full alignfull\">\n\n  <h3 class=\"accordion-item__title\"><a class=\"js-accordion-trigger accordion-item__trigger\" href=\"#\">Normativa en sostenibilidad<\/a><\/h3>\n  <div class=\"accordion-item__content\">\n    \n\n<p>Ofrecemos soporte a las organizaciones para <strong>interpretar y dar cumplimiento a la normativa actual en sostenibilidad, as\u00ed como aquella que est\u00e1 en desarrollo<\/strong>.<\/p>\n\n\n\n<p>Para ello, realizamos un estricto seguimiento de las novedades legislativas en materia de sostenibilidad (<strong>mapa normativo<\/strong>); un <strong>GAP Analysis<\/strong> personalizado a las organizaciones que lo requiera para identificar los espacios de mejora; y definimos una hoja de ruta que se integrar\u00e1 en la estrategia de la compa\u00f1\u00eda para adaptarse a los nuevos requerimientos normativos.<\/p>\n\n\n  <\/div>\n\n<\/div>\n\n\n\n<div id=\"accordion-item-block_ab407fcb88b7111118d3996eb53fceb6\" class=\"accordion-item js-accordion-item accordion-item full alignfull\">\n\n  <h3 class=\"accordion-item__title\"><a class=\"js-accordion-trigger accordion-item__trigger\" href=\"#\">Diligencia debida en la cadena de suministro<\/a><\/h3>\n  <div class=\"accordion-item__content\">\n    \n\n<p>Ofrecemos asesoramiento, soporte y servicios personalizados seg\u00fan las necesidades de cada empresa para la implementaci\u00f3n \u2013a lo largo de su cadena de suministro\u2212 de <strong>las obligaciones sobre derechos humanos y medioambiente establecidas en la nueva Directiva (UE) <\/strong>sobre Debida Diligencia para las Empresas en Materia de Sostenibilidad.<\/p>\n\n\n  <\/div>\n\n<\/div>\n\n\n\n<div id=\"accordion-item-block_979304cd60a970f4a4663e237fa98952\" class=\"accordion-item js-accordion-item accordion-item full alignfull\">\n\n  <h3 class=\"accordion-item__title\"><a class=\"js-accordion-trigger accordion-item__trigger\" href=\"#\">Taxonom\u00eda europea<\/a><\/h3>\n  <div class=\"accordion-item__content\">\n    \n\n<p>Orientamos a las organizaciones en la <strong>definici\u00f3n y c\u00e1lculo de los indicadores requeridos por la Taxonom\u00eda Europea, <\/strong>as\u00ed como en la incorporaci\u00f3n de los aspectos ambientales y sociales establecidos (actuales y en desarrollo) en el relato corporativo, en el <em>reporting<\/em> y en las decisiones estrat\u00e9gicas.<\/p>\n\n\n  <\/div>\n\n<\/div>\n\n\n\n<div id=\"accordion-item-block_87a9daaee3dbf05d03d69d7fcc902131\" class=\"accordion-item js-accordion-item accordion-item full alignfull\">\n\n  <h3 class=\"accordion-item__title\"><a class=\"js-accordion-trigger accordion-item__trigger\" href=\"#\">Reporting no financiero<\/a><\/h3>\n  <div class=\"accordion-item__content\">\n    \n\n<p>Ofrecemos asesoramiento para que las <strong>organizaciones se preparen e integren los requerimientos de reporte y divulgaci\u00f3n estandarizados <\/strong>que requieren las normativas vinculadas al reporting de informaci\u00f3n no financiera: No-Finance Reporting Directive <strong>(NFRD), <\/strong>Corporate Sustainability Reporting Directive <strong>(CSRD)<\/strong> y Est\u00e1ndares de Reporte en Materia de Sostenibilidad <strong>(ESRS).<\/strong><\/p>\n\n\n  <\/div>\n\n<\/div>\n\n\n\n<\/div>\n\n<\/div>\n\n\n\n<div class=\"wp-block-column is-layout-flow wp-block-column-is-layout-flow\">\n<figure class=\"wp-block-image size-large\"><img loading=\"lazy\" decoding=\"async\" width=\"1024\" height=\"683\" src=\"https:\/\/r4sgroup.com\/wp-content\/uploads\/2023\/07\/servei-normativa-reporting-responable-1024x683.webp\" alt=\"\" class=\"wp-image-6792\" srcset=\"https:\/\/r4sgroup.com\/wp-content\/uploads\/2023\/07\/servei-normativa-reporting-responable-1024x683.webp 1024w, https:\/\/r4sgroup.com\/wp-content\/uploads\/2023\/07\/servei-normativa-reporting-responable-300x200.webp 300w, https:\/\/r4sgroup.com\/wp-content\/uploads\/2023\/07\/servei-normativa-reporting-responable-768x512.webp 768w, https:\/\/r4sgroup.com\/wp-content\/uploads\/2023\/07\/servei-normativa-reporting-responable.webp 1200w\" sizes=\"auto, (max-width: 1024px) 100vw, 1024px\" \/><\/figure>\n<\/div>\n<\/div>\n\n\n\n<div class=\"wp-block-buttons margin-top-xl margin-bottom-xl is-content-justification-center is-layout-flex wp-container-core-buttons-is-layout-a89b3969 wp-block-buttons-is-layout-flex\">\n<div class=\"wp-block-button is-style-link-arrow-left\"><a class=\"wp-block-button__link has-primary-color has-white-background-color has-text-color has-background wp-element-button\" href=\"https:\/\/r4sgroup.com\/es\/soluciones\/\">Volver a soluciones<\/a><\/div>\n<\/div>\n\n\n\n<h2 class=\"wp-block-heading has-text-align-center has-extra-large-font-size margin-bottom-xs\"><mark style=\"background-color:rgba(0, 0, 0, 0)\" class=\"has-inline-color has-primary-color\">Proyectos recomendados<\/mark><\/h2>\n\n\n<div id=\"projects_grid-block_a84f0d16bf2dfefad4befc2dc177b8ab\" class=\"projects-grid block-post-grid alignwide\">\n\n  \n      <div id=\"js__ajax-posts-project\" class=\"post-grid__list\">\n              \n        <div class=\"post-grid__item\">\n  <!-- Component Card -->\n  <a href=\"https:\/\/r4sgroup.com\/es\/proyecto\/soporte-informe-sostenibilidad\/\" class=\"project-card\">\n    <div class=\"project-card__inner\">\n      <img loading=\"lazy\" decoding=\"async\" width=\"1024\" height=\"575\" src=\"https:\/\/r4sgroup.com\/wp-content\/uploads\/2023\/10\/9E0A8942-edited-1024x575.jpg\" class=\"project-card__image wp-post-image\" alt=\"Apoyo en la preparaci\u00f3n del Informe de Sostenibilidad\" srcset=\"https:\/\/r4sgroup.com\/wp-content\/uploads\/2023\/10\/9E0A8942-edited-1024x575.jpg 1024w, https:\/\/r4sgroup.com\/wp-content\/uploads\/2023\/10\/9E0A8942-edited-300x169.jpg 300w, https:\/\/r4sgroup.com\/wp-content\/uploads\/2023\/10\/9E0A8942-edited-768x432.jpg 768w\" sizes=\"auto, (max-width: 1024px) 100vw, 1024px\" \/>\n      <h3 class=\"project-card__title\">Apoyo en la preparaci\u00f3n del Informe de Sostenibilidad<\/h3>\n    <\/div>\n        <h4 class=\"project-card__subtitle\">La Farga<\/h4>\n      <\/a>\n  <!-- Fin de component Card -->\n<\/div>\n          <\/div>\n  \n  \n<\/div>\n\n<script>\n  jQuery(function($) {\n    var projectPageNumber = 1;\n\n    jQuery(\"#js__more-posts-project\").on(\"click\", function(e) {\n      e.preventDefault();\n      projectPageNumber++;\n      jQuery.ajax({\n        type: \"POST\",\n        dataType: \"json\",\n        url: \"https:\/\/r4sgroup.com\/wp-admin\/admin-ajax.php\",\n        data: {\n          action: 'load_more_post_ajax',\n          pageNumber: projectPageNumber,\n          postType: 'project',\n          postsIn: [7896],\n          taxonomy: jQuery(\"#js__ajax-posts-project\").attr(\"data-taxonomy\"),\n          term: jQuery(\"#js__ajax-posts-project\").attr(\"data-term\"),\n          ppp: 2,\n          lang: \"es\"\n        },\n        success: function(response) {\n          if (response.success) {\n            if (response.data) {\n              jQuery(\"#js__ajax-posts-project\").append(response.data.html);\n              jQuery(\"#js__more-posts-project\").show();\n              if (response.data.last) {\n                jQuery(\"#js__more-posts-project\").hide();\n              }\n            } else {\n              jQuery(\"#js__more-posts-project\").hide();\n            }\n          }\n        },\n        error: function(e) {\n          console.log(\"Error :: \" + e);\n        }\n\n      });\n    });\n\n    jQuery(\".js-project-filter-item\").on(\"click\", function(e) {\n      e.preventDefault();\n      projectPageNumber = 1;\n      var label = jQuery(this);\n\n      jQuery.ajax({\n        type: \"POST\",\n        dataType: \"json\",\n        url: \"https:\/\/r4sgroup.com\/wp-admin\/admin-ajax.php\",\n        data: {\n          action: 'load_more_post_ajax',\n          pageNumber: projectPageNumber,\n          postType: 'project',\n          postsIn: [7896],\n          taxonomy: label.attr(\"data-taxonomy\"),\n          term: label.attr(\"data-term\"),\n          ppp: 2,\n          lang: \"es\"\n        },\n        success: function(response) {\n\n\n          if (response.success) {\n            \/\/ console.log(response.data);\n            if (response.data) {\n              jQuery(\".js-project-filter-item\").removeClass(\"is-current\");\n              label.addClass(\"is-current\");\n              jQuery(\".js-project-filter-item\").parent().addClass(\"is-filtering\");\n              jQuery(\"#js__ajax-posts-project\")\n                .attr(\"data-taxonomy\", label.attr(\"data-taxonomy\"))\n                .attr(\"data-term\", label.attr(\"data-term\"))\n                .html(response.data.html);\n\n              jQuery(\"#js__more-posts-project\").show();\n              if (response.data.last) {\n                jQuery(\"#js__more-posts-project\").hide();\n              }\n\n              if (label.attr(\"data-term\") == 0) {\n                jQuery(\".js-project-filter-item\").parent().removeClass(\"is-filtering\");\n              }\n\n            } else {\n              jQuery(\"#js__ajax-posts-project\").html(\n              \"Sorry, no results were found.\");\n              jQuery(\"#js__more-posts-project\").hide();\n            }\n          }\n        },\n        error: function(e) {\n          console.log(\"Error :: \" + e);\n        }\n\n      });\n    });\n\n  });\n<\/script>\n","protected":false},"excerpt":{"rendered":"<p>Normativa y reporting Acompa\u00f1amos y orientamos a las organizaciones para garantizar el cumplimiento de la legislaci\u00f3n vinculada a la sostenibilidad. Trabajamos desde un enfoque hol\u00edstico y transversal, superando el mero cumplimiento legal, y utilizando los requerimientos normativos como una palanca m\u00e1s en el camino de integraci\u00f3n de la sostenibilidad en el negocio de las empresas. &hellip; <a href=\"https:\/\/r4sgroup.com\/es\/soluciones\/normativa-y-reporting\/\">Continuar<\/a><\/p>\n","protected":false},"author":2,"featured_media":0,"parent":3175,"menu_order":0,"comment_status":"closed","ping_status":"closed","template":"","meta":{"_acf_changed":false,"footnotes":""},"class_list":["post-6818","page","type-page","status-publish","hentry"],"acf":[],"_links":{"self":[{"href":"https:\/\/r4sgroup.com\/es\/wp-json\/wp\/v2\/pages\/6818","targetHints":{"allow":["GET"]}}],"collection":[{"href":"https:\/\/r4sgroup.com\/es\/wp-json\/wp\/v2\/pages"}],"about":[{"href":"https:\/\/r4sgroup.com\/es\/wp-json\/wp\/v2\/types\/page"}],"author":[{"embeddable":true,"href":"https:\/\/r4sgroup.com\/es\/wp-json\/wp\/v2\/users\/2"}],"replies":[{"embeddable":true,"href":"https:\/\/r4sgroup.com\/es\/wp-json\/wp\/v2\/comments?post=6818"}],"version-history":[{"count":2,"href":"https:\/\/r4sgroup.com\/es\/wp-json\/wp\/v2\/pages\/6818\/revisions"}],"predecessor-version":[{"id":8039,"href":"https:\/\/r4sgroup.com\/es\/wp-json\/wp\/v2\/pages\/6818\/revisions\/8039"}],"up":[{"embeddable":true,"href":"https:\/\/r4sgroup.com\/es\/wp-json\/wp\/v2\/pages\/3175"}],"wp:attachment":[{"href":"https:\/\/r4sgroup.com\/es\/wp-json\/wp\/v2\/media?parent=6818"}],"curies":[{"name":"wp","href":"https:\/\/api.w.org\/{rel}","templated":true}]}}