{"id":6820,"date":"2023-07-26T14:08:38","date_gmt":"2023-07-26T12:08:38","guid":{"rendered":"https:\/\/r4sgroup.com\/solucions\/cadena-de-subministrament-responsable\/"},"modified":"2023-10-12T12:30:57","modified_gmt":"2023-10-12T10:30:57","slug":"cadena-de-subministrament-responsable","status":"publish","type":"page","link":"https:\/\/r4sgroup.com\/es\/soluciones\/cadena-de-subministrament-responsable\/","title":{"rendered":"Cadena de suministro responsable"},"content":{"rendered":"\n<div class=\"wp-block-cover alignfull is-light has-custom-content-position is-position-bottom-left\" style=\"min-height:60vh;aspect-ratio:unset;\"><span aria-hidden=\"true\" class=\"wp-block-cover__background has-black-background-color has-background-dim-0 has-background-dim\"><\/span><img loading=\"lazy\" decoding=\"async\" width=\"1620\" height=\"1080\" class=\"wp-block-cover__image-background wp-image-2556\" alt=\"\" src=\"https:\/\/r4sgroup.com\/wp-content\/uploads\/2022\/06\/6.jpg\" style=\"object-position:58% 69%\" data-object-fit=\"cover\" data-object-position=\"58% 69%\" srcset=\"https:\/\/r4sgroup.com\/wp-content\/uploads\/2022\/06\/6.jpg 1620w, https:\/\/r4sgroup.com\/wp-content\/uploads\/2022\/06\/6-300x200.jpg 300w, https:\/\/r4sgroup.com\/wp-content\/uploads\/2022\/06\/6-1024x683.jpg 1024w, https:\/\/r4sgroup.com\/wp-content\/uploads\/2022\/06\/6-768x512.jpg 768w, https:\/\/r4sgroup.com\/wp-content\/uploads\/2022\/06\/6-1536x1024.jpg 1536w\" sizes=\"auto, (max-width: 1620px) 100vw, 1620px\" \/><div class=\"wp-block-cover__inner-container is-layout-flow wp-block-cover-is-layout-flow\">\n<h1 class=\"wp-block-heading has-white-color has-text-color has-huge-font-size margin-top-xl margin-bottom-xl\" style=\"line-height:0.94\">Nuestras soluciones<\/h1>\n<\/div><\/div>\n\n\n<div id=\"block-breadcrumbs-block_cd0d2031414f6abc45d7a0411c9e0739\" class=\"block-breadcrumbs breadcrumbs wide alignwide margin-top-xl margin-bottom-none\">\n   <nav aria-label=\"breadcrumbs\">\n    <ol class=\"breadcrumbs__list\"><li class=\"breadcrumbs__item\"><a href=\"https:\/\/r4sgroup.com\/es\/\">Inicio<\/a><\/li><\/ol>\n    <\/nav>\n<\/div>\n\n\n\n<h2 class=\"wp-block-heading alignwide has-primary-color has-text-color has-extra-large-font-size margin-top-xl margin-bottom-none\">Cadena de suministro responsable<\/h2>\n\n\n\n<p class=\"alignwide has-text-align-wide has-extra-small-font-size margin-top-xxs margin-bottom-none\">Acompa\u00f1amos a las organizaciones en el proceso <strong>de transformaci\u00f3n de la funci\u00f3n de compras, para gestionar y garantizar una cadena de suministro social y medioambientalmente responsable<\/strong>.<\/p>\n\n\n\n<div class=\"wp-block-columns alignwide margin-top-m is-layout-flex wp-container-core-columns-is-layout-28f84493 wp-block-columns-is-layout-flex\">\n<div class=\"wp-block-column is-layout-flow wp-block-column-is-layout-flow\"><div id=\"custom_accordion-block_c8be21f2810102c10f6f7cb55b4da208\" class=\"custom_accordion custom-accordion full alignfull\">\n    \n<div id=\"accordion-item-block_4234cfbdbf1b59c1a38f57420b456ff5\" class=\"accordion-item js-accordion-item accordion-item full alignfull\">\n\n  <h3 class=\"accordion-item__title\"><a class=\"js-accordion-trigger accordion-item__trigger\" href=\"#\">Mapa de riesgos ESG<\/a><\/h3>\n  <div class=\"accordion-item__content\">\n    \n\n<p class=\"undefined margin-top-none margin-bottom-m\">En cumplimiento con la normativa de debida diligencia, acompa\u00f1amos a las empresas en la <strong>identificaci\u00f3n, la priorizaci\u00f3n, el an\u00e1lisis del alcance y la mitigaci\u00f3n de los riesgos sociales y medioambientales<\/strong> a lo largo de la cadena de suministro. Realizamos un mapa de factores de riesgo que puedan tener impactos econ\u00f3micos, sociales y\/o medioambientales negativos, para identificar y mitigar aquellos puntos m\u00e1s cr\u00edticos y adaptar el proceso y los criterios de compra de manera informada.<\/p>\n\n\n  <\/div>\n\n<\/div>\n\n\n\n<div id=\"accordion-item-block_b053d7e12870534020b8b92501a8fd3a\" class=\"accordion-item js-accordion-item accordion-item full alignfull\">\n\n  <h3 class=\"accordion-item__title\"><a class=\"js-accordion-trigger accordion-item__trigger\" href=\"#\">Transformaci\u00f3n de la cadena de suministro<\/a><\/h3>\n  <div class=\"accordion-item__content\">\n    \n\n<p class=\"undefined margin-top-none margin-bottom-m\">Definimos una hoja de ruta <strong>para transformar el modelo de compras, de manera que tenga en cuenta los impactos sociales y medioambientales de las organizaciones<\/strong>; considerando la evoluci\u00f3n y la incorporaci\u00f3n de nuevos mecanismos, pol\u00edticas, herramientas y procesos de gesti\u00f3n del impacto, a la vez que teniendo en cuenta las posibilidades y realidades de cada categor\u00eda de producto y\/o servicio.<\/p>\n\n\n  <\/div>\n\n<\/div>\n\n\n\n<\/div>\n\n<\/div>\n\n\n\n<div class=\"wp-block-column is-layout-flow wp-block-column-is-layout-flow\">\n<figure class=\"wp-block-image alignfull size-large\"><img loading=\"lazy\" decoding=\"async\" width=\"1024\" height=\"683\" src=\"https:\/\/r4sgroup.com\/wp-content\/uploads\/2023\/07\/servei-cadena-subministrament-responsable-1024x683.webp\" alt=\"\" class=\"wp-image-6780\" srcset=\"https:\/\/r4sgroup.com\/wp-content\/uploads\/2023\/07\/servei-cadena-subministrament-responsable-1024x683.webp 1024w, https:\/\/r4sgroup.com\/wp-content\/uploads\/2023\/07\/servei-cadena-subministrament-responsable-300x200.webp 300w, https:\/\/r4sgroup.com\/wp-content\/uploads\/2023\/07\/servei-cadena-subministrament-responsable-768x512.webp 768w, https:\/\/r4sgroup.com\/wp-content\/uploads\/2023\/07\/servei-cadena-subministrament-responsable.webp 1200w\" sizes=\"auto, (max-width: 1024px) 100vw, 1024px\" \/><\/figure>\n<\/div>\n<\/div>\n\n\n\n<div class=\"wp-block-buttons margin-top-xl margin-bottom-3xl is-content-justification-center is-layout-flex wp-container-core-buttons-is-layout-a89b3969 wp-block-buttons-is-layout-flex\">\n<div class=\"wp-block-button is-style-link-arrow-left\"><a class=\"wp-block-button__link has-primary-color has-white-background-color has-text-color has-background wp-element-button\" href=\"https:\/\/r4sgroup.com\/es\/soluciones\/\">Volver a soluciones<\/a><\/div>\n<\/div>\n\n\n\n<div class=\"wp-block-group alignwide margin-top-xxl margin-bottom-xxl is-layout-flow wp-block-group-is-layout-flow\" id=\"recommend-projects\">\n<h3 class=\"wp-block-heading alignfull has-text-align-center has-primary-color has-text-color has-extra-large-font-size margin-top-none margin-bottom-xs\">Proyectos recomendados<\/h3>\n<\/div>\n\n\n<div id=\"projects_grid-block_6257683215d8c9795fd717faafaf6d45\" class=\"projects-grid block-post-grid alignwide\">\n\n  \n      <div id=\"js__ajax-posts-project\" class=\"post-grid__list\">\n              \n        <div class=\"post-grid__item\">\n  <!-- Component Card -->\n  <a href=\"https:\/\/r4sgroup.com\/es\/proyecto\/mapa-de-riscos-i-model-de-compres\/\" class=\"project-card\">\n    <div class=\"project-card__inner\">\n      <img loading=\"lazy\" decoding=\"async\" width=\"1024\" height=\"576\" src=\"https:\/\/r4sgroup.com\/wp-content\/uploads\/2023\/10\/Jonathan_Olivares-16_9-3-1024x576.jpg\" class=\"project-card__image wp-post-image\" alt=\"Mapa de riesgos y modelo de compras\" srcset=\"https:\/\/r4sgroup.com\/wp-content\/uploads\/2023\/10\/Jonathan_Olivares-16_9-3-1024x576.jpg 1024w, https:\/\/r4sgroup.com\/wp-content\/uploads\/2023\/10\/Jonathan_Olivares-16_9-3-300x169.jpg 300w, https:\/\/r4sgroup.com\/wp-content\/uploads\/2023\/10\/Jonathan_Olivares-16_9-3-768x432.jpg 768w, https:\/\/r4sgroup.com\/wp-content\/uploads\/2023\/10\/Jonathan_Olivares-16_9-3-1536x864.jpg 1536w, https:\/\/r4sgroup.com\/wp-content\/uploads\/2023\/10\/Jonathan_Olivares-16_9-3.jpg 2000w\" sizes=\"auto, (max-width: 1024px) 100vw, 1024px\" \/>\n      <h3 class=\"project-card__title\">Mapa de riesgos y modelo de compras<\/h3>\n    <\/div>\n        <h4 class=\"project-card__subtitle\">Camper<\/h4>\n      <\/a>\n  <!-- Fin de component Card -->\n<\/div>\n          <\/div>\n  \n  \n<\/div>\n\n<script>\n  jQuery(function($) {\n    var projectPageNumber = 1;\n\n    jQuery(\"#js__more-posts-project\").on(\"click\", function(e) {\n      e.preventDefault();\n      projectPageNumber++;\n      jQuery.ajax({\n        type: \"POST\",\n        dataType: \"json\",\n        url: \"https:\/\/r4sgroup.com\/wp-admin\/admin-ajax.php\",\n        data: {\n          action: 'load_more_post_ajax',\n          pageNumber: projectPageNumber,\n          postType: 'project',\n          postsIn: [7742],\n          taxonomy: jQuery(\"#js__ajax-posts-project\").attr(\"data-taxonomy\"),\n          term: jQuery(\"#js__ajax-posts-project\").attr(\"data-term\"),\n          ppp: 2,\n          lang: \"es\"\n        },\n        success: function(response) {\n          if (response.success) {\n            if (response.data) {\n              jQuery(\"#js__ajax-posts-project\").append(response.data.html);\n              jQuery(\"#js__more-posts-project\").show();\n              if (response.data.last) {\n                jQuery(\"#js__more-posts-project\").hide();\n              }\n            } else {\n              jQuery(\"#js__more-posts-project\").hide();\n            }\n          }\n        },\n        error: function(e) {\n          console.log(\"Error :: \" + e);\n        }\n\n      });\n    });\n\n    jQuery(\".js-project-filter-item\").on(\"click\", function(e) {\n      e.preventDefault();\n      projectPageNumber = 1;\n      var label = jQuery(this);\n\n      jQuery.ajax({\n        type: \"POST\",\n        dataType: \"json\",\n        url: \"https:\/\/r4sgroup.com\/wp-admin\/admin-ajax.php\",\n        data: {\n          action: 'load_more_post_ajax',\n          pageNumber: projectPageNumber,\n          postType: 'project',\n          postsIn: [7742],\n          taxonomy: label.attr(\"data-taxonomy\"),\n          term: label.attr(\"data-term\"),\n          ppp: 2,\n          lang: \"es\"\n        },\n        success: function(response) {\n\n\n          if (response.success) {\n            \/\/ console.log(response.data);\n            if (response.data) {\n              jQuery(\".js-project-filter-item\").removeClass(\"is-current\");\n              label.addClass(\"is-current\");\n              jQuery(\".js-project-filter-item\").parent().addClass(\"is-filtering\");\n              jQuery(\"#js__ajax-posts-project\")\n                .attr(\"data-taxonomy\", label.attr(\"data-taxonomy\"))\n                .attr(\"data-term\", label.attr(\"data-term\"))\n                .html(response.data.html);\n\n              jQuery(\"#js__more-posts-project\").show();\n              if (response.data.last) {\n                jQuery(\"#js__more-posts-project\").hide();\n              }\n\n              if (label.attr(\"data-term\") == 0) {\n                jQuery(\".js-project-filter-item\").parent().removeClass(\"is-filtering\");\n              }\n\n            } else {\n              jQuery(\"#js__ajax-posts-project\").html(\n              \"Sorry, no results were found.\");\n              jQuery(\"#js__more-posts-project\").hide();\n            }\n          }\n        },\n        error: function(e) {\n          console.log(\"Error :: \" + e);\n        }\n\n      });\n    });\n\n  });\n<\/script>\n","protected":false},"excerpt":{"rendered":"<p>Cadena de suministro responsable Acompa\u00f1amos a las organizaciones en el proceso de transformaci\u00f3n de la funci\u00f3n de compras, para gestionar y garantizar una cadena de suministro social y medioambientalmente responsable. Proyectos recomendados<\/p>\n","protected":false},"author":2,"featured_media":0,"parent":3175,"menu_order":0,"comment_status":"closed","ping_status":"closed","template":"","meta":{"_acf_changed":false,"footnotes":""},"class_list":["post-6820","page","type-page","status-publish","hentry"],"acf":[],"_links":{"self":[{"href":"https:\/\/r4sgroup.com\/es\/wp-json\/wp\/v2\/pages\/6820","targetHints":{"allow":["GET"]}}],"collection":[{"href":"https:\/\/r4sgroup.com\/es\/wp-json\/wp\/v2\/pages"}],"about":[{"href":"https:\/\/r4sgroup.com\/es\/wp-json\/wp\/v2\/types\/page"}],"author":[{"embeddable":true,"href":"https:\/\/r4sgroup.com\/es\/wp-json\/wp\/v2\/users\/2"}],"replies":[{"embeddable":true,"href":"https:\/\/r4sgroup.com\/es\/wp-json\/wp\/v2\/comments?post=6820"}],"version-history":[{"count":2,"href":"https:\/\/r4sgroup.com\/es\/wp-json\/wp\/v2\/pages\/6820\/revisions"}],"predecessor-version":[{"id":7767,"href":"https:\/\/r4sgroup.com\/es\/wp-json\/wp\/v2\/pages\/6820\/revisions\/7767"}],"up":[{"embeddable":true,"href":"https:\/\/r4sgroup.com\/es\/wp-json\/wp\/v2\/pages\/3175"}],"wp:attachment":[{"href":"https:\/\/r4sgroup.com\/es\/wp-json\/wp\/v2\/media?parent=6820"}],"curies":[{"name":"wp","href":"https:\/\/api.w.org\/{rel}","templated":true}]}}