{"id":6822,"date":"2023-07-26T14:02:15","date_gmt":"2023-07-26T12:02:15","guid":{"rendered":"https:\/\/r4sgroup.com\/solucions\/definicio-estrategica\/"},"modified":"2023-09-18T17:12:21","modified_gmt":"2023-09-18T15:12:21","slug":"definicio-estrategica","status":"publish","type":"page","link":"https:\/\/r4sgroup.com\/es\/soluciones\/definicio-estrategica\/","title":{"rendered":"Definici\u00f3n estrat\u00e9gica"},"content":{"rendered":"\n<div class=\"wp-block-cover alignfull is-light has-custom-content-position is-position-bottom-left\" style=\"min-height:60vh;aspect-ratio:unset;\"><span aria-hidden=\"true\" class=\"wp-block-cover__background has-black-background-color has-background-dim-0 has-background-dim\"><\/span><img loading=\"lazy\" decoding=\"async\" width=\"1620\" height=\"1080\" class=\"wp-block-cover__image-background wp-image-2556\" alt=\"\" src=\"https:\/\/r4sgroup.com\/wp-content\/uploads\/2022\/06\/6.jpg\" style=\"object-position:58% 69%\" data-object-fit=\"cover\" data-object-position=\"58% 69%\" srcset=\"https:\/\/r4sgroup.com\/wp-content\/uploads\/2022\/06\/6.jpg 1620w, https:\/\/r4sgroup.com\/wp-content\/uploads\/2022\/06\/6-300x200.jpg 300w, https:\/\/r4sgroup.com\/wp-content\/uploads\/2022\/06\/6-1024x683.jpg 1024w, https:\/\/r4sgroup.com\/wp-content\/uploads\/2022\/06\/6-768x512.jpg 768w, https:\/\/r4sgroup.com\/wp-content\/uploads\/2022\/06\/6-1536x1024.jpg 1536w\" sizes=\"auto, (max-width: 1620px) 100vw, 1620px\" \/><div class=\"wp-block-cover__inner-container is-layout-flow wp-block-cover-is-layout-flow\">\n<h1 class=\"wp-block-heading has-white-color has-text-color has-huge-font-size margin-top-xl margin-bottom-xl\" style=\"line-height:0.94\">Nuestras soluciones<\/h1>\n<\/div><\/div>\n\n\n<div id=\"block-breadcrumbs-block_9610045aa34b0eeeff1540a2400119e6\" class=\"block-breadcrumbs breadcrumbs wide alignwide margin-top-xl margin-bottom-none\">\n   <nav aria-label=\"breadcrumbs\">\n    <ol class=\"breadcrumbs__list\"><li class=\"breadcrumbs__item\"><a href=\"https:\/\/r4sgroup.com\/es\/\">Inicio<\/a><\/li><\/ol>\n    <\/nav>\n<\/div>\n\n\n\n<h2 class=\"wp-block-heading alignwide has-primary-color has-text-color has-extra-large-font-size margin-top-xl margin-bottom-none\">Definici\u00f3n estrat\u00e9gica<\/h2>\n\n\n\n<p class=\"alignwide has-text-align-wide margin-top-xxs margin-bottom-none\" style=\"font-size:17px\">Acompa\u00f1amos a las empresas <strong>en la definici\u00f3n y el despliegue de una estrategia corporativa que incorpore la sostenibilidad<\/strong> de manera transversal. Garantizamos que los procesos de reflexi\u00f3n estrat\u00e9gica consideren <strong>el cumplimiento de la normativa vigente y futura, las tendencias del mercado, las econom\u00edas de escala entre est\u00e1ndares de referencia, el nivel de madurez actual de las empresas y sus condiciones organizativas<\/strong>.<\/p>\n\n\n\n<div class=\"wp-block-columns alignwide margin-top-m is-layout-flex wp-container-core-columns-is-layout-28f84493 wp-block-columns-is-layout-flex\">\n<div class=\"wp-block-column is-layout-flow wp-block-column-is-layout-flow\"><div id=\"custom_accordion-block_f59647fff76131a78d9a91248dc72378\" class=\"custom_accordion custom-accordion full alignfull\">\n    \n<div id=\"accordion-item-block_d17f4e02f725eeca76a95262088b92b0\" class=\"accordion-item js-accordion-item accordion-item full alignfull\">\n\n  <h3 class=\"accordion-item__title\"><a class=\"js-accordion-trigger accordion-item__trigger\" href=\"#\">Definici\u00f3n y reflexi\u00f3n estrat\u00e9gica<\/a><\/h3>\n  <div class=\"accordion-item__content\">\n    \n\n<p class=\"undefined margin-top-none margin-bottom-m\">Analizamos las iniciativas, los proyectos y los procesos de las organizaciones en clave transversal, para <strong>determinar el estado de la situaci\u00f3n de acuerdo con est\u00e1ndares internacionales y de mercado<\/strong>, as\u00ed como el nivel de madurez de las empresas, para definir las oportunidades de posicionamiento estrat\u00e9gico y las prioridades, y as\u00ed <strong>dise\u00f1ar una hoja de ruta de transformaci\u00f3n<\/strong> hacia la integraci\u00f3n hol\u00edstica de la sostenibilidad.<\/p>\n\n\n  <\/div>\n\n<\/div>\n\n\n\n<div id=\"accordion-item-block_ee15a3c299c0c467e281fb428d602631\" class=\"accordion-item js-accordion-item accordion-item full alignfull\">\n\n  <h3 class=\"accordion-item__title\"><a class=\"js-accordion-trigger accordion-item__trigger\" href=\"#\">Prop\u00f3sito<\/a><\/h3>\n  <div class=\"accordion-item__content\">\n    \n\n<p class=\"undefined margin-top-none margin-bottom-m\">Acompa\u00f1amos a las organizaciones en el proceso estrat\u00e9gico de <strong>reflexi\u00f3n, articulaci\u00f3n y activaci\u00f3n del prop\u00f3sito empresarial<\/strong>. Lo integramos en el modelo organizativo a trav\u00e9s de la evoluci\u00f3n de la visi\u00f3n de las empresas y la concreci\u00f3n en compromisos estrat\u00e9gicos; as\u00ed como la <strong>integraci\u00f3n del prop\u00f3sito en la cultura empresarial<\/strong> y la toma de decisiones.<\/p>\n\n\n  <\/div>\n\n<\/div>\n\n\n\n<div id=\"accordion-item-block_fad9f49384528748317c381aeeb47a28\" class=\"accordion-item js-accordion-item accordion-item full alignfull\">\n\n  <h3 class=\"accordion-item__title\"><a class=\"js-accordion-trigger accordion-item__trigger\" href=\"#\">An\u00e1lisis de materialidad y doble materialidad<\/a><\/h3>\n  <div class=\"accordion-item__content\">\n    \n\n<p class=\"undefined margin-top-none margin-bottom-m\">Identificamos los <strong>elementos econ\u00f3micos, sociales y medioambientales materiales de las organizaciones en relaci\u00f3n con los intereses y las expectativas de los agentes de inter\u00e9s clave; as\u00ed como el impacto generado en la sociedad y en el modelo financiero de las empresas<\/strong>. Aseguramos el cumplimiento respecto a las normativas vigentes y futuras vinculadas con este an\u00e1lisis, y vamos m\u00e1s all\u00e1 garantizando que los resultados sirvan para guiar los procesos de reflexi\u00f3n estrat\u00e9gica de la organizaci\u00f3n.<\/p>\n\n\n  <\/div>\n\n<\/div>\n\n\n\n<div id=\"accordion-item-block_0acb0e493624b63cbe140efcbaba8c42\" class=\"accordion-item js-accordion-item accordion-item full alignfull\">\n\n  <h3 class=\"accordion-item__title\"><a class=\"js-accordion-trigger accordion-item__trigger\" href=\"#\">Gesti\u00f3n de proyectos<\/a><\/h3>\n  <div class=\"accordion-item__content\">\n    \n\n<p class=\"undefined margin-top-none margin-bottom-m\">Damos apoyo en la <strong>implementaci\u00f3n de los planes de acci\u00f3n transversales<\/strong>, mediante la gesti\u00f3n y estandarizaci\u00f3n de procesos y la ejecuci\u00f3n de los proyectos a trav\u00e9s de una Oficina de Gesti\u00f3n de Proyectos.<\/p>\n\n\n  <\/div>\n\n<\/div>\n\n\n\n<\/div>\n\n<\/div>\n\n\n\n<div class=\"wp-block-column is-layout-flow wp-block-column-is-layout-flow\">\n<figure class=\"wp-block-image alignfull size-large\"><img loading=\"lazy\" decoding=\"async\" width=\"1024\" height=\"767\" src=\"https:\/\/r4sgroup.com\/wp-content\/uploads\/2023\/07\/servei-definicio-estrategica-1024x767.webp\" alt=\"\" class=\"wp-image-6786\" srcset=\"https:\/\/r4sgroup.com\/wp-content\/uploads\/2023\/07\/servei-definicio-estrategica-1024x767.webp 1024w, https:\/\/r4sgroup.com\/wp-content\/uploads\/2023\/07\/servei-definicio-estrategica-300x225.webp 300w, https:\/\/r4sgroup.com\/wp-content\/uploads\/2023\/07\/servei-definicio-estrategica-768x575.webp 768w, https:\/\/r4sgroup.com\/wp-content\/uploads\/2023\/07\/servei-definicio-estrategica.webp 1200w\" sizes=\"auto, (max-width: 1024px) 100vw, 1024px\" \/><\/figure>\n<\/div>\n<\/div>\n\n\n\n<div class=\"wp-block-buttons margin-top-xl margin-bottom-3xl is-content-justification-center is-layout-flex wp-container-core-buttons-is-layout-a89b3969 wp-block-buttons-is-layout-flex\">\n<div class=\"wp-block-button is-style-link-arrow-left\"><a class=\"wp-block-button__link has-primary-color has-white-background-color has-text-color has-background wp-element-button\" href=\"https:\/\/r4sgroup.com\/es\/soluciones\/\">Volver a soluciones<\/a><\/div>\n<\/div>\n\n\n\n<div class=\"wp-block-group alignwide margin-top-xxl margin-bottom-xxl is-layout-flow wp-block-group-is-layout-flow\">\n<h3 class=\"wp-block-heading alignfull has-text-align-center has-primary-color has-text-color has-extra-large-font-size margin-top-none margin-bottom-xs\">Proyectos recomendados<\/h3>\n\n\n<div id=\"projects_grid-block_2650a98988300dc1c0a51743129da872\" class=\"projects-grid block-post-grid alignfull\">\n\n  \n      <div id=\"js__ajax-posts-project\" class=\"post-grid__list\">\n              \n        <div class=\"post-grid__item\">\n  <!-- Component Card -->\n  <a href=\"https:\/\/r4sgroup.com\/es\/proyecto\/diagnostico-y-reflexion-estrategica-sobre-sostenibilidad-2\/\" class=\"project-card\">\n    <div class=\"project-card__inner\">\n      <img loading=\"lazy\" decoding=\"async\" width=\"723\" height=\"407\" src=\"https:\/\/r4sgroup.com\/wp-content\/uploads\/2023\/06\/Imatge1-edited.jpg\" class=\"project-card__image wp-post-image\" alt=\"Definici\u00f3n de la estrategia de sostenibilidad\" srcset=\"https:\/\/r4sgroup.com\/wp-content\/uploads\/2023\/06\/Imatge1-edited.jpg 723w, https:\/\/r4sgroup.com\/wp-content\/uploads\/2023\/06\/Imatge1-edited-300x169.jpg 300w\" sizes=\"auto, (max-width: 723px) 100vw, 723px\" \/>\n      <h3 class=\"project-card__title\">Definici\u00f3n de la estrategia de sostenibilidad<\/h3>\n    <\/div>\n        <h4 class=\"project-card__subtitle\">CELSA Group<\/h4>\n      <\/a>\n  <!-- Fin de component Card -->\n<\/div>\n              \n        <div class=\"post-grid__item\">\n  <!-- Component Card -->\n  <a href=\"https:\/\/r4sgroup.com\/es\/proyecto\/desarrollo-de-un-analisis-de-doble-materialidad\/\" class=\"project-card\">\n    <div class=\"project-card__inner\">\n      <img loading=\"lazy\" decoding=\"async\" width=\"1024\" height=\"683\" src=\"https:\/\/r4sgroup.com\/wp-content\/uploads\/2023\/07\/DSCF0905-1024x683.jpg\" class=\"project-card__image wp-post-image\" alt=\"Ejecuci\u00f3n del an\u00e1lisis de doble materialidad\" srcset=\"https:\/\/r4sgroup.com\/wp-content\/uploads\/2023\/07\/DSCF0905-1024x683.jpg 1024w, https:\/\/r4sgroup.com\/wp-content\/uploads\/2023\/07\/DSCF0905-300x200.jpg 300w, https:\/\/r4sgroup.com\/wp-content\/uploads\/2023\/07\/DSCF0905-768x512.jpg 768w, https:\/\/r4sgroup.com\/wp-content\/uploads\/2023\/07\/DSCF0905-1536x1024.jpg 1536w, https:\/\/r4sgroup.com\/wp-content\/uploads\/2023\/07\/DSCF0905.jpg 1773w\" sizes=\"auto, (max-width: 1024px) 100vw, 1024px\" \/>\n      <h3 class=\"project-card__title\">Ejecuci\u00f3n del an\u00e1lisis de doble materialidad<\/h3>\n    <\/div>\n        <h4 class=\"project-card__subtitle\">Ferrer<\/h4>\n      <\/a>\n  <!-- Fin de component Card -->\n<\/div>\n          <\/div>\n  \n  \n<\/div>\n\n<script>\n  jQuery(function($) {\n    var projectPageNumber = 1;\n\n    jQuery(\"#js__more-posts-project\").on(\"click\", function(e) {\n      e.preventDefault();\n      projectPageNumber++;\n      jQuery.ajax({\n        type: \"POST\",\n        dataType: \"json\",\n        url: \"https:\/\/r4sgroup.com\/wp-admin\/admin-ajax.php\",\n        data: {\n          action: 'load_more_post_ajax',\n          pageNumber: projectPageNumber,\n          postType: 'project',\n          postsIn: [5942,6958],\n          taxonomy: jQuery(\"#js__ajax-posts-project\").attr(\"data-taxonomy\"),\n          term: jQuery(\"#js__ajax-posts-project\").attr(\"data-term\"),\n          ppp: 2,\n          lang: \"es\"\n        },\n        success: function(response) {\n          if (response.success) {\n            if (response.data) {\n              jQuery(\"#js__ajax-posts-project\").append(response.data.html);\n              jQuery(\"#js__more-posts-project\").show();\n              if (response.data.last) {\n                jQuery(\"#js__more-posts-project\").hide();\n              }\n            } else {\n              jQuery(\"#js__more-posts-project\").hide();\n            }\n          }\n        },\n        error: function(e) {\n          console.log(\"Error :: \" + e);\n        }\n\n      });\n    });\n\n    jQuery(\".js-project-filter-item\").on(\"click\", function(e) {\n      e.preventDefault();\n      projectPageNumber = 1;\n      var label = jQuery(this);\n\n      jQuery.ajax({\n        type: \"POST\",\n        dataType: \"json\",\n        url: \"https:\/\/r4sgroup.com\/wp-admin\/admin-ajax.php\",\n        data: {\n          action: 'load_more_post_ajax',\n          pageNumber: projectPageNumber,\n          postType: 'project',\n          postsIn: [5942,6958],\n          taxonomy: label.attr(\"data-taxonomy\"),\n          term: label.attr(\"data-term\"),\n          ppp: 2,\n          lang: \"es\"\n        },\n        success: function(response) {\n\n\n          if (response.success) {\n            \/\/ console.log(response.data);\n            if (response.data) {\n              jQuery(\".js-project-filter-item\").removeClass(\"is-current\");\n              label.addClass(\"is-current\");\n              jQuery(\".js-project-filter-item\").parent().addClass(\"is-filtering\");\n              jQuery(\"#js__ajax-posts-project\")\n                .attr(\"data-taxonomy\", label.attr(\"data-taxonomy\"))\n                .attr(\"data-term\", label.attr(\"data-term\"))\n                .html(response.data.html);\n\n              jQuery(\"#js__more-posts-project\").show();\n              if (response.data.last) {\n                jQuery(\"#js__more-posts-project\").hide();\n              }\n\n              if (label.attr(\"data-term\") == 0) {\n                jQuery(\".js-project-filter-item\").parent().removeClass(\"is-filtering\");\n              }\n\n            } else {\n              jQuery(\"#js__ajax-posts-project\").html(\n              \"Sorry, no results were found.\");\n              jQuery(\"#js__more-posts-project\").hide();\n            }\n          }\n        },\n        error: function(e) {\n          console.log(\"Error :: \" + e);\n        }\n\n      });\n    });\n\n  });\n<\/script>\n<\/div>\n","protected":false},"excerpt":{"rendered":"<p>Definici\u00f3n estrat\u00e9gica Acompa\u00f1amos a las empresas en la definici\u00f3n y el despliegue de una estrategia corporativa que incorpore la sostenibilidad de manera transversal. Garantizamos que los procesos de reflexi\u00f3n estrat\u00e9gica consideren el cumplimiento de la normativa vigente y futura, las tendencias del mercado, las econom\u00edas de escala entre est\u00e1ndares de referencia, el nivel de madurez &hellip; <a href=\"https:\/\/r4sgroup.com\/es\/soluciones\/definicio-estrategica\/\">Continuar<\/a><\/p>\n","protected":false},"author":2,"featured_media":0,"parent":3175,"menu_order":0,"comment_status":"closed","ping_status":"closed","template":"","meta":{"_acf_changed":false,"footnotes":""},"class_list":["post-6822","page","type-page","status-publish","hentry"],"acf":[],"_links":{"self":[{"href":"https:\/\/r4sgroup.com\/es\/wp-json\/wp\/v2\/pages\/6822","targetHints":{"allow":["GET"]}}],"collection":[{"href":"https:\/\/r4sgroup.com\/es\/wp-json\/wp\/v2\/pages"}],"about":[{"href":"https:\/\/r4sgroup.com\/es\/wp-json\/wp\/v2\/types\/page"}],"author":[{"embeddable":true,"href":"https:\/\/r4sgroup.com\/es\/wp-json\/wp\/v2\/users\/2"}],"replies":[{"embeddable":true,"href":"https:\/\/r4sgroup.com\/es\/wp-json\/wp\/v2\/comments?post=6822"}],"version-history":[{"count":3,"href":"https:\/\/r4sgroup.com\/es\/wp-json\/wp\/v2\/pages\/6822\/revisions"}],"predecessor-version":[{"id":7624,"href":"https:\/\/r4sgroup.com\/es\/wp-json\/wp\/v2\/pages\/6822\/revisions\/7624"}],"up":[{"embeddable":true,"href":"https:\/\/r4sgroup.com\/es\/wp-json\/wp\/v2\/pages\/3175"}],"wp:attachment":[{"href":"https:\/\/r4sgroup.com\/es\/wp-json\/wp\/v2\/media?parent=6822"}],"curies":[{"name":"wp","href":"https:\/\/api.w.org\/{rel}","templated":true}]}}