{"id":7370,"date":"2023-09-06T10:25:04","date_gmt":"2023-09-06T08:25:04","guid":{"rendered":"https:\/\/r4sgroup.com\/?page_id=7370"},"modified":"2023-09-14T11:27:37","modified_gmt":"2023-09-14T09:27:37","slug":"desarrollo-negocio-inclusivos","status":"publish","type":"page","link":"https:\/\/r4sgroup.com\/es\/soluciones\/desarrollo-negocio-inclusivos\/","title":{"rendered":"Implementaci\u00f3n y desarrollo de modelos de negocio inclusivos"},"content":{"rendered":"\n<div class=\"wp-block-cover alignfull is-light has-custom-content-position is-position-bottom-left\" style=\"min-height:60vh;aspect-ratio:unset;\"><span aria-hidden=\"true\" class=\"wp-block-cover__background has-black-background-color has-background-dim-0 has-background-dim\"><\/span><img loading=\"lazy\" decoding=\"async\" width=\"1620\" height=\"1080\" class=\"wp-block-cover__image-background wp-image-2556\" alt=\"\" src=\"https:\/\/r4sgroup.com\/wp-content\/uploads\/2022\/06\/6.jpg\" style=\"object-position:58% 69%\" data-object-fit=\"cover\" data-object-position=\"58% 69%\" srcset=\"https:\/\/r4sgroup.com\/wp-content\/uploads\/2022\/06\/6.jpg 1620w, https:\/\/r4sgroup.com\/wp-content\/uploads\/2022\/06\/6-300x200.jpg 300w, https:\/\/r4sgroup.com\/wp-content\/uploads\/2022\/06\/6-1024x683.jpg 1024w, https:\/\/r4sgroup.com\/wp-content\/uploads\/2022\/06\/6-768x512.jpg 768w, https:\/\/r4sgroup.com\/wp-content\/uploads\/2022\/06\/6-1536x1024.jpg 1536w\" sizes=\"auto, (max-width: 1620px) 100vw, 1620px\" \/><div class=\"wp-block-cover__inner-container is-layout-flow wp-block-cover-is-layout-flow\">\n<h1 class=\"wp-block-heading has-white-color has-text-color has-huge-font-size margin-top-xl margin-bottom-xl\" style=\"line-height:0.94\">Nuestras soluciones<\/h1>\n<\/div><\/div>\n\n\n<div id=\"block-breadcrumbs-block_5a750903dffec29e06edbf337a9647df\" class=\"block-breadcrumbs breadcrumbs wide alignwide margin-top-xl margin-bottom-none\">\n   <nav aria-label=\"breadcrumbs\">\n    <ol class=\"breadcrumbs__list\"><li class=\"breadcrumbs__item\"><a href=\"https:\/\/r4sgroup.com\/es\/\">Inicio<\/a><\/li><\/ol>\n    <\/nav>\n<\/div>\n\n\n\n<h2 class=\"wp-block-heading alignwide has-primary-color has-text-color has-extra-large-font-size margin-top-xl margin-bottom-xxs\"><strong>Implementaci\u00f3n y desarrollo de modelos de negocio inclusivos<\/strong><\/h2>\n\n\n\n<p class=\"alignwide has-text-align-wide\">Apoyamos la creaci\u00f3n de negocios inclusivos mediante el <mark style=\"background-color:rgba(0, 0, 0, 0)\" class=\"has-inline-color has-primary-color\">dise\u00f1o, creaci\u00f3n, implementaci\u00f3n y seguimiento de proyectos de desarrollo econ\u00f3mico<\/mark>, priorizando siempre <mark style=\"background-color:rgba(0, 0, 0, 0)\" class=\"has-inline-color has-primary-color\">la consecuci\u00f3n de un impacto social y ambiental positivo<\/mark> para los agentes de inter\u00e9s, y poniendo especial \u00e9nfasis en la comunidad local.<\/p>\n\n\n\n<p class=\"alignwide has-text-align-wide\">Los <mark style=\"background-color:rgba(0, 0, 0, 0)\" class=\"has-inline-color has-primary-color\">negocios inclusivos son iniciativas empresariales<\/mark> que, manteniendo su car\u00e1cter lucrativo, contribuyen a <mark style=\"background-color:rgba(0, 0, 0, 0)\" class=\"has-inline-color has-primary-color\">la mejora de las condiciones socioecon\u00f3micas de las personas o los colectivos de bajos ingresos<\/mark>, mediante su inclusi\u00f3n en la cadena de valor. Por lo tanto, son propuestas que generan valor econ\u00f3mico y social. Para conseguir desarrollar este tipo de modelos de negocio, centramos nuestro trabajo en tres fases:<\/p>\n\n\n\n<div class=\"wp-block-columns alignwide is-layout-flex wp-container-core-columns-is-layout-28f84493 wp-block-columns-is-layout-flex\">\n<div class=\"wp-block-column is-layout-flow wp-block-column-is-layout-flow\"><div id=\"accordion-item-block_e276908e99f5d0ae04dcba60e0536a4f\" class=\"accordion-item js-accordion-item accordion-item full alignfull\">\n\n  <h3 class=\"accordion-item__title\"><a class=\"js-accordion-trigger accordion-item__trigger\" href=\"#\">Diagn\u00f3stico inicial<\/a><\/h3>\n  <div class=\"accordion-item__content\">\n    \n\n<p>Realizamos un diagn\u00f3stico de la situaci\u00f3n inicial del entorno donde se desarrollar\u00e1 el proyecto, con el objetivo de determinar qu\u00e9 necesidades tiene la comunidad local, qu\u00e9 oportunidades de negocio pueden surgir y c\u00f3mo se pueden desarrollar.<\/p>\n\n\n  <\/div>\n\n<\/div>\n\n\n\n<div id=\"accordion-item-block_c5d1e70b4352fb7268b1087838fcf68f\" class=\"accordion-item js-accordion-item accordion-item full alignfull\">\n\n  <h3 class=\"accordion-item__title\"><a class=\"js-accordion-trigger accordion-item__trigger\" href=\"#\">Propuestas de negocio<\/a><\/h3>\n  <div class=\"accordion-item__content\">\n    \n\n<p>Estructuramos varias propuestas de negocio enfocadas en la inclusi\u00f3n sociolaboral del colectivo de personas en el que se centra el proyecto, buscando, adem\u00e1s, la maximizaci\u00f3n del impacto medioambiental positivo para estas comunidades.<\/p>\n\n\n  <\/div>\n\n<\/div>\n\n\n\n<div id=\"accordion-item-block_04e3b131e110a12f6c4ccc625b7e49ad\" class=\"accordion-item js-accordion-item accordion-item full alignfull\">\n\n  <h3 class=\"accordion-item__title\"><a class=\"js-accordion-trigger accordion-item__trigger\" href=\"#\">Implementaci\u00f3n y evaluaci\u00f3n<\/a><\/h3>\n  <div class=\"accordion-item__content\">\n    \n\n<p>Una vez seleccionadas las propuestas, damos soporte en su implementaci\u00f3n y posterior evaluaci\u00f3n, con tal de definir objetivos de mejora y observar los resultados obtenidos.<\/p>\n\n\n  <\/div>\n\n<\/div>\n\n<\/div>\n\n\n\n<div class=\"wp-block-column is-layout-flow wp-block-column-is-layout-flow\">\n<figure class=\"wp-block-image alignfull size-large\"><img loading=\"lazy\" decoding=\"async\" width=\"2560\" height=\"1920\" src=\"https:\/\/r4sgroup.com\/wp-content\/uploads\/2023\/09\/Serve-1-Santa-Marta-B-edited-scaled.jpg\" alt=\"\" class=\"wp-image-7465\" srcset=\"https:\/\/r4sgroup.com\/wp-content\/uploads\/2023\/09\/Serve-1-Santa-Marta-B-edited-scaled.jpg 2560w, https:\/\/r4sgroup.com\/wp-content\/uploads\/2023\/09\/Serve-1-Santa-Marta-B-edited-300x225.jpg 300w, https:\/\/r4sgroup.com\/wp-content\/uploads\/2023\/09\/Serve-1-Santa-Marta-B-edited-1024x768.jpg 1024w, https:\/\/r4sgroup.com\/wp-content\/uploads\/2023\/09\/Serve-1-Santa-Marta-B-edited-768x576.jpg 768w, https:\/\/r4sgroup.com\/wp-content\/uploads\/2023\/09\/Serve-1-Santa-Marta-B-edited-1536x1152.jpg 1536w, https:\/\/r4sgroup.com\/wp-content\/uploads\/2023\/09\/Serve-1-Santa-Marta-B-edited-2048x1536.jpg 2048w\" sizes=\"auto, (max-width: 2560px) 100vw, 2560px\" \/><\/figure>\n<\/div>\n<\/div>\n\n\n\n<div class=\"wp-block-columns alignwide is-layout-flex wp-container-core-columns-is-layout-28f84493 wp-block-columns-is-layout-flex\">\n<div class=\"wp-block-column is-layout-flow wp-block-column-is-layout-flow\">\n<p>Mediante este procedimiento de trabajo, y en l\u00ednea con nuestro enfoque, obtenemos un <mark style=\"background-color:rgba(0, 0, 0, 0)\" class=\"has-inline-color has-primary-color\">triple resultado<\/mark>, consiguiendo <mark style=\"background-color:rgba(0, 0, 0, 0)\" class=\"has-inline-color has-primary-color\">satisfacer una necesidad econ\u00f3mica, superar un reto de inclusi\u00f3n social y favorecer la sostenibilidad medioambiental<\/mark>.<\/p>\n\n\n\n<p>Adem\u00e1s, para desarrollar modelos de negocio inclusivos, nos aliamos con entidades o empresas que tengan voluntad de trabajar en el emprendimiento social y la creaci\u00f3n de acciones de apoyo a grupos desfavorecidos que permitan su desarrollo socioecon\u00f3mico.<\/p>\n<\/div>\n<\/div>\n\n\n\n<p class=\"alignwide has-text-align-wide\">Si tu organizaci\u00f3n est\u00e1 interesada en desarrollar un modelo de negocio inclusivo, puedes ponerte en <span style=\"text-decoration: underline;\"><mark style=\"background-color:rgba(0, 0, 0, 0)\" class=\"has-inline-color has-primary-color\"><a rel=\"noreferrer noopener\" href=\"https:\/\/r4sgroup.com\/contacte\/\" target=\"_blank\"><em>contacto<\/em><\/a><\/mark><\/span><mark style=\"background-color:rgba(0, 0, 0, 0)\" class=\"has-inline-color has-primary-color\"> <\/mark>con nuestra agencia.<\/p>\n\n\n\n<div class=\"wp-block-buttons margin-top-xl margin-bottom-xl is-content-justification-center is-layout-flex wp-container-core-buttons-is-layout-a89b3969 wp-block-buttons-is-layout-flex\">\n<div class=\"wp-block-button is-style-link-arrow-left\"><a class=\"wp-block-button__link has-primary-color has-white-background-color has-text-color has-background wp-element-button\" href=\"https:\/\/r4sgroup.com\/es\/?page_id=3175#negocis\">Volver a soluciones<\/a><\/div>\n<\/div>\n\n\n\n<h3 class=\"wp-block-heading alignfull has-text-align-center has-primary-color has-text-color has-extra-large-font-size margin-top-none margin-bottom-xs\">Proyectos recomendados<\/h3>\n\n\n<div id=\"projects_grid-block_9c0d5d760cbdb222d2458ae730324f4f\" class=\"projects-grid block-post-grid alignwide\">\n\n  \n      <div id=\"js__ajax-posts-project\" class=\"post-grid__list\">\n              \n        <div class=\"post-grid__item\">\n  <!-- Component Card -->\n  <a href=\"https:\/\/r4sgroup.com\/es\/proyecto\/diagnosi-i-implementacio-dun-sistema-de-recolleccio-i-reciclatge-denvasos-de-begudes-a-conakry-guinea\/\" class=\"project-card\">\n    <div class=\"project-card__inner\">\n      <img loading=\"lazy\" decoding=\"async\" width=\"1024\" height=\"576\" src=\"https:\/\/r4sgroup.com\/wp-content\/uploads\/2022\/04\/10-1024x576.jpeg\" class=\"project-card__image wp-post-image\" alt=\"Diagn\u00f3stico e implementaci\u00f3n de un sistema de recolecci\u00f3n y reciclaje de envases de bebidas en Conakry (Guinea)\" srcset=\"https:\/\/r4sgroup.com\/wp-content\/uploads\/2022\/04\/10-1024x576.jpeg 1024w, https:\/\/r4sgroup.com\/wp-content\/uploads\/2022\/04\/10-300x169.jpeg 300w, https:\/\/r4sgroup.com\/wp-content\/uploads\/2022\/04\/10-768x432.jpeg 768w, https:\/\/r4sgroup.com\/wp-content\/uploads\/2022\/04\/10-1536x865.jpeg 1536w, https:\/\/r4sgroup.com\/wp-content\/uploads\/2022\/04\/10.jpeg 1599w\" sizes=\"auto, (max-width: 1024px) 100vw, 1024px\" \/>\n      <h3 class=\"project-card__title\">Diagn\u00f3stico e implementaci\u00f3n de un sistema de recolecci\u00f3n y reciclaje de envases de bebidas en Conakry (Guinea)<\/h3>\n    <\/div>\n        <h4 class=\"project-card__subtitle\">Equatorial Coca-Cola Bottling Company (ECCBC)<\/h4>\n      <\/a>\n  <!-- Fin de component Card -->\n<\/div>\n              \n        <div class=\"post-grid__item\">\n  <!-- Component Card -->\n  <a href=\"https:\/\/r4sgroup.com\/es\/proyecto\/plan-de-negocio-para-la-cooperativa-atitlan-recicla\/\" class=\"project-card\">\n    <div class=\"project-card__inner\">\n      <img loading=\"lazy\" decoding=\"async\" width=\"1024\" height=\"768\" src=\"https:\/\/r4sgroup.com\/wp-content\/uploads\/2023\/04\/Atitlan-Recicla-1024x768.jpg\" class=\"project-card__image wp-post-image\" alt=\"Plan de Negocio para la cooperativa Atitl\u00e1n Recicla\" srcset=\"https:\/\/r4sgroup.com\/wp-content\/uploads\/2023\/04\/Atitlan-Recicla-1024x768.jpg 1024w, https:\/\/r4sgroup.com\/wp-content\/uploads\/2023\/04\/Atitlan-Recicla-300x225.jpg 300w, https:\/\/r4sgroup.com\/wp-content\/uploads\/2023\/04\/Atitlan-Recicla-768x576.jpg 768w, https:\/\/r4sgroup.com\/wp-content\/uploads\/2023\/04\/Atitlan-Recicla-1536x1152.jpg 1536w, https:\/\/r4sgroup.com\/wp-content\/uploads\/2023\/04\/Atitlan-Recicla-2048x1536.jpg 2048w\" sizes=\"auto, (max-width: 1024px) 100vw, 1024px\" \/>\n      <h3 class=\"project-card__title\">Plan de Negocio para la cooperativa Atitl\u00e1n Recicla<\/h3>\n    <\/div>\n        <h4 class=\"project-card__subtitle\">Latitud R<\/h4>\n      <\/a>\n  <!-- Fin de component Card -->\n<\/div>\n          <\/div>\n  \n  \n<\/div>\n\n<script>\n  jQuery(function($) {\n    var projectPageNumber = 1;\n\n    jQuery(\"#js__more-posts-project\").on(\"click\", function(e) {\n      e.preventDefault();\n      projectPageNumber++;\n      jQuery.ajax({\n        type: \"POST\",\n        dataType: \"json\",\n        url: \"https:\/\/r4sgroup.com\/wp-admin\/admin-ajax.php\",\n        data: {\n          action: 'load_more_post_ajax',\n          pageNumber: projectPageNumber,\n          postType: 'project',\n          postsIn: [3127,5484],\n          taxonomy: jQuery(\"#js__ajax-posts-project\").attr(\"data-taxonomy\"),\n          term: jQuery(\"#js__ajax-posts-project\").attr(\"data-term\"),\n          ppp: 2,\n          lang: \"es\"\n        },\n        success: function(response) {\n          if (response.success) {\n            if (response.data) {\n              jQuery(\"#js__ajax-posts-project\").append(response.data.html);\n              jQuery(\"#js__more-posts-project\").show();\n              if (response.data.last) {\n                jQuery(\"#js__more-posts-project\").hide();\n              }\n            } else {\n              jQuery(\"#js__more-posts-project\").hide();\n            }\n          }\n        },\n        error: function(e) {\n          console.log(\"Error :: \" + e);\n        }\n\n      });\n    });\n\n    jQuery(\".js-project-filter-item\").on(\"click\", function(e) {\n      e.preventDefault();\n      projectPageNumber = 1;\n      var label = jQuery(this);\n\n      jQuery.ajax({\n        type: \"POST\",\n        dataType: \"json\",\n        url: \"https:\/\/r4sgroup.com\/wp-admin\/admin-ajax.php\",\n        data: {\n          action: 'load_more_post_ajax',\n          pageNumber: projectPageNumber,\n          postType: 'project',\n          postsIn: [3127,5484],\n          taxonomy: label.attr(\"data-taxonomy\"),\n          term: label.attr(\"data-term\"),\n          ppp: 2,\n          lang: \"es\"\n        },\n        success: function(response) {\n\n\n          if (response.success) {\n            \/\/ console.log(response.data);\n            if (response.data) {\n              jQuery(\".js-project-filter-item\").removeClass(\"is-current\");\n              label.addClass(\"is-current\");\n              jQuery(\".js-project-filter-item\").parent().addClass(\"is-filtering\");\n              jQuery(\"#js__ajax-posts-project\")\n                .attr(\"data-taxonomy\", label.attr(\"data-taxonomy\"))\n                .attr(\"data-term\", label.attr(\"data-term\"))\n                .html(response.data.html);\n\n              jQuery(\"#js__more-posts-project\").show();\n              if (response.data.last) {\n                jQuery(\"#js__more-posts-project\").hide();\n              }\n\n              if (label.attr(\"data-term\") == 0) {\n                jQuery(\".js-project-filter-item\").parent().removeClass(\"is-filtering\");\n              }\n\n            } else {\n              jQuery(\"#js__ajax-posts-project\").html(\n              \"Sorry, no results were found.\");\n              jQuery(\"#js__more-posts-project\").hide();\n            }\n          }\n        },\n        error: function(e) {\n          console.log(\"Error :: \" + e);\n        }\n\n      });\n    });\n\n  });\n<\/script>\n","protected":false},"excerpt":{"rendered":"<p>Implementaci\u00f3n y desarrollo de modelos de negocio inclusivos Apoyamos la creaci\u00f3n de negocios inclusivos mediante el dise\u00f1o, creaci\u00f3n, implementaci\u00f3n y seguimiento de proyectos de desarrollo econ\u00f3mico, priorizando siempre la consecuci\u00f3n de un impacto social y ambiental positivo para los agentes de inter\u00e9s, y poniendo especial \u00e9nfasis en la comunidad local. Los negocios inclusivos son iniciativas &hellip; <a href=\"https:\/\/r4sgroup.com\/es\/soluciones\/desarrollo-negocio-inclusivos\/\">Continuar<\/a><\/p>\n","protected":false},"author":4,"featured_media":0,"parent":3175,"menu_order":0,"comment_status":"closed","ping_status":"closed","template":"","meta":{"_acf_changed":false,"footnotes":""},"class_list":["post-7370","page","type-page","status-publish","hentry"],"acf":[],"_links":{"self":[{"href":"https:\/\/r4sgroup.com\/es\/wp-json\/wp\/v2\/pages\/7370","targetHints":{"allow":["GET"]}}],"collection":[{"href":"https:\/\/r4sgroup.com\/es\/wp-json\/wp\/v2\/pages"}],"about":[{"href":"https:\/\/r4sgroup.com\/es\/wp-json\/wp\/v2\/types\/page"}],"author":[{"embeddable":true,"href":"https:\/\/r4sgroup.com\/es\/wp-json\/wp\/v2\/users\/4"}],"replies":[{"embeddable":true,"href":"https:\/\/r4sgroup.com\/es\/wp-json\/wp\/v2\/comments?post=7370"}],"version-history":[{"count":3,"href":"https:\/\/r4sgroup.com\/es\/wp-json\/wp\/v2\/pages\/7370\/revisions"}],"predecessor-version":[{"id":7521,"href":"https:\/\/r4sgroup.com\/es\/wp-json\/wp\/v2\/pages\/7370\/revisions\/7521"}],"up":[{"embeddable":true,"href":"https:\/\/r4sgroup.com\/es\/wp-json\/wp\/v2\/pages\/3175"}],"wp:attachment":[{"href":"https:\/\/r4sgroup.com\/es\/wp-json\/wp\/v2\/media?parent=7370"}],"curies":[{"name":"wp","href":"https:\/\/api.w.org\/{rel}","templated":true}]}}