{"id":7373,"date":"2023-09-06T10:30:06","date_gmt":"2023-09-06T08:30:06","guid":{"rendered":"https:\/\/r4sgroup.com\/?page_id=7373"},"modified":"2023-09-18T17:13:49","modified_gmt":"2023-09-18T15:13:49","slug":"formalizacion-recicladoras","status":"publish","type":"page","link":"https:\/\/r4sgroup.com\/es\/soluciones\/formalizacion-recicladoras\/","title":{"rendered":"Formalizaci\u00f3n de la actividad de personas recicladoras"},"content":{"rendered":"\n<div class=\"wp-block-cover alignfull is-light has-custom-content-position is-position-bottom-left\" style=\"min-height:60vh;aspect-ratio:unset;\"><span aria-hidden=\"true\" class=\"wp-block-cover__background has-black-background-color has-background-dim-0 has-background-dim\"><\/span><img loading=\"lazy\" decoding=\"async\" width=\"1620\" height=\"1080\" class=\"wp-block-cover__image-background wp-image-2556\" alt=\"\" src=\"https:\/\/r4sgroup.com\/wp-content\/uploads\/2022\/06\/6.jpg\" style=\"object-position:58% 69%\" data-object-fit=\"cover\" data-object-position=\"58% 69%\" srcset=\"https:\/\/r4sgroup.com\/wp-content\/uploads\/2022\/06\/6.jpg 1620w, https:\/\/r4sgroup.com\/wp-content\/uploads\/2022\/06\/6-300x200.jpg 300w, https:\/\/r4sgroup.com\/wp-content\/uploads\/2022\/06\/6-1024x683.jpg 1024w, https:\/\/r4sgroup.com\/wp-content\/uploads\/2022\/06\/6-768x512.jpg 768w, https:\/\/r4sgroup.com\/wp-content\/uploads\/2022\/06\/6-1536x1024.jpg 1536w\" sizes=\"auto, (max-width: 1620px) 100vw, 1620px\" \/><div class=\"wp-block-cover__inner-container is-layout-flow wp-block-cover-is-layout-flow\">\n<h1 class=\"wp-block-heading has-white-color has-text-color has-huge-font-size margin-top-xl margin-bottom-xl\" style=\"line-height:0.94\">Nuestras soluciones<\/h1>\n<\/div><\/div>\n\n\n<div id=\"block-breadcrumbs-block_eb6c05f24368930d8c7950c02630cde3\" class=\"block-breadcrumbs breadcrumbs wide alignwide margin-top-xl margin-bottom-none\">\n   <nav aria-label=\"breadcrumbs\">\n    <ol class=\"breadcrumbs__list\"><li class=\"breadcrumbs__item\"><a href=\"https:\/\/r4sgroup.com\/es\/\">Inicio<\/a><\/li><\/ol>\n    <\/nav>\n<\/div>\n\n\n\n<h2 class=\"wp-block-heading alignwide has-primary-color has-text-color has-extra-large-font-size margin-top-xl margin-bottom-xxs\"><strong><strong>Formalizaci\u00f3n de la actividad de personas recicladoras<\/strong><\/strong><\/h2>\n\n\n\n<p class=\"alignwide has-text-align-wide\">Trabajamos con <mark style=\"background-color:rgba(0, 0, 0, 0)\" class=\"has-inline-color has-primary-color\">personas y asociaciones de recicladoras<\/mark> de base para conseguir su <mark style=\"background-color:rgba(0, 0, 0, 0)\" class=\"has-inline-color has-primary-color\">avance en la cadena de valor, el incremento de sus ingresos y la mejora de sus condiciones laborales y socioecon\u00f3micas<\/mark>, favoreciendo as\u00ed el reconocimiento social de su actividad y su contribuci\u00f3n medioambiental.<\/p>\n\n\n\n<p class=\"alignwide has-text-align-wide\">Las personas recicladoras de base son aquellas que viven de la recolecci\u00f3n y venta de residuos. Muchas lo hacen en situaciones de extrema vulnerabilidad, pues se calcula que solo capturan una peque\u00f1a fracci\u00f3n del valor econ\u00f3mico que generan, estimado en un 5%*.<\/p>\n\n\n\n<div class=\"wp-block-columns alignwide is-layout-flex wp-container-core-columns-is-layout-28f84493 wp-block-columns-is-layout-flex\">\n<div class=\"wp-block-column is-layout-flow wp-block-column-is-layout-flow\"><div id=\"custom_accordion-block_0e963548c712c14c13ffadb30e81a715\" class=\"custom_accordion custom-accordion full alignfull\">\n    \n<div id=\"accordion-item-block_509f56f780b2f3c9275b75de788b77a1\" class=\"accordion-item js-accordion-item accordion-item full alignfull\">\n\n  <h3 class=\"accordion-item__title\"><a class=\"js-accordion-trigger accordion-item__trigger\" href=\"#\">Formalizaci\u00f3n de la actividad de recuperaci\u00f3n<\/a><\/h3>\n  <div class=\"accordion-item__content\">\n    \n\n<p>Formalizamos la actividad de recuperaci\u00f3n mediante el fomento de la asociatividad y el apoyo en el proceso de registro del negocio, as\u00ed como la introducci\u00f3n de herramientas de apoyo \u2212como uniformes y equipos de protecci\u00f3n personal.<\/p>\n\n\n  <\/div>\n\n<\/div>\n\n\n\n<div id=\"accordion-item-block_8135a9c90d7e0fbe92dbd8d4f0f84ad9\" class=\"accordion-item js-accordion-item accordion-item full alignfull\">\n\n  <h3 class=\"accordion-item__title\"><a class=\"js-accordion-trigger accordion-item__trigger\" href=\"#\">Planes de formaci\u00f3n<\/a><\/h3>\n  <div class=\"accordion-item__content\">\n    \n\n<p>Creamos planes de formaci\u00f3n enfocados en la adquisici\u00f3n de competencias de \u00e1mbito administrativo y t\u00e9cnico, as\u00ed como la creaci\u00f3n de programas espec\u00edficos de entrenamiento de habilidades, tanto para las personas recicladoras como para aquellas que trabajan en la administraci\u00f3n del municipio. Mediante estos programas, se busca mejorar las capacidades y autonom\u00eda de agentes de inter\u00e9s clave en el proceso de recolecci\u00f3n selectiva municipal.<\/p>\n\n\n  <\/div>\n\n<\/div>\n\n\n\n<div id=\"accordion-item-block_9dbbb2eff1709b6f2ecb84fc0485d780\" class=\"accordion-item js-accordion-item accordion-item full alignfull\">\n\n  <h3 class=\"accordion-item__title\"><a class=\"js-accordion-trigger accordion-item__trigger\" href=\"#\">Mejora de los sistemas de acceso<\/a><\/h3>\n  <div class=\"accordion-item__content\">\n    \n\n<p>Mejoramos los sistemas de acceso a materiales reciclables, mediante la ayuda en la creaci\u00f3n de rutas de recolecci\u00f3n selectiva, la creaci\u00f3n de campa\u00f1as de concienciaci\u00f3n ciudadana y el establecimiento de acuerdos con municipios y grandes centros de producci\u00f3n que garanticen a las personas recicladoras el acceso a los materiales y el cobro por la prestaci\u00f3n de un servicio municipal.<\/p>\n\n\n  <\/div>\n\n<\/div>\n\n\n\n<div id=\"accordion-item-block_d3b464893b2fc4f7fe922513b4fb92ff\" class=\"accordion-item js-accordion-item accordion-item full alignfull\">\n\n  <h3 class=\"accordion-item__title\"><a class=\"js-accordion-trigger accordion-item__trigger\" href=\"#\">Avance en la cadena de valor<\/a><\/h3>\n  <div class=\"accordion-item__content\">\n    \n\n<p>Avanzamos en la cadena de valor, mediante el desarrollo de acciones para conseguir que las personas recicladoras dispongan de las herramientas y la maquinaria adecuada para mejorar su trabajo y avanzar en la cadena de valor.<\/p>\n\n\n  <\/div>\n\n<\/div>\n\n\n\n<\/div>\n\n<\/div>\n\n\n\n<div class=\"wp-block-column is-layout-flow wp-block-column-is-layout-flow\">\n<figure class=\"wp-block-image size-large\"><img loading=\"lazy\" decoding=\"async\" width=\"1024\" height=\"683\" src=\"https:\/\/r4sgroup.com\/wp-content\/uploads\/2023\/09\/Servei-2-AVINA-1024x683.jpg\" alt=\"\" class=\"wp-image-7380\" srcset=\"https:\/\/r4sgroup.com\/wp-content\/uploads\/2023\/09\/Servei-2-AVINA-1024x683.jpg 1024w, https:\/\/r4sgroup.com\/wp-content\/uploads\/2023\/09\/Servei-2-AVINA-300x200.jpg 300w, https:\/\/r4sgroup.com\/wp-content\/uploads\/2023\/09\/Servei-2-AVINA-768x512.jpg 768w, https:\/\/r4sgroup.com\/wp-content\/uploads\/2023\/09\/Servei-2-AVINA-1536x1024.jpg 1536w, https:\/\/r4sgroup.com\/wp-content\/uploads\/2023\/09\/Servei-2-AVINA-2048x1365.jpg 2048w\" sizes=\"auto, (max-width: 1024px) 100vw, 1024px\" \/><\/figure>\n<\/div>\n<\/div>\n\n\n\n<p class=\"alignwide has-text-align-wide\">Si tu organizaci\u00f3n est\u00e1 interesada en apoyar un proceso de formalizaci\u00f3n de personas recicladoras, puedes ponerte en <mark style=\"background-color:rgba(0, 0, 0, 0)\" class=\"has-inline-color has-primary-color\"><span style=\"text-decoration: underline;\"><a rel=\"noreferrer noopener\" href=\"https:\/\/r4sgroup.com\/contacte\/\" target=\"_blank\">contacto<\/a> <\/span><\/mark>con nuestra agencia.<\/p>\n\n\n\n<div class=\"wp-block-columns alignwide margin-top-m is-layout-flex wp-container-core-columns-is-layout-28f84493 wp-block-columns-is-layout-flex\">\n<div class=\"wp-block-column is-layout-flow wp-block-column-is-layout-flow\">\n<p style=\"font-size:14px\">*<em>Seg\u00fan datos del Fondo Multilateral de Inversiones del Grupo Banco Interamericano de Desarrollo, se estima que 4 millones de personas viven del reciclaje informal en Am\u00e9rica Latina y el Caribe, las cuales suministran entre el 50 y el 90% de los materiales reciclados para uso industrial. Sin embargo, se estima que estas personas solo perciben un 5% del valor generado.<\/em><\/p>\n<\/div>\n<\/div>\n\n\n\n<div class=\"wp-block-buttons margin-top-xl margin-bottom-xl is-content-justification-center is-layout-flex wp-container-core-buttons-is-layout-a89b3969 wp-block-buttons-is-layout-flex\">\n<div class=\"wp-block-button is-style-link-arrow-left\"><a class=\"wp-block-button__link has-primary-color has-white-background-color has-text-color has-background wp-element-button\" href=\"https:\/\/r4sgroup.com\/es\/?page_id=3175#negocis\">Volver a soluciones<\/a><\/div>\n<\/div>\n\n\n\n<h3 class=\"wp-block-heading alignfull has-text-align-center has-primary-color has-text-color has-extra-large-font-size margin-top-none margin-bottom-xs\">Proyectos recomendados<\/h3>\n\n\n<div id=\"projects_grid-block_ef2c78c686d593d7715e6911161b5817\" class=\"projects-grid block-post-grid alignwide\">\n\n  \n      <div id=\"js__ajax-posts-project\" class=\"post-grid__list\">\n              \n        <div class=\"post-grid__item\">\n  <!-- Component Card -->\n  <a href=\"https:\/\/r4sgroup.com\/es\/proyecto\/processos-innovadors-en-la-formalitzacio-i-insercio-socioeconomica-de-recicladors-de-base-a-santa-marta-colombia\/\" class=\"project-card\">\n    <div class=\"project-card__inner\">\n      <img loading=\"lazy\" decoding=\"async\" width=\"1024\" height=\"576\" src=\"https:\/\/r4sgroup.com\/wp-content\/uploads\/2022\/04\/8-1024x576.jpg\" class=\"project-card__image wp-post-image\" alt=\"Procesos innovadores en la formalizaci\u00f3n e inserci\u00f3n socioecon\u00f3mica de recicladores base en Santa Marta (Colombia)\" srcset=\"https:\/\/r4sgroup.com\/wp-content\/uploads\/2022\/04\/8-1024x576.jpg 1024w, https:\/\/r4sgroup.com\/wp-content\/uploads\/2022\/04\/8-300x169.jpg 300w, https:\/\/r4sgroup.com\/wp-content\/uploads\/2022\/04\/8-768x432.jpg 768w, https:\/\/r4sgroup.com\/wp-content\/uploads\/2022\/04\/8-1536x864.jpg 1536w, https:\/\/r4sgroup.com\/wp-content\/uploads\/2022\/04\/8-2048x1152.jpg 2048w\" sizes=\"auto, (max-width: 1024px) 100vw, 1024px\" \/>\n      <h3 class=\"project-card__title\">Procesos innovadores en la formalizaci\u00f3n e inserci\u00f3n socioecon\u00f3mica de recicladores base en Santa Marta (Colombia)<\/h3>\n    <\/div>\n        <h4 class=\"project-card__subtitle\">Empresa de Servicios P\u00fablicos del Distrito de Santa Marta (ESSMAR E.S.P.), Fundaci\u00f3 Nous Cims<\/h4>\n      <\/a>\n  <!-- Fin de component Card -->\n<\/div>\n              \n        <div class=\"post-grid__item\">\n  <!-- Component Card -->\n  <a href=\"https:\/\/r4sgroup.com\/es\/proyecto\/creacio-i-enfortiment-dassociacions-de-recicladors-als-departaments-de-chuquisaca-cochabamba-potosi-i-santa-cruz-bolivia\/\" class=\"project-card\">\n    <div class=\"project-card__inner\">\n      <img loading=\"lazy\" decoding=\"async\" width=\"1024\" height=\"576\" src=\"https:\/\/r4sgroup.com\/wp-content\/uploads\/2022\/04\/9-1024x576.jpg\" class=\"project-card__image wp-post-image\" alt=\"Creaci\u00f3n y fortalecimiento de asociaciones de recicladores en los departamentos de Chuquisaca, Cochabamba, Potos\u00ed y Santa Cruz (Bolivia)\" srcset=\"https:\/\/r4sgroup.com\/wp-content\/uploads\/2022\/04\/9-1024x576.jpg 1024w, https:\/\/r4sgroup.com\/wp-content\/uploads\/2022\/04\/9-300x169.jpg 300w, https:\/\/r4sgroup.com\/wp-content\/uploads\/2022\/04\/9-768x432.jpg 768w, https:\/\/r4sgroup.com\/wp-content\/uploads\/2022\/04\/9-1536x864.jpg 1536w, https:\/\/r4sgroup.com\/wp-content\/uploads\/2022\/04\/9-2048x1152.jpg 2048w\" sizes=\"auto, (max-width: 1024px) 100vw, 1024px\" \/>\n      <h3 class=\"project-card__title\">Creaci\u00f3n y fortalecimiento de asociaciones de recicladores en los departamentos de Chuquisaca, Cochabamba, Potos\u00ed y Santa Cruz (Bolivia)<\/h3>\n    <\/div>\n        <h4 class=\"project-card__subtitle\">Latitud R, The Coca-Cola Foundation<\/h4>\n      <\/a>\n  <!-- Fin de component Card -->\n<\/div>\n          <\/div>\n  \n  \n<\/div>\n\n<script>\n  jQuery(function($) {\n    var projectPageNumber = 1;\n\n    jQuery(\"#js__more-posts-project\").on(\"click\", function(e) {\n      e.preventDefault();\n      projectPageNumber++;\n      jQuery.ajax({\n        type: \"POST\",\n        dataType: \"json\",\n        url: \"https:\/\/r4sgroup.com\/wp-admin\/admin-ajax.php\",\n        data: {\n          action: 'load_more_post_ajax',\n          pageNumber: projectPageNumber,\n          postType: 'project',\n          postsIn: [3144,3089],\n          taxonomy: jQuery(\"#js__ajax-posts-project\").attr(\"data-taxonomy\"),\n          term: jQuery(\"#js__ajax-posts-project\").attr(\"data-term\"),\n          ppp: 2,\n          lang: \"es\"\n        },\n        success: function(response) {\n          if (response.success) {\n            if (response.data) {\n              jQuery(\"#js__ajax-posts-project\").append(response.data.html);\n              jQuery(\"#js__more-posts-project\").show();\n              if (response.data.last) {\n                jQuery(\"#js__more-posts-project\").hide();\n              }\n            } else {\n              jQuery(\"#js__more-posts-project\").hide();\n            }\n          }\n        },\n        error: function(e) {\n          console.log(\"Error :: \" + e);\n        }\n\n      });\n    });\n\n    jQuery(\".js-project-filter-item\").on(\"click\", function(e) {\n      e.preventDefault();\n      projectPageNumber = 1;\n      var label = jQuery(this);\n\n      jQuery.ajax({\n        type: \"POST\",\n        dataType: \"json\",\n        url: \"https:\/\/r4sgroup.com\/wp-admin\/admin-ajax.php\",\n        data: {\n          action: 'load_more_post_ajax',\n          pageNumber: projectPageNumber,\n          postType: 'project',\n          postsIn: [3144,3089],\n          taxonomy: label.attr(\"data-taxonomy\"),\n          term: label.attr(\"data-term\"),\n          ppp: 2,\n          lang: \"es\"\n        },\n        success: function(response) {\n\n\n          if (response.success) {\n            \/\/ console.log(response.data);\n            if (response.data) {\n              jQuery(\".js-project-filter-item\").removeClass(\"is-current\");\n              label.addClass(\"is-current\");\n              jQuery(\".js-project-filter-item\").parent().addClass(\"is-filtering\");\n              jQuery(\"#js__ajax-posts-project\")\n                .attr(\"data-taxonomy\", label.attr(\"data-taxonomy\"))\n                .attr(\"data-term\", label.attr(\"data-term\"))\n                .html(response.data.html);\n\n              jQuery(\"#js__more-posts-project\").show();\n              if (response.data.last) {\n                jQuery(\"#js__more-posts-project\").hide();\n              }\n\n              if (label.attr(\"data-term\") == 0) {\n                jQuery(\".js-project-filter-item\").parent().removeClass(\"is-filtering\");\n              }\n\n            } else {\n              jQuery(\"#js__ajax-posts-project\").html(\n              \"Sorry, no results were found.\");\n              jQuery(\"#js__more-posts-project\").hide();\n            }\n          }\n        },\n        error: function(e) {\n          console.log(\"Error :: \" + e);\n        }\n\n      });\n    });\n\n  });\n<\/script>\n","protected":false},"excerpt":{"rendered":"<p>Formalizaci\u00f3n de la actividad de personas recicladoras Trabajamos con personas y asociaciones de recicladoras de base para conseguir su avance en la cadena de valor, el incremento de sus ingresos y la mejora de sus condiciones laborales y socioecon\u00f3micas, favoreciendo as\u00ed el reconocimiento social de su actividad y su contribuci\u00f3n medioambiental. Las personas recicladoras de &hellip; <a href=\"https:\/\/r4sgroup.com\/es\/soluciones\/formalizacion-recicladoras\/\">Continuar<\/a><\/p>\n","protected":false},"author":4,"featured_media":0,"parent":3175,"menu_order":0,"comment_status":"closed","ping_status":"closed","template":"","meta":{"_acf_changed":false,"footnotes":""},"class_list":["post-7373","page","type-page","status-publish","hentry"],"acf":[],"_links":{"self":[{"href":"https:\/\/r4sgroup.com\/es\/wp-json\/wp\/v2\/pages\/7373","targetHints":{"allow":["GET"]}}],"collection":[{"href":"https:\/\/r4sgroup.com\/es\/wp-json\/wp\/v2\/pages"}],"about":[{"href":"https:\/\/r4sgroup.com\/es\/wp-json\/wp\/v2\/types\/page"}],"author":[{"embeddable":true,"href":"https:\/\/r4sgroup.com\/es\/wp-json\/wp\/v2\/users\/4"}],"replies":[{"embeddable":true,"href":"https:\/\/r4sgroup.com\/es\/wp-json\/wp\/v2\/comments?post=7373"}],"version-history":[{"count":3,"href":"https:\/\/r4sgroup.com\/es\/wp-json\/wp\/v2\/pages\/7373\/revisions"}],"predecessor-version":[{"id":7625,"href":"https:\/\/r4sgroup.com\/es\/wp-json\/wp\/v2\/pages\/7373\/revisions\/7625"}],"up":[{"embeddable":true,"href":"https:\/\/r4sgroup.com\/es\/wp-json\/wp\/v2\/pages\/3175"}],"wp:attachment":[{"href":"https:\/\/r4sgroup.com\/es\/wp-json\/wp\/v2\/media?parent=7373"}],"curies":[{"name":"wp","href":"https:\/\/api.w.org\/{rel}","templated":true}]}}