{"id":7386,"date":"2023-09-06T10:47:50","date_gmt":"2023-09-06T08:47:50","guid":{"rendered":"https:\/\/r4sgroup.com\/?page_id=7386"},"modified":"2023-09-06T13:15:33","modified_gmt":"2023-09-06T11:15:33","slug":"internacionalizacion-inclusion-social","status":"publish","type":"page","link":"https:\/\/r4sgroup.com\/es\/soluciones\/internacionalizacion-inclusion-social\/","title":{"rendered":"Internacionalizaci\u00f3n con inclusi\u00f3n social"},"content":{"rendered":"\n<div class=\"wp-block-cover alignfull is-light has-custom-content-position is-position-bottom-left\" style=\"min-height:60vh;aspect-ratio:unset;\"><span aria-hidden=\"true\" class=\"wp-block-cover__background has-black-background-color has-background-dim-0 has-background-dim\"><\/span><img loading=\"lazy\" decoding=\"async\" width=\"1620\" height=\"1080\" class=\"wp-block-cover__image-background wp-image-2556\" alt=\"\" src=\"https:\/\/r4sgroup.com\/wp-content\/uploads\/2022\/06\/6.jpg\" style=\"object-position:58% 69%\" data-object-fit=\"cover\" data-object-position=\"58% 69%\" srcset=\"https:\/\/r4sgroup.com\/wp-content\/uploads\/2022\/06\/6.jpg 1620w, https:\/\/r4sgroup.com\/wp-content\/uploads\/2022\/06\/6-300x200.jpg 300w, https:\/\/r4sgroup.com\/wp-content\/uploads\/2022\/06\/6-1024x683.jpg 1024w, https:\/\/r4sgroup.com\/wp-content\/uploads\/2022\/06\/6-768x512.jpg 768w, https:\/\/r4sgroup.com\/wp-content\/uploads\/2022\/06\/6-1536x1024.jpg 1536w\" sizes=\"auto, (max-width: 1620px) 100vw, 1620px\" \/><div class=\"wp-block-cover__inner-container is-layout-flow wp-block-cover-is-layout-flow\">\n<h1 class=\"wp-block-heading has-white-color has-text-color has-huge-font-size margin-top-xl margin-bottom-xl\" style=\"line-height:0.94\">Nuestras soluciones<\/h1>\n<\/div><\/div>\n\n\n<div id=\"block-breadcrumbs-block_edbad35f440691da594013653e07ff65\" class=\"block-breadcrumbs breadcrumbs wide alignwide margin-top-xl margin-bottom-none\">\n   <nav aria-label=\"breadcrumbs\">\n    <ol class=\"breadcrumbs__list\"><li class=\"breadcrumbs__item\"><a href=\"https:\/\/r4sgroup.com\/es\/\">Inicio<\/a><\/li><\/ol>\n    <\/nav>\n<\/div>\n\n\n\n<h2 class=\"wp-block-heading alignwide has-primary-color has-text-color has-extra-large-font-size margin-top-xl margin-bottom-xxs\"><strong><strong>Internacionalizaci\u00f3n con inclusi\u00f3n social<\/strong><\/strong><\/h2>\n\n\n\n<p class=\"alignwide has-text-align-wide\">Apoyamos la <mark style=\"background-color:rgba(0, 0, 0, 0)\" class=\"has-inline-color has-primary-color\">internacionalizaci\u00f3n de las empresas en mercados de bajos ingresos<\/mark>, favoreciendo as\u00ed el <mark style=\"background-color:rgba(0, 0, 0, 0)\" class=\"has-inline-color has-primary-color\">beneficio de las comunidades locales vulnerables<\/mark> \u2212especialmente en pa\u00edses emergentes\u2212 a trav\u00e9s de su integraci\u00f3n en la cadena de valor ya sea como clientela, beneficiarias, proveedoras, trabajadoras o apoyando su emprendimiento. Para ello, nos valemos de las siguientes estrategias:<\/p>\n\n\n\n<div class=\"wp-block-columns alignwide is-layout-flex wp-container-core-columns-is-layout-28f84493 wp-block-columns-is-layout-flex\">\n<div class=\"wp-block-column is-layout-flow wp-block-column-is-layout-flow\"><div id=\"accordion-item-block_72c3187a39b1210facee0ddb135e8f30\" class=\"accordion-item js-accordion-item accordion-item full alignfull\">\n\n  <h3 class=\"accordion-item__title\"><a class=\"js-accordion-trigger accordion-item__trigger\" href=\"#\">Internacionalizaci\u00f3n de negocios<\/a><\/h3>\n  <div class=\"accordion-item__content\">\n    \n\n<p>Apoyamos la expansi\u00f3n de negocios y la diversificaci\u00f3n de exportaciones o inversiones en pa\u00edses emergentes, llegando a nuevos segmentos de mercado y estableciendo procesos de innovaci\u00f3n en servicios o productos.<\/p>\n\n\n  <\/div>\n\n<\/div>\n\n\n\n<div id=\"accordion-item-block_95ba9e9ba0c3b88cd8d46374c253a4bc\" class=\"accordion-item js-accordion-item accordion-item full alignfull\">\n\n  <h3 class=\"accordion-item__title\"><a class=\"js-accordion-trigger accordion-item__trigger\" href=\"#\">Licitaciones p\u00fablicas<\/a><\/h3>\n  <div class=\"accordion-item__content\">\n    \n\n<p>Creamos, en conjunto con las administraciones p\u00fablicas, licitaciones que incorporen la inclusi\u00f3n social de grupos vulnerables.<\/p>\n\n\n  <\/div>\n\n<\/div>\n\n\n\n<div id=\"accordion-item-block_24992015709bbc14a8a2070aa671ac86\" class=\"accordion-item js-accordion-item accordion-item full alignfull\">\n\n  <h3 class=\"accordion-item__title\"><a class=\"js-accordion-trigger accordion-item__trigger\" href=\"#\">Plan estrat\u00e9gico<\/a><\/h3>\n  <div class=\"accordion-item__content\">\n    \n\n<p>Integramos la sostenibilidad en la estrategia empresarial mediante la incorporaci\u00f3n del compromiso con la b\u00fasqueda del beneficio para todos los grupos de inter\u00e9s, incluidas las comunidades y el entorno en el que trabaja la empresa.<\/p>\n\n\n  <\/div>\n\n<\/div>\n\n\n\n<div id=\"accordion-item-block_00231cc9e4505e1aa584de9b5af600df\" class=\"accordion-item js-accordion-item accordion-item full alignfull\">\n\n  <h3 class=\"accordion-item__title\"><a class=\"js-accordion-trigger accordion-item__trigger\" href=\"#\">Fomento p\u00fablico de la internacionalizaci\u00f3n<\/a><\/h3>\n  <div class=\"accordion-item__content\">\n    \n\n<p>Trabajamos, junto con las administraciones p\u00fablicas, en el fomento de la internacionalizaci\u00f3n empresarial con inclusi\u00f3n social.<\/p>\n\n\n  <\/div>\n\n<\/div>\n\n<\/div>\n\n\n\n<div class=\"wp-block-column is-layout-flow wp-block-column-is-layout-flow\">\n<figure class=\"wp-block-image alignfull size-large\"><img loading=\"lazy\" decoding=\"async\" width=\"1024\" height=\"736\" src=\"https:\/\/r4sgroup.com\/wp-content\/uploads\/2023\/09\/Servei-3-ICEX-1-1024x736.jpg\" alt=\"\" class=\"wp-image-7415\" srcset=\"https:\/\/r4sgroup.com\/wp-content\/uploads\/2023\/09\/Servei-3-ICEX-1-1024x736.jpg 1024w, https:\/\/r4sgroup.com\/wp-content\/uploads\/2023\/09\/Servei-3-ICEX-1-300x216.jpg 300w, https:\/\/r4sgroup.com\/wp-content\/uploads\/2023\/09\/Servei-3-ICEX-1-768x552.jpg 768w, https:\/\/r4sgroup.com\/wp-content\/uploads\/2023\/09\/Servei-3-ICEX-1.jpg 1308w\" sizes=\"auto, (max-width: 1024px) 100vw, 1024px\" \/><\/figure>\n<\/div>\n<\/div>\n\n\n\n<p class=\"alignwide has-text-align-wide\">Si tu organizaci\u00f3n est\u00e1 interesada en la internacionalizaci\u00f3n de proyectos en mercados de bajos ingresos para favorecer la inclusi\u00f3n social, puedes ponerte en <mark style=\"background-color:rgba(0, 0, 0, 0)\" class=\"has-inline-color has-primary-color\"><span style=\"text-decoration: underline;\"><a rel=\"noreferrer noopener\" href=\"https:\/\/r4sgroup.com\/contacte\/\" target=\"_blank\">contacto<\/a> <\/span><\/mark>con nuestra agencia.<\/p>\n\n\n\n<div class=\"wp-block-buttons margin-top-xl margin-bottom-xl is-content-justification-center is-layout-flex wp-container-core-buttons-is-layout-a89b3969 wp-block-buttons-is-layout-flex\">\n<div class=\"wp-block-button is-style-link-arrow-left\"><a class=\"wp-block-button__link has-primary-color has-white-background-color has-text-color has-background wp-element-button\" href=\"https:\/\/r4sgroup.com\/es\/?page_id=3175#negocis\">Volver a soluciones<\/a><\/div>\n<\/div>\n\n\n\n<h3 class=\"wp-block-heading alignfull has-text-align-center has-primary-color has-text-color has-extra-large-font-size margin-top-none margin-bottom-xs\">Proyectos recomendados<\/h3>\n\n\n<div id=\"projects_grid-block_a10d19cf36fa1100f4d9aa904c88d8d9\" class=\"projects-grid block-post-grid alignwide\">\n\n  \n      <div id=\"js__ajax-posts-project\" class=\"post-grid__list\">\n              \n        <div class=\"post-grid__item\">\n  <!-- Component Card -->\n  <a href=\"https:\/\/r4sgroup.com\/es\/proyecto\/estrategies-dinternacionalitzacio-de-negocis-en-mercats-de-baixos-ingressos\/\" class=\"project-card\">\n    <div class=\"project-card__inner\">\n      <img loading=\"lazy\" decoding=\"async\" width=\"1024\" height=\"576\" src=\"https:\/\/r4sgroup.com\/wp-content\/uploads\/2022\/04\/1-1024x576.png\" class=\"project-card__image wp-post-image\" alt=\"Estrategias de internacionalizaci\u00f3n de negocios en mercados de bajos ingresos\" srcset=\"https:\/\/r4sgroup.com\/wp-content\/uploads\/2022\/04\/1-1024x576.png 1024w, https:\/\/r4sgroup.com\/wp-content\/uploads\/2022\/04\/1-300x169.png 300w, https:\/\/r4sgroup.com\/wp-content\/uploads\/2022\/04\/1-768x432.png 768w, https:\/\/r4sgroup.com\/wp-content\/uploads\/2022\/04\/1-1536x865.png 1536w, https:\/\/r4sgroup.com\/wp-content\/uploads\/2022\/04\/1.png 1661w\" sizes=\"auto, (max-width: 1024px) 100vw, 1024px\" \/>\n      <h3 class=\"project-card__title\">Estrategias de internacionalizaci\u00f3n de negocios en mercados de bajos ingresos<\/h3>\n    <\/div>\n        <h4 class=\"project-card__subtitle\">ICEX Espa\u00f1a Exportaci\u00f3n e Inversiones<\/h4>\n      <\/a>\n  <!-- Fin de component Card -->\n<\/div>\n          <\/div>\n  \n  \n<\/div>\n\n<script>\n  jQuery(function($) {\n    var projectPageNumber = 1;\n\n    jQuery(\"#js__more-posts-project\").on(\"click\", function(e) {\n      e.preventDefault();\n      projectPageNumber++;\n      jQuery.ajax({\n        type: \"POST\",\n        dataType: \"json\",\n        url: \"https:\/\/r4sgroup.com\/wp-admin\/admin-ajax.php\",\n        data: {\n          action: 'load_more_post_ajax',\n          pageNumber: projectPageNumber,\n          postType: 'project',\n          postsIn: [3108],\n          taxonomy: jQuery(\"#js__ajax-posts-project\").attr(\"data-taxonomy\"),\n          term: jQuery(\"#js__ajax-posts-project\").attr(\"data-term\"),\n          ppp: 2,\n          lang: \"es\"\n        },\n        success: function(response) {\n          if (response.success) {\n            if (response.data) {\n              jQuery(\"#js__ajax-posts-project\").append(response.data.html);\n              jQuery(\"#js__more-posts-project\").show();\n              if (response.data.last) {\n                jQuery(\"#js__more-posts-project\").hide();\n              }\n            } else {\n              jQuery(\"#js__more-posts-project\").hide();\n            }\n          }\n        },\n        error: function(e) {\n          console.log(\"Error :: \" + e);\n        }\n\n      });\n    });\n\n    jQuery(\".js-project-filter-item\").on(\"click\", function(e) {\n      e.preventDefault();\n      projectPageNumber = 1;\n      var label = jQuery(this);\n\n      jQuery.ajax({\n        type: \"POST\",\n        dataType: \"json\",\n        url: \"https:\/\/r4sgroup.com\/wp-admin\/admin-ajax.php\",\n        data: {\n          action: 'load_more_post_ajax',\n          pageNumber: projectPageNumber,\n          postType: 'project',\n          postsIn: [3108],\n          taxonomy: label.attr(\"data-taxonomy\"),\n          term: label.attr(\"data-term\"),\n          ppp: 2,\n          lang: \"es\"\n        },\n        success: function(response) {\n\n\n          if (response.success) {\n            \/\/ console.log(response.data);\n            if (response.data) {\n              jQuery(\".js-project-filter-item\").removeClass(\"is-current\");\n              label.addClass(\"is-current\");\n              jQuery(\".js-project-filter-item\").parent().addClass(\"is-filtering\");\n              jQuery(\"#js__ajax-posts-project\")\n                .attr(\"data-taxonomy\", label.attr(\"data-taxonomy\"))\n                .attr(\"data-term\", label.attr(\"data-term\"))\n                .html(response.data.html);\n\n              jQuery(\"#js__more-posts-project\").show();\n              if (response.data.last) {\n                jQuery(\"#js__more-posts-project\").hide();\n              }\n\n              if (label.attr(\"data-term\") == 0) {\n                jQuery(\".js-project-filter-item\").parent().removeClass(\"is-filtering\");\n              }\n\n            } else {\n              jQuery(\"#js__ajax-posts-project\").html(\n              \"Sorry, no results were found.\");\n              jQuery(\"#js__more-posts-project\").hide();\n            }\n          }\n        },\n        error: function(e) {\n          console.log(\"Error :: \" + e);\n        }\n\n      });\n    });\n\n  });\n<\/script>\n","protected":false},"excerpt":{"rendered":"<p>Internacionalizaci\u00f3n con inclusi\u00f3n social Apoyamos la internacionalizaci\u00f3n de las empresas en mercados de bajos ingresos, favoreciendo as\u00ed el beneficio de las comunidades locales vulnerables \u2212especialmente en pa\u00edses emergentes\u2212 a trav\u00e9s de su integraci\u00f3n en la cadena de valor ya sea como clientela, beneficiarias, proveedoras, trabajadoras o apoyando su emprendimiento. Para ello, nos valemos de las &hellip; <a href=\"https:\/\/r4sgroup.com\/es\/soluciones\/internacionalizacion-inclusion-social\/\">Continuar<\/a><\/p>\n","protected":false},"author":4,"featured_media":0,"parent":3175,"menu_order":0,"comment_status":"closed","ping_status":"closed","template":"","meta":{"_acf_changed":false,"footnotes":""},"class_list":["post-7386","page","type-page","status-publish","hentry"],"acf":[],"_links":{"self":[{"href":"https:\/\/r4sgroup.com\/es\/wp-json\/wp\/v2\/pages\/7386","targetHints":{"allow":["GET"]}}],"collection":[{"href":"https:\/\/r4sgroup.com\/es\/wp-json\/wp\/v2\/pages"}],"about":[{"href":"https:\/\/r4sgroup.com\/es\/wp-json\/wp\/v2\/types\/page"}],"author":[{"embeddable":true,"href":"https:\/\/r4sgroup.com\/es\/wp-json\/wp\/v2\/users\/4"}],"replies":[{"embeddable":true,"href":"https:\/\/r4sgroup.com\/es\/wp-json\/wp\/v2\/comments?post=7386"}],"version-history":[{"count":3,"href":"https:\/\/r4sgroup.com\/es\/wp-json\/wp\/v2\/pages\/7386\/revisions"}],"predecessor-version":[{"id":7459,"href":"https:\/\/r4sgroup.com\/es\/wp-json\/wp\/v2\/pages\/7386\/revisions\/7459"}],"up":[{"embeddable":true,"href":"https:\/\/r4sgroup.com\/es\/wp-json\/wp\/v2\/pages\/3175"}],"wp:attachment":[{"href":"https:\/\/r4sgroup.com\/es\/wp-json\/wp\/v2\/media?parent=7386"}],"curies":[{"name":"wp","href":"https:\/\/api.w.org\/{rel}","templated":true}]}}