{"id":7397,"date":"2023-09-06T10:52:59","date_gmt":"2023-09-06T08:52:59","guid":{"rendered":"https:\/\/r4sgroup.com\/?page_id=7397"},"modified":"2023-09-18T17:28:22","modified_gmt":"2023-09-18T15:28:22","slug":"politicas-insercion-social-personas-recicladoras","status":"publish","type":"page","link":"https:\/\/r4sgroup.com\/es\/soluciones\/politicas-insercion-social-personas-recicladoras\/","title":{"rendered":"Pol\u00edticas p\u00fablicas para la inserci\u00f3n social de personas recicladoras de base"},"content":{"rendered":"\n<div class=\"wp-block-cover alignfull is-light has-custom-content-position is-position-bottom-left\" style=\"min-height:60vh;aspect-ratio:unset;\"><span aria-hidden=\"true\" class=\"wp-block-cover__background has-black-background-color has-background-dim-0 has-background-dim\"><\/span><img loading=\"lazy\" decoding=\"async\" width=\"1620\" height=\"1080\" class=\"wp-block-cover__image-background wp-image-2556\" alt=\"\" src=\"https:\/\/r4sgroup.com\/wp-content\/uploads\/2022\/06\/6.jpg\" style=\"object-position:58% 69%\" data-object-fit=\"cover\" data-object-position=\"58% 69%\" srcset=\"https:\/\/r4sgroup.com\/wp-content\/uploads\/2022\/06\/6.jpg 1620w, https:\/\/r4sgroup.com\/wp-content\/uploads\/2022\/06\/6-300x200.jpg 300w, https:\/\/r4sgroup.com\/wp-content\/uploads\/2022\/06\/6-1024x683.jpg 1024w, https:\/\/r4sgroup.com\/wp-content\/uploads\/2022\/06\/6-768x512.jpg 768w, https:\/\/r4sgroup.com\/wp-content\/uploads\/2022\/06\/6-1536x1024.jpg 1536w\" sizes=\"auto, (max-width: 1620px) 100vw, 1620px\" \/><div class=\"wp-block-cover__inner-container is-layout-flow wp-block-cover-is-layout-flow\">\n<h1 class=\"wp-block-heading has-white-color has-text-color has-huge-font-size margin-top-xl margin-bottom-xl\" style=\"line-height:0.94\">Nuestras soluciones<\/h1>\n<\/div><\/div>\n\n\n<div id=\"block-breadcrumbs-block_cd9a7b71f8e58d8705f365744a1260e5\" class=\"block-breadcrumbs breadcrumbs wide alignwide margin-top-xl margin-bottom-none\">\n   <nav aria-label=\"breadcrumbs\">\n    <ol class=\"breadcrumbs__list\"><li class=\"breadcrumbs__item\"><a href=\"https:\/\/r4sgroup.com\/es\/\">Inicio<\/a><\/li><\/ol>\n    <\/nav>\n<\/div>\n\n\n\n<h2 class=\"wp-block-heading alignwide has-primary-color has-text-color has-extra-large-font-size margin-top-xl margin-bottom-xxs\"><strong>Pol\u00edticas p\u00fablicas para la inserci\u00f3n social de personas recicladoras de base<\/strong><\/h2>\n\n\n\n<p class=\"alignwide has-text-align-wide\">Ofrecemos servicios orientados a <mark style=\"background-color:rgba(0, 0, 0, 0)\" class=\"has-inline-color has-primary-color\">mejorar las capacidades<\/mark> operativas y de cumplimiento normativo <mark style=\"background-color:rgba(0, 0, 0, 0)\" class=\"has-inline-color has-primary-color\">de las administraciones responsables de la gesti\u00f3n de residuos<\/mark> para que favorezcan los procesos de inclusi\u00f3n de las personas recicladoras. Para ello, apoyamos a las administraciones locales para que desarrollen <mark style=\"background-color:rgba(0, 0, 0, 0)\" class=\"has-inline-color has-primary-color\">pol\u00edticas p\u00fablicas de recolecci\u00f3n diferenciada, orientadas al reciclaje de los residuos urbanos, as\u00ed como pol\u00edticas de inserci\u00f3n social<\/mark> y econ\u00f3mica de las personas dedicadas al reciclaje informal que operan en su entorno.<\/p>\n\n\n\n<div class=\"wp-block-columns alignwide is-layout-flex wp-container-core-columns-is-layout-28f84493 wp-block-columns-is-layout-flex\">\n<div class=\"wp-block-column is-layout-flow wp-block-column-is-layout-flow\">\n<p>Para ello:<\/p>\n\n\n\n<ul class=\"wp-block-list\">\n<li>Caracterizamos la gesti\u00f3n de residuos.<\/li>\n\n\n\n<li>Realizamos un censo socioecon\u00f3mico de personas recicladoras de base.<\/li>\n\n\n\n<li>Analizamos la cadena de valor del reciclaje.<\/li>\n\n\n\n<li>Colaboramos con la administraci\u00f3n para la inclusi\u00f3n de las asociaciones en el sistema de gesti\u00f3n de residuos municipal.<\/li>\n\n\n\n<li>Apoyamos la preparaci\u00f3n de pol\u00edticas de inclusi\u00f3n social de las personas recicladoras.<\/li>\n<\/ul>\n\n\n\n<div style=\"height:67px\" aria-hidden=\"true\" class=\"wp-block-spacer\"><\/div>\n\n\n\n<p><em>Para saber m\u00e1s sobre incorporaci\u00f3n de personas recicladoras en los sistemas de gesti\u00f3n de residuos, puede ponerse en <span style=\"text-decoration: underline;\"><a rel=\"noreferrer noopener\" href=\"https:\/\/r4sgroup.com\/contacte\/\" target=\"_blank\"><mark style=\"background-color:rgba(0, 0, 0, 0)\" class=\"has-inline-color has-primary-color\">contacto<\/mark><\/a><\/span> con nuestra agencia.<\/em><\/p>\n<\/div>\n\n\n\n<div class=\"wp-block-column is-layout-flow wp-block-column-is-layout-flow\">\n<figure class=\"wp-block-image size-large\"><img loading=\"lazy\" decoding=\"async\" width=\"1024\" height=\"768\" src=\"https:\/\/r4sgroup.com\/wp-content\/uploads\/2023\/09\/Servei-4-Riberalta-1-1024x768.jpeg\" alt=\"\" class=\"wp-image-7419\" srcset=\"https:\/\/r4sgroup.com\/wp-content\/uploads\/2023\/09\/Servei-4-Riberalta-1-1024x768.jpeg 1024w, https:\/\/r4sgroup.com\/wp-content\/uploads\/2023\/09\/Servei-4-Riberalta-1-300x225.jpeg 300w, https:\/\/r4sgroup.com\/wp-content\/uploads\/2023\/09\/Servei-4-Riberalta-1-768x576.jpeg 768w, https:\/\/r4sgroup.com\/wp-content\/uploads\/2023\/09\/Servei-4-Riberalta-1-1536x1152.jpeg 1536w, https:\/\/r4sgroup.com\/wp-content\/uploads\/2023\/09\/Servei-4-Riberalta-1.jpeg 1600w\" sizes=\"auto, (max-width: 1024px) 100vw, 1024px\" \/><\/figure>\n<\/div>\n<\/div>\n\n\n\n<div class=\"wp-block-columns alignwide margin-top-m is-layout-flex wp-container-core-columns-is-layout-28f84493 wp-block-columns-is-layout-flex\">\n<div class=\"wp-block-column is-layout-flow wp-block-column-is-layout-flow\"><\/div>\n<\/div>\n\n\n\n<div class=\"wp-block-buttons margin-top-xl margin-bottom-xl is-content-justification-center is-layout-flex wp-container-core-buttons-is-layout-a89b3969 wp-block-buttons-is-layout-flex\">\n<div class=\"wp-block-button is-style-link-arrow-left\"><a class=\"wp-block-button__link has-primary-color has-white-background-color has-text-color has-background wp-element-button\" href=\"https:\/\/r4sgroup.com\/es\/?page_id=3175#negocis\">Volver a soluciones<\/a><\/div>\n<\/div>\n\n\n\n<h3 class=\"wp-block-heading alignfull has-text-align-center has-primary-color has-text-color has-extra-large-font-size margin-top-none margin-bottom-xs\">Proyectos recomendados<\/h3>\n\n\n<div id=\"projects_grid-block_b20da5f5456fe04180112a9393cc73fc\" class=\"projects-grid block-post-grid alignwide\">\n\n  \n      <div id=\"js__ajax-posts-project\" class=\"post-grid__list\">\n              \n        <div class=\"post-grid__item\">\n  <!-- Component Card -->\n  <a href=\"https:\/\/r4sgroup.com\/es\/proyecto\/implementacio-del-pla-dinclusio-social-i-formalitzacio-laboral-de-recicladors-de-residus-solids-a-la-ciutat-de-riberalta-bolivia\/\" class=\"project-card\">\n    <div class=\"project-card__inner\">\n      <img loading=\"lazy\" decoding=\"async\" width=\"1024\" height=\"576\" src=\"https:\/\/r4sgroup.com\/wp-content\/uploads\/2022\/04\/6-1024x576.jpg\" class=\"project-card__image wp-post-image\" alt=\"Implementaci\u00f3n del Plan de Inclusi\u00f3n Social y Formalizaci\u00f3n Laboral de Recicladores de Residuos S\u00f3lidos en la ciudad de Riberalta (Bolivia)\" srcset=\"https:\/\/r4sgroup.com\/wp-content\/uploads\/2022\/04\/6-1024x576.jpg 1024w, https:\/\/r4sgroup.com\/wp-content\/uploads\/2022\/04\/6-300x169.jpg 300w, https:\/\/r4sgroup.com\/wp-content\/uploads\/2022\/04\/6-768x432.jpg 768w, https:\/\/r4sgroup.com\/wp-content\/uploads\/2022\/04\/6-1536x864.jpg 1536w, https:\/\/r4sgroup.com\/wp-content\/uploads\/2022\/04\/6-2048x1152.jpg 2048w\" sizes=\"auto, (max-width: 1024px) 100vw, 1024px\" \/>\n      <h3 class=\"project-card__title\">Implementaci\u00f3n del Plan de Inclusi\u00f3n Social y Formalizaci\u00f3n Laboral de Recicladores de Residuos S\u00f3lidos en la ciudad de Riberalta (Bolivia)<\/h3>\n    <\/div>\n        <h4 class=\"project-card__subtitle\">Ministerio de Medio Ambiente y Agua de Bolivia<\/h4>\n      <\/a>\n  <!-- Fin de component Card -->\n<\/div>\n              \n        <div class=\"post-grid__item\">\n  <!-- Component Card -->\n  <a href=\"https:\/\/r4sgroup.com\/es\/proyecto\/accions-innovadores-per-a-la-formalitzacio-i-insercio-de-recicladors-a-medellin-colombia\/\" class=\"project-card\">\n    <div class=\"project-card__inner\">\n      <img loading=\"lazy\" decoding=\"async\" width=\"1024\" height=\"576\" src=\"https:\/\/r4sgroup.com\/wp-content\/uploads\/2022\/04\/7-1024x576.jpg\" class=\"project-card__image wp-post-image\" alt=\"Acciones innovadoras para la formalizaci\u00f3n e inserci\u00f3n de recicladores en Medell\u00edn (Colombia)\" srcset=\"https:\/\/r4sgroup.com\/wp-content\/uploads\/2022\/04\/7-1024x576.jpg 1024w, https:\/\/r4sgroup.com\/wp-content\/uploads\/2022\/04\/7-300x169.jpg 300w, https:\/\/r4sgroup.com\/wp-content\/uploads\/2022\/04\/7-768x432.jpg 768w, https:\/\/r4sgroup.com\/wp-content\/uploads\/2022\/04\/7-1536x864.jpg 1536w, https:\/\/r4sgroup.com\/wp-content\/uploads\/2022\/04\/7-2048x1152.jpg 2048w\" sizes=\"auto, (max-width: 1024px) 100vw, 1024px\" \/>\n      <h3 class=\"project-card__title\">Acciones innovadoras para la formalizaci\u00f3n e inserci\u00f3n de recicladores en Medell\u00edn (Colombia)<\/h3>\n    <\/div>\n        <h4 class=\"project-card__subtitle\">Agencia Espa\u00f1ola de Cooperaci\u00f3n Internacional para el Desarrollo (AECID)<\/h4>\n      <\/a>\n  <!-- Fin de component Card -->\n<\/div>\n          <\/div>\n  \n  \n<\/div>\n\n<script>\n  jQuery(function($) {\n    var projectPageNumber = 1;\n\n    jQuery(\"#js__more-posts-project\").on(\"click\", function(e) {\n      e.preventDefault();\n      projectPageNumber++;\n      jQuery.ajax({\n        type: \"POST\",\n        dataType: \"json\",\n        url: \"https:\/\/r4sgroup.com\/wp-admin\/admin-ajax.php\",\n        data: {\n          action: 'load_more_post_ajax',\n          pageNumber: projectPageNumber,\n          postType: 'project',\n          postsIn: [3125,3096],\n          taxonomy: jQuery(\"#js__ajax-posts-project\").attr(\"data-taxonomy\"),\n          term: jQuery(\"#js__ajax-posts-project\").attr(\"data-term\"),\n          ppp: 2,\n          lang: \"es\"\n        },\n        success: function(response) {\n          if (response.success) {\n            if (response.data) {\n              jQuery(\"#js__ajax-posts-project\").append(response.data.html);\n              jQuery(\"#js__more-posts-project\").show();\n              if (response.data.last) {\n                jQuery(\"#js__more-posts-project\").hide();\n              }\n            } else {\n              jQuery(\"#js__more-posts-project\").hide();\n            }\n          }\n        },\n        error: function(e) {\n          console.log(\"Error :: \" + e);\n        }\n\n      });\n    });\n\n    jQuery(\".js-project-filter-item\").on(\"click\", function(e) {\n      e.preventDefault();\n      projectPageNumber = 1;\n      var label = jQuery(this);\n\n      jQuery.ajax({\n        type: \"POST\",\n        dataType: \"json\",\n        url: \"https:\/\/r4sgroup.com\/wp-admin\/admin-ajax.php\",\n        data: {\n          action: 'load_more_post_ajax',\n          pageNumber: projectPageNumber,\n          postType: 'project',\n          postsIn: [3125,3096],\n          taxonomy: label.attr(\"data-taxonomy\"),\n          term: label.attr(\"data-term\"),\n          ppp: 2,\n          lang: \"es\"\n        },\n        success: function(response) {\n\n\n          if (response.success) {\n            \/\/ console.log(response.data);\n            if (response.data) {\n              jQuery(\".js-project-filter-item\").removeClass(\"is-current\");\n              label.addClass(\"is-current\");\n              jQuery(\".js-project-filter-item\").parent().addClass(\"is-filtering\");\n              jQuery(\"#js__ajax-posts-project\")\n                .attr(\"data-taxonomy\", label.attr(\"data-taxonomy\"))\n                .attr(\"data-term\", label.attr(\"data-term\"))\n                .html(response.data.html);\n\n              jQuery(\"#js__more-posts-project\").show();\n              if (response.data.last) {\n                jQuery(\"#js__more-posts-project\").hide();\n              }\n\n              if (label.attr(\"data-term\") == 0) {\n                jQuery(\".js-project-filter-item\").parent().removeClass(\"is-filtering\");\n              }\n\n            } else {\n              jQuery(\"#js__ajax-posts-project\").html(\n              \"Sorry, no results were found.\");\n              jQuery(\"#js__more-posts-project\").hide();\n            }\n          }\n        },\n        error: function(e) {\n          console.log(\"Error :: \" + e);\n        }\n\n      });\n    });\n\n  });\n<\/script>\n","protected":false},"excerpt":{"rendered":"<p>Pol\u00edticas p\u00fablicas para la inserci\u00f3n social de personas recicladoras de base Ofrecemos servicios orientados a mejorar las capacidades operativas y de cumplimiento normativo de las administraciones responsables de la gesti\u00f3n de residuos para que favorezcan los procesos de inclusi\u00f3n de las personas recicladoras. Para ello, apoyamos a las administraciones locales para que desarrollen pol\u00edticas p\u00fablicas &hellip; <a href=\"https:\/\/r4sgroup.com\/es\/soluciones\/politicas-insercion-social-personas-recicladoras\/\">Continuar<\/a><\/p>\n","protected":false},"author":4,"featured_media":0,"parent":3175,"menu_order":0,"comment_status":"closed","ping_status":"closed","template":"","meta":{"_acf_changed":false,"footnotes":""},"class_list":["post-7397","page","type-page","status-publish","hentry"],"acf":[],"_links":{"self":[{"href":"https:\/\/r4sgroup.com\/es\/wp-json\/wp\/v2\/pages\/7397","targetHints":{"allow":["GET"]}}],"collection":[{"href":"https:\/\/r4sgroup.com\/es\/wp-json\/wp\/v2\/pages"}],"about":[{"href":"https:\/\/r4sgroup.com\/es\/wp-json\/wp\/v2\/types\/page"}],"author":[{"embeddable":true,"href":"https:\/\/r4sgroup.com\/es\/wp-json\/wp\/v2\/users\/4"}],"replies":[{"embeddable":true,"href":"https:\/\/r4sgroup.com\/es\/wp-json\/wp\/v2\/comments?post=7397"}],"version-history":[{"count":3,"href":"https:\/\/r4sgroup.com\/es\/wp-json\/wp\/v2\/pages\/7397\/revisions"}],"predecessor-version":[{"id":7633,"href":"https:\/\/r4sgroup.com\/es\/wp-json\/wp\/v2\/pages\/7397\/revisions\/7633"}],"up":[{"embeddable":true,"href":"https:\/\/r4sgroup.com\/es\/wp-json\/wp\/v2\/pages\/3175"}],"wp:attachment":[{"href":"https:\/\/r4sgroup.com\/es\/wp-json\/wp\/v2\/media?parent=7397"}],"curies":[{"name":"wp","href":"https:\/\/api.w.org\/{rel}","templated":true}]}}