{"id":9031,"date":"2024-03-19T10:31:33","date_gmt":"2024-03-19T09:31:33","guid":{"rendered":"https:\/\/r4sgroup.com\/?page_id=9031"},"modified":"2026-04-09T15:37:52","modified_gmt":"2026-04-09T13:37:52","slug":"academia","status":"publish","type":"page","link":"https:\/\/r4sgroup.com\/es\/academia\/","title":{"rendered":"Academia de Sostenibilidad y Acci\u00f3n Clim\u00e1tica"},"content":{"rendered":"\n<div class=\"wp-block-cover alignfull has-custom-content-position is-position-bottom-left margin-bottom-l\" style=\"min-height:360px;aspect-ratio:unset;\"><img loading=\"lazy\" decoding=\"async\" width=\"1024\" height=\"683\" class=\"wp-block-cover__image-background wp-image-9036 size-large\" alt=\"\" src=\"https:\/\/r4sgroup.com\/wp-content\/uploads\/2024\/03\/Sustainability-Jacob-small-1024x683.jpg\" data-object-fit=\"cover\" srcset=\"https:\/\/r4sgroup.com\/wp-content\/uploads\/2024\/03\/Sustainability-Jacob-small-1024x683.jpg 1024w, https:\/\/r4sgroup.com\/wp-content\/uploads\/2024\/03\/Sustainability-Jacob-small-300x200.jpg 300w, https:\/\/r4sgroup.com\/wp-content\/uploads\/2024\/03\/Sustainability-Jacob-small-768x512.jpg 768w\" sizes=\"auto, (max-width: 1024px) 100vw, 1024px\" \/><span aria-hidden=\"true\" class=\"wp-block-cover__background has-background-dim-0 has-background-dim\"><\/span><div class=\"wp-block-cover__inner-container is-layout-flow wp-block-cover-is-layout-flow\">\n<h1 class=\"wp-block-heading has-text-align-left has-huge-font-size margin-bottom-none padding-bottom-none\">Academia<\/h1>\n\n\n\n<p class=\"undefined margin-top-none\"><strong>Nuestra apuesta por el aprendizaje<\/strong> | <strong>Capacitaci\u00f3n para construir futuros positivos<\/strong><\/p>\n<\/div><\/div>\n\n\n\n<div class=\"wp-block-columns alignwide is-layout-flex wp-container-core-columns-is-layout-28f84493 wp-block-columns-is-layout-flex\">\n<div class=\"wp-block-column is-layout-flow wp-block-column-is-layout-flow\" style=\"flex-basis:33.33%\">\n<figure class=\"wp-block-image size-full is-resized\"><img loading=\"lazy\" decoding=\"async\" width=\"1080\" height=\"182\" src=\"https:\/\/r4sgroup.com\/wp-content\/uploads\/2024\/03\/S4I_logo_lateral_S4I_Green.png\" alt=\"\" class=\"wp-image-9057\" style=\"width:380px;height:auto\"\/><\/figure>\n<\/div>\n\n\n\n<div class=\"wp-block-column is-layout-flow wp-block-column-is-layout-flow\" style=\"flex-basis:66.66%\"><\/div>\n<\/div>\n\n\n\n<div style=\"height:0px\" aria-hidden=\"true\" class=\"wp-block-spacer\"><\/div>\n\n\n\n<h3 class=\"wp-block-heading alignwide has-dark-grey-40-color has-text-color has-small-font-size margin-top-s margin-bottom-none\" style=\"font-style:normal;font-weight:400\">Academia pionera en sostenibilidad y acci\u00f3n clim\u00e1tica<\/h3>\n\n\n\n<div style=\"height:56px\" aria-hidden=\"true\" class=\"wp-block-spacer\"><\/div>\n\n\n\n<figure class=\"wp-block-image alignwide size-large\"><img loading=\"lazy\" decoding=\"async\" width=\"1024\" height=\"705\" src=\"https:\/\/r4sgroup.com\/wp-content\/uploads\/2024\/04\/Foto_001-1024x705.jpg\" alt=\"\" class=\"wp-image-9266\" srcset=\"https:\/\/r4sgroup.com\/wp-content\/uploads\/2024\/04\/Foto_001-1024x705.jpg 1024w, https:\/\/r4sgroup.com\/wp-content\/uploads\/2024\/04\/Foto_001-300x207.jpg 300w, https:\/\/r4sgroup.com\/wp-content\/uploads\/2024\/04\/Foto_001-768x529.jpg 768w, https:\/\/r4sgroup.com\/wp-content\/uploads\/2024\/04\/Foto_001-1536x1057.jpg 1536w, https:\/\/r4sgroup.com\/wp-content\/uploads\/2024\/04\/Foto_001-2048x1410.jpg 2048w\" sizes=\"auto, (max-width: 1024px) 100vw, 1024px\" \/><\/figure>\n\n\n\n<div style=\"height:45px\" aria-hidden=\"true\" class=\"wp-block-spacer\"><\/div>\n\n\n\n<div class=\"wp-block-columns alignwide is-layout-flex wp-container-core-columns-is-layout-28f84493 wp-block-columns-is-layout-flex\">\n<div class=\"wp-block-column is-layout-flow wp-block-column-is-layout-flow\">\n<h3 class=\"wp-block-heading\"><strong>De la estrategia a la acci\u00f3n corporativa.<\/strong><\/h3>\n\n\n\n<p>Nuestra experiencia de trabajo con m\u00e1s de 250 organizaciones en Espa\u00f1a, LATAM y \u00c1frica, fundamentada en contribuir a generar propuestas de valor corporativas basadas en la sostenibilidad, nos ha demostrado que, para lograrlo, si bien la estrategia resulta ser condici\u00f3n necesaria, \u00e9sta no es suficiente. Quienes la despliegan y la hacen realidad son las personas. Son ellas las que, apalancadas en herramientas, como pueden ser las tecnol\u00f3gicas, por ejemplo, generan el cambio. Es por ello que, siendo fieles a nuestro prop\u00f3sito y redoblando la apuesta de negocio a su favor, R4S se erige como co-fundadora y socio estrat\u00e9gico de Skills4Impact; hecho que materializa nuestra visi\u00f3n corporativa y nos invita a seguir elev\u00e1ndola en el horizonte.<\/p>\n<\/div>\n\n\n\n<div class=\"wp-block-column is-layout-flow wp-block-column-is-layout-flow\">\n<p>Skills4Impact ofrece una formaci\u00f3n pionera basada en aprendizajes que permite a personas y organizaciones actualizar las habilidades y los conocimientos en sostenibilidad y acci\u00f3n clim\u00e1tica para hacer frente a los mayores retos del presente y futuro del planeta y de las empresas.<br><br>Diferenci\u00e1ndose de la educaci\u00f3n superior tradicional y de los programas masivos bajo demanda, Skills4Impact ofrece cursos y bootcamps de educaci\u00f3n innovadora, apalancados en tecnolog\u00eda y basados en un formato de cohortes que entregan una experiencia de aprendizaje transformadora y orientada a resultados; dirigida por expertos del sector y dentro de una comunidad de colaboraci\u00f3n.<\/p>\n<\/div>\n<\/div>\n\n\n\n<p><\/p>\n\n\n\n<div class=\"wp-block-buttons is-layout-flex wp-block-buttons-is-layout-flex\">\n<div class=\"wp-block-button aligncenter is-style-link-arrow-right\"><a class=\"wp-block-button__link has-dark-grey-40-color has-white-background-color has-text-color has-background has-extra-small-font-size has-custom-font-size wp-element-button\" href=\"https:\/\/skills4impact.org\" target=\"_blank\" rel=\"noreferrer noopener\">Saber m\u00e1s<\/a><\/div>\n<\/div>\n\n\n\n<div style=\"height:70px\" aria-hidden=\"true\" class=\"wp-block-spacer\"><\/div>\n","protected":false},"excerpt":{"rendered":"<p>Academia pionera en sostenibilidad y acci\u00f3n clim\u00e1tica De la estrategia a la acci\u00f3n corporativa. Nuestra experiencia de trabajo con m\u00e1s de 250 organizaciones en Espa\u00f1a, LATAM y \u00c1frica, fundamentada en contribuir a generar propuestas de valor corporativas basadas en la sostenibilidad, nos ha demostrado que, para lograrlo, si bien la estrategia resulta ser condici\u00f3n necesaria, &hellip; <a href=\"https:\/\/r4sgroup.com\/es\/academia\/\">Continuar<\/a><\/p>\n","protected":false},"author":1,"featured_media":9049,"parent":0,"menu_order":0,"comment_status":"closed","ping_status":"closed","template":"","meta":{"_acf_changed":false,"footnotes":""},"class_list":["post-9031","page","type-page","status-publish","has-post-thumbnail","hentry"],"acf":[],"_links":{"self":[{"href":"https:\/\/r4sgroup.com\/es\/wp-json\/wp\/v2\/pages\/9031","targetHints":{"allow":["GET"]}}],"collection":[{"href":"https:\/\/r4sgroup.com\/es\/wp-json\/wp\/v2\/pages"}],"about":[{"href":"https:\/\/r4sgroup.com\/es\/wp-json\/wp\/v2\/types\/page"}],"author":[{"embeddable":true,"href":"https:\/\/r4sgroup.com\/es\/wp-json\/wp\/v2\/users\/1"}],"replies":[{"embeddable":true,"href":"https:\/\/r4sgroup.com\/es\/wp-json\/wp\/v2\/comments?post=9031"}],"version-history":[{"count":3,"href":"https:\/\/r4sgroup.com\/es\/wp-json\/wp\/v2\/pages\/9031\/revisions"}],"predecessor-version":[{"id":12628,"href":"https:\/\/r4sgroup.com\/es\/wp-json\/wp\/v2\/pages\/9031\/revisions\/12628"}],"wp:featuredmedia":[{"embeddable":true,"href":"https:\/\/r4sgroup.com\/es\/wp-json\/wp\/v2\/media\/9049"}],"wp:attachment":[{"href":"https:\/\/r4sgroup.com\/es\/wp-json\/wp\/v2\/media?parent=9031"}],"curies":[{"name":"wp","href":"https:\/\/api.w.org\/{rel}","templated":true}]}}